{"id":1176,"date":"2024-11-02T09:56:30","date_gmt":"2024-11-02T09:56:30","guid":{"rendered":"http:\/\/www.kriesi.at\/themes\/enfold\/?page_id=1176"},"modified":"2025-12-12T15:46:48","modified_gmt":"2025-12-12T15:46:48","slug":"pricing","status":"publish","type":"page","link":"https:\/\/marinanoufontana.es\/en\/marina-nou-fontana\/pricing\/","title":{"rendered":"Tarifas"},"content":{"rendered":"<h4 style=\"text-align: justify;\"><span style=\"color: #33cccc;\">Tarifas<\/span><\/h4>\n<p style=\"text-align: justify;\"><strong>Los servicios de los puertos se rigen por unas tarifas aprobadas por la administraci\u00f3n, donde se recogen los precios de cada uno de ellos:<\/strong><\/p>\n<p><span style=\"color: #33cccc;\"><b>Las Tarifas de alquiler aprobadas por Conselleria son las siguientes:<\/b><\/span><\/p>\n<p>CANAL:<\/p>\n<ul>\n<li>Estancia y atraque de embarcaciones a flote en amarres de uso p\u00fablico de base:\n<ul>\n<li>Temporada baja: 0,64 euros\/m2\/d\u00eda + IVA<\/li>\n<li>Temporada alta (meses de julio a septiembre): 1,07 euros\/m2\/d\u00eda + IVA<\/li>\n<\/ul>\n<\/li>\n<li>Estancia y atraque de embarcaciones a flote en amarres de uso p\u00fablico de tr\u00e1nsito:\n<ul>\n<li>Temporada baja: 1,30 euros\/m2\/d\u00eda + IVA<\/li>\n<li>Temporada alta (meses de julio a septiembre): 2,15 euros\/m2\/d\u00eda + IVA<\/li>\n<\/ul>\n<\/li>\n<\/ul>\n<p>MARINA INTERIOR:<\/p>\n<ul>\n<li>Estancia y atraque de embarcaciones a flote en amarres de uso p\u00fablico de base:\n<ul>\n<li style=\"list-style-type: none;\">\n<ul>\n<li>Temporada baja: 0,70 euros\/m2\/d\u00eda + IVA<\/li>\n<li>Temporada alta (meses de julio a septiembre): 1,16 euros\/m2\/d\u00eda + IVA.<\/li>\n<\/ul>\n<\/li>\n<\/ul>\n<\/li>\n<\/ul>\n<ul>\n<li style=\"list-style-type: none;\">\n<ul>\n<li>Estancia y atraque de embarcaciones a flote en amarres de uso p\u00fablico de tr\u00e1nsito:\n<ul>\n<li>Temporada baja: 1,39 euros\/m2\/d\u00eda + IVA<\/li>\n<li>Temporada alta (meses de julio a septiembre): 2,31 euros\/m2\/d\u00eda + IVA.<\/li>\n<\/ul>\n<\/li>\n<\/ul>\n<\/li>\n<\/ul>\n<p>&#8211; En relaci\u00f3n a la tarifa de mantenimiento, la Conselleria de Infraestructuras ha aprobado la siguiente tarifa:<\/p>\n<ul>\n<li>Estancia y atraque de embarcaciones a flote en amarres de uso preferente:\n<ul>\n<li>CANAL: 121,03 euros\/m2\/a\u00f1o + IVA.<\/li>\n<li>MARINA INTERIOR: 128,01 euros\/m2\/a\u00f1o + IVA.<\/li>\n<\/ul>\n<\/li>\n<\/ul>\n<p style=\"text-align: justify;\">Mediante la facturaci\u00f3n de las tarifas se generan los recursos para el mantenimiento de los puertos, ya que estas se calculan mediante un estudio espec\u00edfico dentro de los proyectos, donde se recogen todas las partidas de gastos de la instalaci\u00f3n.<\/p>\n<p style=\"text-align: justify;\">En el caso de la Cesi\u00f3n de Uso Preferente (Venta) el precio lo establece el Concesionario seg\u00fan su Estudio de Viabilidad.<\/p>\n<p style=\"text-align: justify;\">Para m\u00e1s informaci\u00f3n de tarifas y descuentos p\u00f3ngase en <a href=\"http:\/\/marinanoufontana.es\/?page_id=1167\">contacto<\/a> con nosotros.<\/p>\n","protected":false},"excerpt":{"rendered":"<p>Tarifas Los servicios de los puertos se rigen por unas tarifas aprobadas por la administraci\u00f3n, donde se recogen los precios de cada uno de ellos: Las Tarifas de alquiler aprobadas por Conselleria son las siguientes: CANAL: Estancia y atraque de embarcaciones a flote en amarres&#8230;<\/p>\n","protected":false},"author":1,"featured_media":0,"parent":3069,"menu_order":0,"comment_status":"open","ping_status":"closed","template":"","meta":{"footnotes":""},"class_list":["post-1176","page","type-page","status-publish","hentry"],"_links":{"self":[{"href":"https:\/\/marinanoufontana.es\/en\/wp-json\/wp\/v2\/pages\/1176","targetHints":{"allow":["GET"]}}],"collection":[{"href":"https:\/\/marinanoufontana.es\/en\/wp-json\/wp\/v2\/pages"}],"about":[{"href":"https:\/\/marinanoufontana.es\/en\/wp-json\/wp\/v2\/types\/page"}],"author":[{"embeddable":true,"href":"https:\/\/marinanoufontana.es\/en\/wp-json\/wp\/v2\/users\/1"}],"replies":[{"embeddable":true,"href":"https:\/\/marinanoufontana.es\/en\/wp-json\/wp\/v2\/comments?post=1176"}],"version-history":[{"count":12,"href":"https:\/\/marinanoufontana.es\/en\/wp-json\/wp\/v2\/pages\/1176\/revisions"}],"predecessor-version":[{"id":354639,"href":"https:\/\/marinanoufontana.es\/en\/wp-json\/wp\/v2\/pages\/1176\/revisions\/354639"}],"up":[{"embeddable":true,"href":"https:\/\/marinanoufontana.es\/en\/wp-json\/wp\/v2\/pages\/3069"}],"wp:attachment":[{"href":"https:\/\/marinanoufontana.es\/en\/wp-json\/wp\/v2\/media?parent=1176"}],"curies":[{"name":"wp","href":"https:\/\/api.w.org\/{rel}","templated":true}]}}