{"id":3107,"date":"2014-06-20T10:33:25","date_gmt":"2014-06-20T10:33:25","guid":{"rendered":"http:\/\/marinanoufontana.es\/?page_id=3107"},"modified":"2025-12-17T07:04:02","modified_gmt":"2025-12-17T07:04:02","slug":"quienes-somos","status":"publish","type":"page","link":"https:\/\/marinanoufontana.es\/en\/quienes-somos\/","title":{"rendered":"Quienes somos"},"content":{"rendered":"<div class=\"wpb-content-wrapper\"><p>[vc_row row_type=&#8221;row&#8221; use_row_as_full_screen_section=&#8221;no&#8221; type=&#8221;full_width&#8221; text_align=&#8221;left&#8221; box_shadow_on_row=&#8221;no&#8221;][vc_column][vc_empty_space height=&#8221;60px&#8221; image_repeat=&#8221;no-repeat&#8221;][\/vc_column][\/vc_row][vc_row row_type=&#8221;row&#8221; use_row_as_full_screen_section=&#8221;no&#8221; type=&#8221;grid&#8221; text_align=&#8221;left&#8221; box_shadow_on_row=&#8221;no&#8221;][vc_column][vc_row_inner row_type=&#8221;row&#8221; type=&#8221;full_width&#8221; use_row_as_full_screen_section_slide=&#8221;no&#8221; text_align=&#8221;left&#8221; box_shadow_on_row=&#8221;no&#8221;][vc_column_inner width=&#8221;1\/2&#8243;][vc_text_separator title=&#8221;&#8221; text_in_box=&#8221;no&#8221; text_position=&#8221;left&#8221; box_padding=&#8221;0&#8243; line_color=&#8221;#0a0a0a&#8221; line_width=&#8221;43&#8243; animation=&#8221;default&#8221; line_thickness=&#8221;1&#8243; line_border_style=&#8221;solid&#8221; up=&#8221;5&#8243; down=&#8221;4&#8243; line_dots=&#8221;no&#8221;][vc_column_text]<\/p>\n<h5>\u00a0 01<\/h5>\n<p>[\/vc_column_text][vc_text_separator title=&#8221;&#8221; text_in_box=&#8221;no&#8221; text_position=&#8221;left&#8221; box_padding=&#8221;0&#8243; line_color=&#8221;#0a0a0a&#8221; line_width=&#8221;43&#8243; animation=&#8221;default&#8221; line_thickness=&#8221;1&#8243; line_border_style=&#8221;solid&#8221; up=&#8221;5&#8243; down=&#8221;5&#8243; line_dots=&#8221;no&#8221;][vc_column_text css=&#8221;&#8221;]<\/p>\n<h6>Qui\u00e9nes somos<\/h6>\n<p>[\/vc_column_text][vc_separator type=&#8221;transparent&#8221; up=&#8221;35&#8243; up_style=&#8221;px&#8221; down=&#8221;0&#8243; down_style=&#8221;px&#8221;][vc_column_text css=&#8221;&#8221;]<span style=\"color: #33cccc;\"><strong>Marina Nou Fontana <\/strong><span style=\"color: #000000;\">es la empresa concesionaria que, desde el 13 de JUlio del a\u00f1o 2024, gestiona el puerto deportivo interior de J\u00e1vea, con 93 amarres. Los barcos salen del canal de la Fontana hacia el mar.<\/span><\/span><\/p>\n<p>&nbsp;<\/p>\n<p><span style=\"color: #33cccc;\"><strong>Marina Nou Fontana<\/strong><\/span>, e<span class=\"Y2IQFc\" lang=\"es\">sta concesi\u00f3n tambi\u00e9n es responsable del proyecto de desarrollo del Canal de la Fontana (J\u00e1vea-Alicante) para instalaciones n\u00e1uticas y deportivas, as\u00ed como de su futura gesti\u00f3n, con un plazo de concesi\u00f3n de 30 a\u00f1os. Todo ello en el marco del contrato que firm\u00e9 con la Consejer\u00eda de Infraestructuras el 28 de noviembre de 2014.<\/span><\/p>\n<p>&nbsp;<\/p>\n<p><span class=\"Y2IQFc\" lang=\"es\">Nuestra intenci\u00f3n es aprovechar la experiencia acumulada durante a\u00f1os para convertirnos en un referente para los amantes del mar que vienen a disfrutar de nuestras instalaciones.<\/span><\/p>\n<p>&nbsp;<\/p>\n<p><span class=\"Y2IQFc\" lang=\"es\"><strong><span style=\"color: #33cccc;\"><span style=\"color: #33cccc;\">L<\/span>a misi\u00f3n<\/span> <\/strong>de este equipo experimentado es garantizar la m\u00e1xima satisfacci\u00f3n del cliente durante todo el a\u00f1o. Est\u00e1 formado por los siguientes profesionales:<\/span>[\/vc_column_text][vc_separator type=&#8221;transparent&#8221; up=&#8221;30&#8243; up_style=&#8221;px&#8221; down=&#8221;0&#8243; down_style=&#8221;px&#8221;][\/vc_column_inner][vc_column_inner width=&#8221;1\/2&#8243;][vc_empty_space height=&#8221;120px&#8221; image_repeat=&#8221;no-repeat&#8221;][vc_single_image image=&#8221;350128&#8243; img_size=&#8221;900&#215;750&#8243;][\/vc_column_inner][\/vc_row_inner][\/vc_column][\/vc_row][vc_row row_type=&#8221;row&#8221; use_row_as_full_screen_section=&#8221;no&#8221; type=&#8221;full_width&#8221; text_align=&#8221;left&#8221; box_shadow_on_row=&#8221;no&#8221;][vc_column][vc_empty_space height=&#8221;40px&#8221; image_repeat=&#8221;no-repeat&#8221;][\/vc_column][\/vc_row][vc_row row_type=&#8221;row&#8221; use_row_as_full_screen_section=&#8221;no&#8221; type=&#8221;full_width&#8221; text_align=&#8221;left&#8221; box_shadow_on_row=&#8221;no&#8221;][vc_column][vc_row_inner row_type=&#8221;row&#8221; type=&#8221;full_width&#8221; use_row_as_full_screen_section_slide=&#8221;no&#8221; text_align=&#8221;left&#8221; box_shadow_on_row=&#8221;no&#8221;][vc_column_inner width=&#8221;1\/6&#8243; css=&#8221;.vc_custom_1460312711943{border-radius: 4px !important;}&#8221;][vc_single_image image=&#8221;349684&#8243; img_size=&#8221;200&#215;200&#8243; style=&#8221;vc_box_border_circle&#8221; border_color=&#8221;white&#8221; css=&#8221;&#8221;][vc_separator type=&#8221;transparent&#8221; up_style=&#8221;px&#8221; down_style=&#8221;px&#8221;][vc_column_text css=&#8221;&#8221;]<\/p>\n<h4 style=\"text-align: center;\">Bernardo Ferrandis<\/h4>\n<p>[\/vc_column_text][vc_separator type=&#8221;small&#8221; position=&#8221;center&#8221; color=&#8221;#33cccc&#8221; up=&#8221;25&#8243; up_style=&#8221;px&#8221; down_style=&#8221;px&#8221;][vc_column_text]<\/p>\n<h4 style=\"text-align: center;\">G\u00e9rant<\/h4>\n<p>[\/vc_column_text][vc_separator type=&#8221;transparent&#8221; up_style=&#8221;px&#8221; down_style=&#8221;px&#8221;][vc_separator type=&#8221;transparent&#8221; up_style=&#8221;px&#8221; down_style=&#8221;px&#8221;][\/vc_column_inner][vc_column_inner width=&#8221;1\/6&#8243; css=&#8221;.vc_custom_1460312794269{border-radius: 4px !important;}&#8221;][vc_single_image image=&#8221;354640&#8243; img_size=&#8221;200&#215;200&#8243; style=&#8221;vc_box_border_circle&#8221; border_color=&#8221;white&#8221; css=&#8221;&#8221;][vc_separator type=&#8221;transparent&#8221; up_style=&#8221;px&#8221; down_style=&#8221;px&#8221;][vc_column_text css=&#8221;&#8221;]<\/p>\n<h4>David Fern\u00e1ndez<\/h4>\n<p>[\/vc_column_text][vc_separator type=&#8221;small&#8221; position=&#8221;left&#8221; color=&#8221;#33cccc&#8221; up_style=&#8221;px&#8221; down_style=&#8221;px&#8221;][vc_column_text]<\/p>\n<h4><strong>Directeur Commercial<\/strong><\/h4>\n<p>[\/vc_column_text][vc_separator type=&#8221;transparent&#8221; up_style=&#8221;px&#8221; down_style=&#8221;px&#8221;][vc_separator type=&#8221;transparent&#8221; up_style=&#8221;px&#8221; down_style=&#8221;px&#8221;][\/vc_column_inner][vc_column_inner width=&#8221;1\/6&#8243; css=&#8221;.vc_custom_1460312820418{border-radius: 4px !important;}&#8221;][vc_single_image image=&#8221;353363&#8243; img_size=&#8221;200&#215;200&#8243; style=&#8221;vc_box_border_circle&#8221; border_color=&#8221;white&#8221;][vc_separator type=&#8221;transparent&#8221; up_style=&#8221;px&#8221; down_style=&#8221;px&#8221;][vc_column_text css=&#8221;&#8221;]<\/p>\n<h4>Antonio Gonz\u00e1lez<\/h4>\n<p>[\/vc_column_text][vc_separator type=&#8221;small&#8221; position=&#8221;left&#8221; color=&#8221;#33cccc&#8221; up=&#8221;25&#8243; up_style=&#8221;px&#8221; down_style=&#8221;px&#8221;][vc_column_text]<\/p>\n<h4><strong>Directeur Administratif\u00a0<\/strong><\/h4>\n<p>[\/vc_column_text][vc_separator type=&#8221;transparent&#8221; up_style=&#8221;px&#8221; down_style=&#8221;px&#8221;][vc_separator type=&#8221;transparent&#8221; up_style=&#8221;px&#8221; down_style=&#8221;px&#8221;][\/vc_column_inner][vc_column_inner width=&#8221;1\/6&#8243; css=&#8221;.vc_custom_1460312833253{border-radius: 4px !important;}&#8221;][vc_single_image image=&#8221;353946&#8243; img_size=&#8221;200&#215;200&#8243; style=&#8221;vc_box_border_circle&#8221; border_color=&#8221;white&#8221;][vc_separator type=&#8221;transparent&#8221; up_style=&#8221;px&#8221; down_style=&#8221;px&#8221;][vc_column_text]<\/p>\n<h4>Erika Asins<\/h4>\n<p>[\/vc_column_text][vc_separator type=&#8221;small&#8221; position=&#8221;left&#8221; color=&#8221;#33cccc&#8221; up_style=&#8221;px&#8221; down_style=&#8221;px&#8221;][vc_column_text]<\/p>\n<h4><strong>Administratif\u00a0<\/strong><\/h4>\n<p>[\/vc_column_text][vc_separator type=&#8221;transparent&#8221; up_style=&#8221;px&#8221; down_style=&#8221;px&#8221;][vc_separator type=&#8221;transparent&#8221; up_style=&#8221;px&#8221; down_style=&#8221;px&#8221;][\/vc_column_inner][vc_column_inner width=&#8221;1\/6&#8243; css=&#8221;.vc_custom_1460312845594{border-radius: 4px !important;}&#8221;][vc_single_image image=&#8221;354643&#8243; img_size=&#8221;200&#215;200&#8243; style=&#8221;vc_box_border_circle&#8221; border_color=&#8221;white&#8221; css=&#8221;&#8221;][vc_separator type=&#8221;transparent&#8221; up_style=&#8221;px&#8221; down_style=&#8221;px&#8221;][vc_column_text css=&#8221;&#8221;]<\/p>\n<h4>Ana Montero<\/h4>\n<p>[\/vc_column_text][vc_separator type=&#8221;small&#8221; position=&#8221;left&#8221; color=&#8221;#33cccc&#8221; up_style=&#8221;px&#8221; down_style=&#8221;px&#8221;][vc_column_text]<\/p>\n<h4><strong>R\u00e9ception<\/strong><\/h4>\n<p>[\/vc_column_text][vc_separator type=&#8221;transparent&#8221; up_style=&#8221;px&#8221; down_style=&#8221;px&#8221;][vc_separator type=&#8221;transparent&#8221; up_style=&#8221;px&#8221; down_style=&#8221;px&#8221;][\/vc_column_inner][\/vc_row_inner][vc_empty_space height=&#8221;40px&#8221; image_repeat=&#8221;no-repeat&#8221;][vc_row_inner row_type=&#8221;row&#8221; type=&#8221;full_width&#8221; use_row_as_full_screen_section_slide=&#8221;no&#8221; text_align=&#8221;left&#8221; box_shadow_on_row=&#8221;no&#8221;][vc_column_inner width=&#8221;1\/6&#8243;][vc_single_image image=&#8221;349698&#8243; img_size=&#8221;200&#215;200&#8243; style=&#8221;vc_box_border_circle&#8221; border_color=&#8221;white&#8221;][vc_separator type=&#8221;transparent&#8221; up_style=&#8221;px&#8221; down_style=&#8221;px&#8221;][vc_column_text]<\/p>\n<h4>Jos\u00e9 Mar\u00eda Puig<\/h4>\n<p>[\/vc_column_text][vc_separator type=&#8221;small&#8221; position=&#8221;left&#8221; color=&#8221;#33cccc&#8221; up=&#8221;25&#8243; up_style=&#8221;px&#8221; down_style=&#8221;px&#8221;][vc_column_text css=&#8221;&#8221;]<\/p>\n<h2><strong><span style=\"color: #33cccc;\">CONTRE-MEILLEUR<\/span><\/strong><\/h2>\n<p>[\/vc_column_text][vc_separator type=&#8221;transparent&#8221; up_style=&#8221;px&#8221; down_style=&#8221;px&#8221;][\/vc_column_inner][vc_column_inner width=&#8221;1\/6&#8243;][vc_single_image img_size=&#8221;200&#215;200&#8243; style=&#8221;vc_box_border_circle&#8221; border_color=&#8221;white&#8221; css=&#8221;&#8221;][vc_separator type=&#8221;transparent&#8221; up_style=&#8221;px&#8221; down_style=&#8221;px&#8221;][vc_column_text css=&#8221;&#8221;]<\/p>\n<h4>Juan Lertora<\/h4>\n<p>[\/vc_column_text][vc_separator type=&#8221;small&#8221; position=&#8221;left&#8221; color=&#8221;#33cccc&#8221; up_style=&#8221;px&#8221; down_style=&#8221;px&#8221;][vc_column_text]<\/p>\n<h4><strong>Responsable Marin\u00a0<\/strong><\/h4>\n<p>[\/vc_column_text][vc_separator type=&#8221;transparent&#8221; up_style=&#8221;px&#8221; down_style=&#8221;px&#8221;][vc_separator type=&#8221;transparent&#8221; up_style=&#8221;px&#8221; down_style=&#8221;px&#8221;][\/vc_column_inner][vc_column_inner width=&#8221;1\/6&#8243;][vc_single_image image=&#8221;349673&#8243; img_size=&#8221;200&#215;200&#8243; style=&#8221;vc_box_border_circle&#8221; border_color=&#8221;white&#8221;][vc_separator type=&#8221;transparent&#8221; up_style=&#8221;px&#8221; down_style=&#8221;px&#8221;][vc_column_text]<\/p>\n<h4>\u00c1ngel Alpuente<\/h4>\n<p>[\/vc_column_text][vc_separator type=&#8221;small&#8221; position=&#8221;left&#8221; color=&#8221;#33cccc&#8221; up=&#8221;25&#8243; up_style=&#8221;px&#8221; down_style=&#8221;px&#8221;][vc_column_text css=&#8221;&#8221;]<\/p>\n<h4>Responsable maintenance<\/h4>\n<p>[\/vc_column_text][vc_separator type=&#8221;transparent&#8221; up_style=&#8221;px&#8221; down_style=&#8221;px&#8221;][vc_separator type=&#8221;transparent&#8221; up_style=&#8221;px&#8221; down_style=&#8221;px&#8221;][vc_separator type=&#8221;transparent&#8221; up_style=&#8221;px&#8221; down_style=&#8221;px&#8221;][\/vc_column_inner][vc_column_inner width=&#8221;1\/6&#8243;][vc_single_image img_size=&#8221;200&#215;200&#8243; style=&#8221;vc_box_border_circle&#8221; border_color=&#8221;white&#8221; css=&#8221;&#8221;][vc_separator type=&#8221;transparent&#8221; up_style=&#8221;px&#8221; down_style=&#8221;px&#8221;][vc_column_text css=&#8221;&#8221;]<\/p>\n<h4>Massimo Campanini<\/h4>\n<p>[\/vc_column_text][vc_separator type=&#8221;small&#8221; position=&#8221;left&#8221; color=&#8221;#33cccc&#8221; up=&#8221;25&#8243; up_style=&#8221;px&#8221; down_style=&#8221;px&#8221;][vc_column_text css=&#8221;&#8221;]<strong>Marin<\/strong>[\/vc_column_text][vc_separator type=&#8221;transparent&#8221; up_style=&#8221;px&#8221; down_style=&#8221;px&#8221;][vc_separator type=&#8221;transparent&#8221; up_style=&#8221;px&#8221; down_style=&#8221;px&#8221;][\/vc_column_inner][vc_column_inner width=&#8221;1\/6&#8243;][vc_single_image image=&#8221;353317&#8243; img_size=&#8221;200&#215;200&#8243; style=&#8221;vc_box_border_circle&#8221; border_color=&#8221;white&#8221;][vc_separator type=&#8221;transparent&#8221; up_style=&#8221;px&#8221; down_style=&#8221;px&#8221;][vc_column_text]<\/p>\n<h4>Antonio Cerd\u00e1n<\/h4>\n<p>[\/vc_column_text][vc_separator type=&#8221;small&#8221; position=&#8221;left&#8221; color=&#8221;#33cccc&#8221; up=&#8221;25&#8243; up_style=&#8221;px&#8221; down_style=&#8221;px&#8221;][vc_column_text]<\/p>\n<h4><strong>Marin<\/strong><\/h4>\n<p>[\/vc_column_text][vc_column_text css=&#8221;&#8221;][\/vc_column_text][vc_separator type=&#8221;transparent&#8221; up_style=&#8221;px&#8221; down_style=&#8221;px&#8221;][vc_separator type=&#8221;transparent&#8221; up_style=&#8221;px&#8221; down_style=&#8221;px&#8221;][\/vc_column_inner][\/vc_row_inner][vc_empty_space height=&#8221;40px&#8221; image_repeat=&#8221;no-repeat&#8221;][vc_row_inner row_type=&#8221;row&#8221; type=&#8221;full_width&#8221; use_row_as_full_screen_section_slide=&#8221;no&#8221; text_align=&#8221;left&#8221; box_shadow_on_row=&#8221;no&#8221;][vc_column_inner width=&#8221;1\/6&#8243;][vc_single_image image=&#8221;353945&#8243; img_size=&#8221;200&#215;200&#8243; style=&#8221;vc_box_border_circle&#8221; border_color=&#8221;white&#8221;][vc_separator type=&#8221;transparent&#8221; up_style=&#8221;px&#8221; down_style=&#8221;px&#8221;][vc_column_text]<\/p>\n<h4>Eduardo Martinez<\/h4>\n<p>[\/vc_column_text][vc_separator type=&#8221;small&#8221; position=&#8221;left&#8221; color=&#8221;#33cccc&#8221; up=&#8221;25&#8243; up_style=&#8221;px&#8221; down_style=&#8221;px&#8221;][vc_column_text]<\/p>\n<h4><strong>Surveillance<\/strong><\/h4>\n<p>[\/vc_column_text][vc_separator type=&#8221;transparent&#8221; up_style=&#8221;px&#8221; down_style=&#8221;px&#8221;][vc_separator type=&#8221;transparent&#8221; up_style=&#8221;px&#8221; down_style=&#8221;px&#8221;][\/vc_column_inner][vc_column_inner width=&#8221;1\/6&#8243;][vc_single_image img_size=&#8221;200&#215;200&#8243; style=&#8221;vc_box_border_circle&#8221; border_color=&#8221;white&#8221; css=&#8221;&#8221;][vc_separator type=&#8221;transparent&#8221; up_style=&#8221;px&#8221; down_style=&#8221;px&#8221;][vc_column_text css=&#8221;&#8221;]<\/p>\n<h4>Ra\u00fal Vela<\/h4>\n<p>[\/vc_column_text][vc_separator type=&#8221;small&#8221; position=&#8221;left&#8221; color=&#8221;#33cccc&#8221; up_style=&#8221;px&#8221; down_style=&#8221;px&#8221;][vc_column_text]<\/p>\n<h4><strong>Surveillance<\/strong><\/h4>\n<p>[\/vc_column_text][vc_separator type=&#8221;transparent&#8221; up_style=&#8221;px&#8221; down_style=&#8221;px&#8221;][vc_separator type=&#8221;transparent&#8221; up_style=&#8221;px&#8221; down_style=&#8221;px&#8221;][\/vc_column_inner][vc_column_inner width=&#8221;1\/6&#8243;][\/vc_column_inner][vc_column_inner width=&#8221;1\/6&#8243;][\/vc_column_inner][vc_column_inner width=&#8221;1\/6&#8243;][\/vc_column_inner][\/vc_row_inner][\/vc_column][\/vc_row]<\/p>\n<\/div>","protected":false},"excerpt":{"rendered":"<p>[vc_row row_type=&#8221;row&#8221; use_row_as_full_screen_section=&#8221;no&#8221; type=&#8221;full_width&#8221; text_align=&#8221;left&#8221; box_shadow_on_row=&#8221;no&#8221;][vc_column][vc_empty_space height=&#8221;60px&#8221; image_repeat=&#8221;no-repeat&#8221;][\/vc_column][\/vc_row][vc_row row_type=&#8221;row&#8221; use_row_as_full_screen_section=&#8221;no&#8221; type=&#8221;grid&#8221; text_align=&#8221;left&#8221; box_shadow_on_row=&#8221;no&#8221;][vc_column][vc_row_inner row_type=&#8221;row&#8221; type=&#8221;full_width&#8221; use_row_as_full_screen_section_slide=&#8221;no&#8221; text_align=&#8221;left&#8221; box_shadow_on_row=&#8221;no&#8221;][vc_column_inner width=&#8221;1\/2&#8243;][vc_text_separator title=&#8221;&#8221; text_in_box=&#8221;no&#8221; text_position=&#8221;left&#8221; box_padding=&#8221;0&#8243; line_color=&#8221;#0a0a0a&#8221; line_width=&#8221;43&#8243; animation=&#8221;default&#8221; line_thickness=&#8221;1&#8243; line_border_style=&#8221;solid&#8221; up=&#8221;5&#8243; down=&#8221;4&#8243; line_dots=&#8221;no&#8221;][vc_column_text] \u00a0 01 [\/vc_column_text][vc_text_separator title=&#8221;&#8221; text_in_box=&#8221;no&#8221; text_position=&#8221;left&#8221; box_padding=&#8221;0&#8243; line_color=&#8221;#0a0a0a&#8221; line_width=&#8221;43&#8243; animation=&#8221;default&#8221; line_thickness=&#8221;1&#8243; line_border_style=&#8221;solid&#8221; up=&#8221;5&#8243; down=&#8221;5&#8243;&#8230;<\/p>\n","protected":false},"author":1,"featured_media":0,"parent":0,"menu_order":0,"comment_status":"open","ping_status":"open","template":"","meta":{"footnotes":""},"class_list":["post-3107","page","type-page","status-publish","hentry"],"_links":{"self":[{"href":"https:\/\/marinanoufontana.es\/en\/wp-json\/wp\/v2\/pages\/3107","targetHints":{"allow":["GET"]}}],"collection":[{"href":"https:\/\/marinanoufontana.es\/en\/wp-json\/wp\/v2\/pages"}],"about":[{"href":"https:\/\/marinanoufontana.es\/en\/wp-json\/wp\/v2\/types\/page"}],"author":[{"embeddable":true,"href":"https:\/\/marinanoufontana.es\/en\/wp-json\/wp\/v2\/users\/1"}],"replies":[{"embeddable":true,"href":"https:\/\/marinanoufontana.es\/en\/wp-json\/wp\/v2\/comments?post=3107"}],"version-history":[{"count":88,"href":"https:\/\/marinanoufontana.es\/en\/wp-json\/wp\/v2\/pages\/3107\/revisions"}],"predecessor-version":[{"id":354671,"href":"https:\/\/marinanoufontana.es\/en\/wp-json\/wp\/v2\/pages\/3107\/revisions\/354671"}],"wp:attachment":[{"href":"https:\/\/marinanoufontana.es\/en\/wp-json\/wp\/v2\/media?parent=3107"}],"curies":[{"name":"wp","href":"https:\/\/api.w.org\/{rel}","templated":true}]}}