{"id":348480,"date":"2016-03-01T18:12:59","date_gmt":"2016-03-01T18:12:59","guid":{"rendered":"http:\/\/marinanoufontana.es\/?page_id=348480"},"modified":"2025-12-12T12:58:44","modified_gmt":"2025-12-12T12:58:44","slug":"bocananorte","status":"publish","type":"page","link":"https:\/\/marinanoufontana.es\/en\/bocananorte\/","title":{"rendered":"Bocana Norte"},"content":{"rendered":"<div class=\"wpb-content-wrapper\"><p>[vc_row row_type=&#8221;row&#8221; use_row_as_full_screen_section=&#8221;no&#8221; type=&#8221;grid&#8221; text_align=&#8221;left&#8221; box_shadow_on_row=&#8221;no&#8221;][vc_column][vc_column_text]<img loading=\"lazy\" decoding=\"async\" class=\"wp-image-5491 aligncenter\" src=\"http:\/\/marinanoufontana.es\/wp-content\/uploads\/2016\/02\/LOGO-MARINA-NOU-FONTANA.png\" alt=\"LOGO-MARINA-NOU-FONTANA\" width=\"264\" height=\"116\" \/><\/p>\n<h5 style=\"text-align: center;\">[vc_separator type=&#8221;transparent&#8221; position=&#8221;center&#8221; color=&#8221;&#8221; border_style=&#8221;dashed&#8221; width=&#8221;&#8221; thickness=&#8221;&#8221; up=&#8221;&#8221; down=&#8221;15&#8243;]ESTADO DE AVANCE DE LAS OBRAS DE ADECUACI\u00d3N BOCANA NORTE<\/h5>\n<p>[\/vc_column_text][vc_empty_space image_repeat=&#8221;no-repeat&#8221;][vc_row_inner row_type=&#8221;row&#8221; type=&#8221;full_width&#8221; use_row_as_full_screen_section_slide=&#8221;no&#8221; text_align=&#8221;left&#8221; box_shadow_on_row=&#8221;no&#8221;][vc_column_inner width=&#8221;1\/4&#8243;][vc_single_image image=&#8221;348481&#8243; img_size=&#8221;medium&#8221; onclick=&#8221;link_image&#8221;][vc_empty_space image_repeat=&#8221;no-repeat&#8221;][vc_single_image image=&#8221;348496&#8243; img_size=&#8221;medium&#8221; onclick=&#8221;link_image&#8221;][\/vc_column_inner][vc_column_inner width=&#8221;1\/4&#8243;][vc_single_image image=&#8221;348497&#8243; img_size=&#8221;medium&#8221; onclick=&#8221;link_image&#8221;][vc_empty_space image_repeat=&#8221;no-repeat&#8221;][vc_single_image image=&#8221;348493&#8243; img_size=&#8221;medium&#8221; onclick=&#8221;link_image&#8221;][\/vc_column_inner][vc_column_inner width=&#8221;1\/4&#8243;][vc_single_image image=&#8221;348494&#8243; img_size=&#8221;medium&#8221; onclick=&#8221;link_image&#8221;][vc_empty_space image_repeat=&#8221;no-repeat&#8221;][vc_single_image image=&#8221;348498&#8243; img_size=&#8221;medium&#8221; onclick=&#8221;link_image&#8221;][\/vc_column_inner][vc_column_inner width=&#8221;1\/4&#8243;][vc_single_image image=&#8221;348500&#8243; img_size=&#8221;medium&#8221; onclick=&#8221;link_image&#8221;][\/vc_column_inner][\/vc_row_inner][\/vc_column][\/vc_row][vc_row row_type=&#8221;row&#8221; use_row_as_full_screen_section=&#8221;no&#8221; type=&#8221;grid&#8221; text_align=&#8221;left&#8221; box_shadow_on_row=&#8221;no&#8221;][vc_column width=&#8221;1\/2&#8243; css=&#8221;.vc_custom_1456777798945{margin-left: 40px !important;padding-top: 20px !important;padding-right: 20px !important;padding-bottom: 20px !important;padding-left: 20px !important;border-radius: 3px !important;}&#8221;][vc_empty_space image_repeat=&#8221;no-repeat&#8221;][vc_column_text]<\/p>\n<h6 style=\"text-align: left;\">CONTACTE CON NOSOTROS<\/h6>\n<p>[\/vc_column_text][vc_column_text]<strong>Tel\u00e9fonos:<\/strong><\/p>\n<ul>\n<li>Oficinas Centrales en Valencia 96 334 05 00<\/li>\n<li>Bernardo Ferrandis 645 11 27 78 RESPONSABLE DE ATENCI\u00d3N AL CLIENTE<\/li>\n<li>David Burriel 639 97 96 19 DIRECTOR DE EXPLOTACI\u00d3N<\/li>\n<li>Juan Fontes 629 08 10 29 GERENTE<\/li>\n<li>Ricardo Burriel 610 95 24 65 DIRECTOR COMERCIAL<\/li>\n<li>606 72 30 95 &#8211; 616 28 87 25 MARINER\u00cdA<\/li>\n<\/ul>\n<p><strong>E-mail:<\/strong> <a href=\"mailto:informacion@marinanoufontana.com\">informacion<\/a><a href=\"mailto:informacion@marinanoufontana.com\">@marinanoufontana.com<\/a><\/p>\n<p><strong>Oficinas:<\/strong> Calle Burdeos 2, 03730 J\u00e1vea. Abiertas todos los d\u00edas, de 09:30-14:00 y de 16:30-20:00, excepto Domingos y festivos que permanecer\u00e1n cerradas.[\/vc_column_text][\/vc_column][vc_column width=&#8221;1\/2&#8243;][\/vc_column][\/vc_row][vc_row row_type=&#8221;row&#8221; use_row_as_full_screen_section=&#8221;no&#8221; type=&#8221;full_width&#8221; text_align=&#8221;left&#8221; box_shadow_on_row=&#8221;no&#8221;][vc_column][vc_empty_space height=&#8221;50&#8243; image_repeat=&#8221;no-repeat&#8221;][\/vc_column][\/vc_row]<\/p>\n<\/div>","protected":false},"excerpt":{"rendered":"<p>[vc_row row_type=&#8221;row&#8221; use_row_as_full_screen_section=&#8221;no&#8221; type=&#8221;grid&#8221; text_align=&#8221;left&#8221; box_shadow_on_row=&#8221;no&#8221;][vc_column][vc_column_text] [vc_separator type=&#8221;transparent&#8221; position=&#8221;center&#8221; color=&#8221;&#8221; border_style=&#8221;dashed&#8221; width=&#8221;&#8221; thickness=&#8221;&#8221; up=&#8221;&#8221; down=&#8221;15&#8243;]ESTADO DE AVANCE DE LAS OBRAS DE ADECUACI\u00d3N BOCANA NORTE [\/vc_column_text][vc_empty_space image_repeat=&#8221;no-repeat&#8221;][vc_row_inner row_type=&#8221;row&#8221; type=&#8221;full_width&#8221; use_row_as_full_screen_section_slide=&#8221;no&#8221; text_align=&#8221;left&#8221; box_shadow_on_row=&#8221;no&#8221;][vc_column_inner width=&#8221;1\/4&#8243;][vc_single_image image=&#8221;348481&#8243; img_size=&#8221;medium&#8221; onclick=&#8221;link_image&#8221;][vc_empty_space image_repeat=&#8221;no-repeat&#8221;][vc_single_image image=&#8221;348496&#8243; img_size=&#8221;medium&#8221; onclick=&#8221;link_image&#8221;][\/vc_column_inner][vc_column_inner width=&#8221;1\/4&#8243;][vc_single_image image=&#8221;348497&#8243; img_size=&#8221;medium&#8221; onclick=&#8221;link_image&#8221;][vc_empty_space image_repeat=&#8221;no-repeat&#8221;][vc_single_image image=&#8221;348493&#8243;&#8230;<\/p>\n","protected":false},"author":1,"featured_media":0,"parent":0,"menu_order":0,"comment_status":"open","ping_status":"closed","template":"landing_page.php","meta":{"footnotes":""},"class_list":["post-348480","page","type-page","status-publish","hentry"],"_links":{"self":[{"href":"https:\/\/marinanoufontana.es\/en\/wp-json\/wp\/v2\/pages\/348480","targetHints":{"allow":["GET"]}}],"collection":[{"href":"https:\/\/marinanoufontana.es\/en\/wp-json\/wp\/v2\/pages"}],"about":[{"href":"https:\/\/marinanoufontana.es\/en\/wp-json\/wp\/v2\/types\/page"}],"author":[{"embeddable":true,"href":"https:\/\/marinanoufontana.es\/en\/wp-json\/wp\/v2\/users\/1"}],"replies":[{"embeddable":true,"href":"https:\/\/marinanoufontana.es\/en\/wp-json\/wp\/v2\/comments?post=348480"}],"version-history":[{"count":10,"href":"https:\/\/marinanoufontana.es\/en\/wp-json\/wp\/v2\/pages\/348480\/revisions"}],"predecessor-version":[{"id":354634,"href":"https:\/\/marinanoufontana.es\/en\/wp-json\/wp\/v2\/pages\/348480\/revisions\/354634"}],"wp:attachment":[{"href":"https:\/\/marinanoufontana.es\/en\/wp-json\/wp\/v2\/media?parent=348480"}],"curies":[{"name":"wp","href":"https:\/\/api.w.org\/{rel}","templated":true}]}}