{"id":3490,"date":"2015-09-02T13:13:57","date_gmt":"2015-09-02T13:13:57","guid":{"rendered":"http:\/\/marinanoufontana.es\/?page_id=3490"},"modified":"2015-09-04T09:53:17","modified_gmt":"2015-09-04T09:53:17","slug":"cuestionario-de-satisfaccion","status":"publish","type":"page","link":"https:\/\/marinanoufontana.es\/en\/cuestionario-de-satisfaccion\/","title":{"rendered":"Cuestionario de satisfacci\u00f3n"},"content":{"rendered":"<p>[av_textblock size=&#8221; font_color=&#8221; color=&#8221;]<br \/>\n<strong>Estimado\/a amarrista, finalizada ya la temporada alta en Marina Nou Fontana-X\u00e0bia, nos gustar\u00eda agradecerle la confianza que nos ha demostrado y que nos ayudase a mejorar. Por ello le pedimos que rellene el siguiente cuestionario de satisfacci\u00f3n del cliente, que nos permitir\u00e1 identificar las \u00e1reas en las que podemos mejorar a\u00f1o a a\u00f1o para poder alcanzar nuestros objetivos de satisfacci\u00f3n del cliente y superarlos continuamente.<\/strong><\/p>\n<p>Si decide ayudarnos, entrar\u00e1 en el sorteo de varios regalos (para cuestionarios recibidos antes del 20 de septiembre):<\/p>\n<ul>\n<li>Bautismo de buceo para dos personas con el centro Cabo de la Nao<\/li>\n<li>Men\u00fa para dos personas en el Restaurante Amarre 152<\/li>\n<li>Excursi\u00f3n para dos personas en moto acu\u00e1tica con Maremoto<\/li>\n<\/ul>\n<p><img loading=\"lazy\" decoding=\"async\" class=\"alignnone size-full wp-image-4233\" src=\"http:\/\/marinanoufontana.es\/wp-content\/uploads\/2015\/09\/LOGOSMARINA.png\" alt=\"LOGOSMARINA\" width=\"600\" height=\"80\" srcset=\"https:\/\/marinanoufontana.es\/wp-content\/uploads\/2015\/09\/LOGOSMARINA.png 600w, https:\/\/marinanoufontana.es\/wp-content\/uploads\/2015\/09\/LOGOSMARINA-300x40.png 300w, https:\/\/marinanoufontana.es\/wp-content\/uploads\/2015\/09\/LOGOSMARINA-450x60.png 450w\" sizes=\"auto, (max-width: 600px) 100vw, 600px\" \/><br \/>\n[\/av_textblock]<\/p>\n<p>[av_three_fifth first min_height=&#8221; vertical_alignment=&#8221; space=&#8221; custom_margin=&#8221; margin=&#8217;0px&#8217; padding=&#8217;0px&#8217; border=&#8221; border_color=&#8221; radius=&#8217;0px&#8217; background_color=&#8221; src=&#8221; background_position=&#8217;top left&#8217; background_repeat=&#8217;no-repeat&#8217;]<br \/>\n[av_textblock size=&#8221; font_color=&#8221; color=&#8221;]<\/p>\n<p>[ccf_form id=&#8221;3496&#8243;]<br \/>\n[\/av_textblock]<br \/>\n[\/av_three_fifth]<\/p>\n","protected":false},"excerpt":{"rendered":"<p>[av_textblock size=&#8221; font_color=&#8221; color=&#8221;] Estimado\/a amarrista, finalizada ya la temporada alta en Marina Nou Fontana-X\u00e0bia, nos gustar\u00eda agradecerle la confianza que nos ha demostrado y que nos ayudase a mejorar. Por ello le pedimos que rellene el siguiente cuestionario de satisfacci\u00f3n del cliente, que nos&#8230;<\/p>\n","protected":false},"author":1,"featured_media":0,"parent":0,"menu_order":0,"comment_status":"open","ping_status":"open","template":"","meta":{"footnotes":""},"class_list":["post-3490","page","type-page","status-publish","hentry"],"_links":{"self":[{"href":"https:\/\/marinanoufontana.es\/en\/wp-json\/wp\/v2\/pages\/3490","targetHints":{"allow":["GET"]}}],"collection":[{"href":"https:\/\/marinanoufontana.es\/en\/wp-json\/wp\/v2\/pages"}],"about":[{"href":"https:\/\/marinanoufontana.es\/en\/wp-json\/wp\/v2\/types\/page"}],"author":[{"embeddable":true,"href":"https:\/\/marinanoufontana.es\/en\/wp-json\/wp\/v2\/users\/1"}],"replies":[{"embeddable":true,"href":"https:\/\/marinanoufontana.es\/en\/wp-json\/wp\/v2\/comments?post=3490"}],"version-history":[{"count":12,"href":"https:\/\/marinanoufontana.es\/en\/wp-json\/wp\/v2\/pages\/3490\/revisions"}],"predecessor-version":[{"id":352708,"href":"https:\/\/marinanoufontana.es\/en\/wp-json\/wp\/v2\/pages\/3490\/revisions\/352708"}],"wp:attachment":[{"href":"https:\/\/marinanoufontana.es\/en\/wp-json\/wp\/v2\/media?parent=3490"}],"curies":[{"name":"wp","href":"https:\/\/api.w.org\/{rel}","templated":true}]}}