{"id":349761,"date":"2016-05-04T16:44:14","date_gmt":"2016-05-04T16:44:14","guid":{"rendered":"http:\/\/marinanoufontana.es\/?page_id=349761"},"modified":"2016-05-04T16:46:22","modified_gmt":"2016-05-04T16:46:22","slug":"enjoy-nou-fontana-nautica","status":"publish","type":"page","link":"https:\/\/marinanoufontana.es\/en\/enjoy-nou-fontana-nautica\/","title":{"rendered":"Enjoy Nou Fontana &#8211; N\u00e1utica"},"content":{"rendered":"<div class=\"wpb-content-wrapper\"><p>[vc_row row_type=&#8221;row&#8221; use_row_as_full_screen_section=&#8221;no&#8221; type=&#8221;full_width&#8221; text_align=&#8221;left&#8221; box_shadow_on_row=&#8221;no&#8221;][vc_column][vc_column_text]<\/p>\n<p>[\/vc_column_text][\/vc_column][\/vc_row][vc_row row_type=&#8221;row&#8221; use_row_as_full_screen_section=&#8221;no&#8221; type=&#8221;grid&#8221; text_align=&#8221;left&#8221; padding_top=&#8221;80&#8243; padding_bottom=&#8221;50&#8243; box_shadow_on_row=&#8221;no&#8221;][vc_column offset=&#8221;vc_col-lg-6 vc_col-md-6 vc_col-xs-12&#8243;][vc_single_image img_size=&#8221;large&#8221; onclick=&#8221;custom_link&#8221; link=&#8221;http:\/\/ &#8220;][vc_separator type=&#8221;transparent&#8221; up=&#8221;30&#8243; up_style=&#8221;px&#8221; down=&#8221;0&#8243; down_style=&#8221;px&#8221;][\/vc_column][vc_column offset=&#8221;vc_col-lg-6 vc_col-md-6 vc_col-xs-12&#8243;][vc_empty_space height=&#8221;20px&#8221; image_repeat=&#8221;no-repeat&#8221;][vc_text_separator title=&#8221;&#8221; text_in_box=&#8221;no&#8221; text_position=&#8221;left&#8221; box_padding=&#8221;0&#8243; line_color=&#8221;#0a0a0a&#8221; line_width=&#8221;43&#8243; animation=&#8221;default&#8221; line_thickness=&#8221;1&#8243; line_border_style=&#8221;solid&#8221; up=&#8221;5&#8243; down=&#8221;4&#8243; line_dots=&#8221;no&#8221;][vc_column_text]<\/p>\n<h5>\u00a0 01<\/h5>\n<p>[\/vc_column_text][vc_text_separator title=&#8221;&#8221; text_in_box=&#8221;no&#8221; text_position=&#8221;left&#8221; box_padding=&#8221;0&#8243; line_color=&#8221;#0a0a0a&#8221; line_width=&#8221;43&#8243; animation=&#8221;default&#8221; line_thickness=&#8221;1&#8243; line_border_style=&#8221;solid&#8221; up=&#8221;5&#8243; down=&#8221;5&#8243; line_dots=&#8221;no&#8221;][vc_column_text]<\/p>\n<h6>N\u00e1utica<\/h6>\n<p>[\/vc_column_text][vc_separator type=&#8221;transparent&#8221; up=&#8221;35&#8243; up_style=&#8221;px&#8221; down=&#8221;0&#8243; down_style=&#8221;px&#8221;][vc_column_text]En N\u00e1utica Canal de la Fontana, hacen que su barco est\u00e9 listo para que lo disfrutes.<\/p>\n<p>&nbsp;<\/p>\n<p>Todo lo que el barco necesita, lo encontrar\u00e1s en N\u00e1utica Canal de la Fontana, en J\u00e1vea.<\/p>\n<p>&nbsp;<\/p>\n<p>El servicio t\u00e9cnico est\u00e1 cualificado para localizar y solucionar cualquier tipo de aver\u00eda o incidencia que pueda surgir en una embarcaci\u00f3n.[\/vc_column_text][\/vc_column][\/vc_row][vc_row row_type=&#8221;row&#8221; use_row_as_full_screen_section=&#8221;no&#8221; type=&#8221;full_width&#8221; text_align=&#8221;left&#8221; side_padding=&#8221;left 100px&#8221; box_shadow_on_row=&#8221;no&#8221;][vc_column width=&#8221;1\/6&#8243;][\/vc_column][vc_column width=&#8221;1\/6&#8243;][vc_single_image image=&#8221;349056&#8243; img_size=&#8221;150&#215;150&#8243; onclick=&#8221;custom_link&#8221; link=&#8221;http:\/\/ &#8220;][vc_separator type=&#8221;transparent&#8221; up=&#8221;30&#8243; up_style=&#8221;px&#8221; down=&#8221;0&#8243; down_style=&#8221;px&#8221;][vc_column_text]<\/p>\n<h4>Taller mec\u00e1nico<\/h4>\n<p>[\/vc_column_text][\/vc_column][vc_column width=&#8221;1\/6&#8243;][vc_single_image image=&#8221;349053&#8243; img_size=&#8221;150&#215;150&#8243; onclick=&#8221;custom_link&#8221; link=&#8221;http:\/\/ &#8220;][vc_separator type=&#8221;transparent&#8221; up=&#8221;30&#8243; up_style=&#8221;px&#8221; down=&#8221;0&#8243; down_style=&#8221;px&#8221;][vc_column_text]<\/p>\n<h4>Servicio de gr\u00faa<\/h4>\n<p>[\/vc_column_text][\/vc_column][vc_column width=&#8221;1\/6&#8243;][vc_single_image image=&#8221;349045&#8243; img_size=&#8221;150&#215;150&#8243; onclick=&#8221;custom_link&#8221; link=&#8221;http:\/\/ &#8220;][vc_separator type=&#8221;transparent&#8221; up=&#8221;30&#8243; up_style=&#8221;px&#8221; down=&#8221;0&#8243; down_style=&#8221;px&#8221;][vc_column_text]<\/p>\n<h4>Invernaje \/ Estancia en seco<\/h4>\n<p>[\/vc_column_text][\/vc_column][vc_column width=&#8221;1\/6&#8243;][vc_single_image image=&#8221;349059&#8243; img_size=&#8221;150&#215;150&#8243; onclick=&#8221;custom_link&#8221; link=&#8221;http:\/\/ &#8220;][vc_separator type=&#8221;transparent&#8221; up=&#8221;30&#8243; up_style=&#8221;px&#8221; down=&#8221;0&#8243; down_style=&#8221;px&#8221;][vc_column_text]<\/p>\n<h4>Transporte de embarcaciones<\/h4>\n<p>[\/vc_column_text][\/vc_column][vc_column width=&#8221;1\/6&#8243;][vc_single_image image=&#8221;349050&#8243; img_size=&#8221;150&#215;150&#8243; onclick=&#8221;custom_link&#8221; link=&#8221;http:\/\/ &#8220;][vc_separator type=&#8221;transparent&#8221; up=&#8221;30&#8243; up_style=&#8221;px&#8221; down=&#8221;0&#8243; down_style=&#8221;px&#8221;][vc_column_text]<\/p>\n<h4>Tienda n\u00e1utica<\/h4>\n<p>[\/vc_column_text][\/vc_column][\/vc_row][vc_row row_type=&#8221;row&#8221; use_row_as_full_screen_section=&#8221;no&#8221; type=&#8221;full_width&#8221; text_align=&#8221;left&#8221; box_shadow_on_row=&#8221;no&#8221;][vc_column][vc_empty_space height=&#8221;60px&#8221; image_repeat=&#8221;no-repeat&#8221;][\/vc_column][\/vc_row]<\/p>\n<\/div>","protected":false},"excerpt":{"rendered":"<p>[vc_row row_type=&#8221;row&#8221; use_row_as_full_screen_section=&#8221;no&#8221; type=&#8221;full_width&#8221; text_align=&#8221;left&#8221; box_shadow_on_row=&#8221;no&#8221;][vc_column][vc_column_text] [\/vc_column_text][\/vc_column][\/vc_row][vc_row row_type=&#8221;row&#8221; use_row_as_full_screen_section=&#8221;no&#8221; type=&#8221;grid&#8221; text_align=&#8221;left&#8221; padding_top=&#8221;80&#8243; padding_bottom=&#8221;50&#8243; box_shadow_on_row=&#8221;no&#8221;][vc_column offset=&#8221;vc_col-lg-6 vc_col-md-6 vc_col-xs-12&#8243;][vc_single_image img_size=&#8221;large&#8221; onclick=&#8221;custom_link&#8221; link=&#8221;http:\/\/ &#8220;][vc_separator type=&#8221;transparent&#8221; up=&#8221;30&#8243; up_style=&#8221;px&#8221; down=&#8221;0&#8243; down_style=&#8221;px&#8221;][\/vc_column][vc_column offset=&#8221;vc_col-lg-6 vc_col-md-6 vc_col-xs-12&#8243;][vc_empty_space height=&#8221;20px&#8221; image_repeat=&#8221;no-repeat&#8221;][vc_text_separator title=&#8221;&#8221; text_in_box=&#8221;no&#8221; text_position=&#8221;left&#8221; box_padding=&#8221;0&#8243; line_color=&#8221;#0a0a0a&#8221; line_width=&#8221;43&#8243; animation=&#8221;default&#8221; line_thickness=&#8221;1&#8243; line_border_style=&#8221;solid&#8221; up=&#8221;5&#8243; down=&#8221;4&#8243; line_dots=&#8221;no&#8221;][vc_column_text] \u00a0 01&#8230;<\/p>\n","protected":false},"author":1,"featured_media":0,"parent":0,"menu_order":0,"comment_status":"open","ping_status":"closed","template":"","meta":{"footnotes":""},"class_list":["post-349761","page","type-page","status-publish","hentry"],"_links":{"self":[{"href":"https:\/\/marinanoufontana.es\/en\/wp-json\/wp\/v2\/pages\/349761","targetHints":{"allow":["GET"]}}],"collection":[{"href":"https:\/\/marinanoufontana.es\/en\/wp-json\/wp\/v2\/pages"}],"about":[{"href":"https:\/\/marinanoufontana.es\/en\/wp-json\/wp\/v2\/types\/page"}],"author":[{"embeddable":true,"href":"https:\/\/marinanoufontana.es\/en\/wp-json\/wp\/v2\/users\/1"}],"replies":[{"embeddable":true,"href":"https:\/\/marinanoufontana.es\/en\/wp-json\/wp\/v2\/comments?post=349761"}],"version-history":[{"count":2,"href":"https:\/\/marinanoufontana.es\/en\/wp-json\/wp\/v2\/pages\/349761\/revisions"}],"predecessor-version":[{"id":349763,"href":"https:\/\/marinanoufontana.es\/en\/wp-json\/wp\/v2\/pages\/349761\/revisions\/349763"}],"wp:attachment":[{"href":"https:\/\/marinanoufontana.es\/en\/wp-json\/wp\/v2\/media?parent=349761"}],"curies":[{"name":"wp","href":"https:\/\/api.w.org\/{rel}","templated":true}]}}