{"id":350263,"date":"2016-05-24T16:51:03","date_gmt":"2016-05-24T16:51:03","guid":{"rendered":"http:\/\/marinanoufontana.es\/?page_id=350263"},"modified":"2016-06-27T13:46:35","modified_gmt":"2016-06-27T13:46:35","slug":"marina-nou-fontana-2","status":"publish","type":"page","link":"https:\/\/marinanoufontana.es\/en\/marina-nou-fontana-2\/","title":{"rendered":"Marina Nou Fontana"},"content":{"rendered":"<div class=\"wpb-content-wrapper\"><p>[vc_row row_type=&#8221;row&#8221; use_row_as_full_screen_section=&#8221;no&#8221; type=&#8221;full_width&#8221; text_align=&#8221;left&#8221; box_shadow_on_row=&#8221;no&#8221;][vc_column][vc_empty_space height=&#8221;20px&#8221; image_repeat=&#8221;no-repeat&#8221;][\/vc_column][\/vc_row][vc_row row_type=&#8221;row&#8221; use_row_as_full_screen_section=&#8221;no&#8221; type=&#8221;grid&#8221; text_align=&#8221;left&#8221; padding_top=&#8221;80&#8243; padding_bottom=&#8221;50&#8243; box_shadow_on_row=&#8221;no&#8221;][vc_column offset=&#8221;vc_col-lg-6 vc_col-md-6 vc_col-xs-12&#8243;][vc_text_separator title=&#8221;&#8221; text_in_box=&#8221;no&#8221; text_position=&#8221;left&#8221; box_padding=&#8221;0&#8243; line_color=&#8221;#0a0a0a&#8221; line_width=&#8221;43&#8243; animation=&#8221;default&#8221; line_thickness=&#8221;1&#8243; line_border_style=&#8221;solid&#8221; up=&#8221;5&#8243; down=&#8221;4&#8243; line_dots=&#8221;no&#8221;][vc_column_text]<\/p>\n<h5>\u00a0 01<\/h5>\n<p>[\/vc_column_text][vc_text_separator title=&#8221;&#8221; text_in_box=&#8221;no&#8221; text_position=&#8221;left&#8221; box_padding=&#8221;0&#8243; line_color=&#8221;#0a0a0a&#8221; line_width=&#8221;43&#8243; animation=&#8221;default&#8221; line_thickness=&#8221;1&#8243; line_border_style=&#8221;solid&#8221; up=&#8221;5&#8243; down=&#8221;5&#8243; line_dots=&#8221;no&#8221;][vc_column_text]<\/p>\n<h6>Plano de las\u00a0instalaciones<\/h6>\n<p>[\/vc_column_text][vc_separator type=&#8221;transparent&#8221; up=&#8221;35&#8243; up_style=&#8221;px&#8221; down=&#8221;0&#8243; down_style=&#8221;px&#8221;][vc_separator type=&#8221;transparent&#8221; up=&#8221;30&#8243; up_style=&#8221;px&#8221; down=&#8221;0&#8243; down_style=&#8221;px&#8221;][\/vc_column][vc_column offset=&#8221;vc_col-lg-6 vc_col-md-6 vc_col-xs-12&#8243;][\/vc_column][\/vc_row][vc_row row_type=&#8221;row&#8221; use_row_as_full_screen_section=&#8221;no&#8221; type=&#8221;full_width&#8221; text_align=&#8221;left&#8221; box_shadow_on_row=&#8221;no&#8221;][vc_column][vc_single_image img_size=&#8221;800&#215;500&#8243;][vc_empty_space height=&#8221;20px&#8221; image_repeat=&#8221;no-repeat&#8221;][\/vc_column][\/vc_row][vc_row row_type=&#8221;row&#8221; use_row_as_full_screen_section=&#8221;no&#8221; type=&#8221;grid&#8221; text_align=&#8221;left&#8221; padding_top=&#8221;80&#8243; padding_bottom=&#8221;50&#8243; box_shadow_on_row=&#8221;no&#8221;][vc_column offset=&#8221;vc_col-lg-6 vc_col-md-6 vc_col-xs-12&#8243;][vc_empty_space height=&#8221;120px&#8221; image_repeat=&#8221;no-repeat&#8221;][vc_single_image image=&#8221;350027&#8243; img_size=&#8221;large&#8221; onclick=&#8221;custom_link&#8221; link=&#8221;http:\/\/ &#8220;][vc_separator type=&#8221;transparent&#8221; up=&#8221;30&#8243; up_style=&#8221;px&#8221; down=&#8221;0&#8243; down_style=&#8221;px&#8221;][vc_single_image image=&#8221;350033&#8243; img_size=&#8221;large&#8221; onclick=&#8221;custom_link&#8221; link=&#8221;http:\/\/ &#8220;][\/vc_column][vc_column offset=&#8221;vc_col-lg-6 vc_col-md-6 vc_col-xs-12&#8243;][vc_text_separator title=&#8221;&#8221; text_in_box=&#8221;no&#8221; text_position=&#8221;left&#8221; box_padding=&#8221;0&#8243; line_color=&#8221;#0a0a0a&#8221; line_width=&#8221;43&#8243; animation=&#8221;default&#8221; line_thickness=&#8221;1&#8243; line_border_style=&#8221;solid&#8221; up=&#8221;5&#8243; down=&#8221;4&#8243; line_dots=&#8221;no&#8221;][vc_column_text]<\/p>\n<h5>\u00a0 02<\/h5>\n<p>[\/vc_column_text][vc_text_separator title=&#8221;&#8221; text_in_box=&#8221;no&#8221; text_position=&#8221;left&#8221; box_padding=&#8221;0&#8243; line_color=&#8221;#0a0a0a&#8221; line_width=&#8221;43&#8243; animation=&#8221;default&#8221; line_thickness=&#8221;1&#8243; line_border_style=&#8221;solid&#8221; up=&#8221;5&#8243; down=&#8221;5&#8243; line_dots=&#8221;no&#8221;][vc_column_text]<\/p>\n<h6>Servicios a las embarcaciones<\/h6>\n<p>[\/vc_column_text][vc_separator type=&#8221;transparent&#8221; up=&#8221;35&#8243; up_style=&#8221;px&#8221; down=&#8221;0&#8243; down_style=&#8221;px&#8221;][vc_column_text]<\/p>\n<ul>\n<li>Almacenamiento de embarcaciones en seco<\/li>\n<li>Gr\u00faa<\/li>\n<li>Zona de reparaciones y mantenimiento al aire libre<\/li>\n<li>Cunas para motoras<\/li>\n<li>Tacado de embarcaciones<\/li>\n<li>Recogida de carburantes<\/li>\n<li>Recogida de filtros<\/li>\n<li>Recogida de bater\u00edas<\/li>\n<li>Recogida de envases de pl\u00e1stico<\/li>\n<li>Recogida de envases met\u00e1licos<\/li>\n<li>Recogida de trapos sucios y absorbentes<\/li>\n<li>Recogida de bengalas<\/li>\n<li>Recogida de basura org\u00e1nica<\/li>\n<li>Limpieza de cascos y obra muerta<\/li>\n<li>Limpieza de sentinas<\/li>\n<li>Reparaciones de mec\u00e1nica y electricidad<\/li>\n<li>Aplicaci\u00f3n de pintura antiincrustante y pinturas en general<\/li>\n<li>Trabajos de fibra<\/li>\n<li>Toldos y tapizados<\/li>\n<li>Gesti\u00f3n de Inspecci\u00f3n T\u00e9cnica de Embarcaciones<\/li>\n<li>Arrancador de bater\u00edas<\/li>\n<li>Bomba de achique<\/li>\n<li>Cargador de bater\u00eda<\/li>\n<li>Zona de Varadero<\/li>\n<li>Agua y luz<\/li>\n<li>Seguridad nocturna<\/li>\n<li>Gasolinera<\/li>\n<li>Iluminaci\u00f3n en los muelles<\/li>\n<li>Servicio contra incendio<\/li>\n<\/ul>\n<p>[\/vc_column_text][vc_separator type=&#8221;transparent&#8221; up=&#8221;30&#8243; up_style=&#8221;px&#8221; down=&#8221;0&#8243; down_style=&#8221;px&#8221;][\/vc_column][\/vc_row][vc_row row_type=&#8221;row&#8221; use_row_as_full_screen_section=&#8221;no&#8221; type=&#8221;full_width&#8221; text_align=&#8221;left&#8221; box_shadow_on_row=&#8221;no&#8221;][vc_column][vc_empty_space height=&#8221;20px&#8221; image_repeat=&#8221;no-repeat&#8221;][\/vc_column][\/vc_row][vc_row row_type=&#8221;row&#8221; use_row_as_full_screen_section=&#8221;no&#8221; type=&#8221;grid&#8221; text_align=&#8221;left&#8221; padding_top=&#8221;40&#8243; padding_bottom=&#8221;50&#8243; box_shadow_on_row=&#8221;no&#8221;][vc_column offset=&#8221;vc_col-lg-6 vc_col-md-6 vc_col-xs-12&#8243;][vc_text_separator title=&#8221;&#8221; text_in_box=&#8221;no&#8221; text_position=&#8221;left&#8221; box_padding=&#8221;0&#8243; line_color=&#8221;#0a0a0a&#8221; line_width=&#8221;43&#8243; animation=&#8221;default&#8221; line_thickness=&#8221;1&#8243; line_border_style=&#8221;solid&#8221; up=&#8221;5&#8243; down=&#8221;4&#8243; line_dots=&#8221;no&#8221;][vc_column_text]<\/p>\n<h5>\u00a0 03<\/h5>\n<p>[\/vc_column_text][vc_text_separator title=&#8221;&#8221; text_in_box=&#8221;no&#8221; text_position=&#8221;left&#8221; box_padding=&#8221;0&#8243; line_color=&#8221;#0a0a0a&#8221; line_width=&#8221;43&#8243; animation=&#8221;default&#8221; line_thickness=&#8221;1&#8243; line_border_style=&#8221;solid&#8221; up=&#8221;5&#8243; down=&#8221;5&#8243; line_dots=&#8221;no&#8221;][vc_column_text]<\/p>\n<h6>Servicios a los usuarios<\/h6>\n<p>[\/vc_column_text][vc_separator type=&#8221;transparent&#8221; up=&#8221;35&#8243; up_style=&#8221;px&#8221; down=&#8221;0&#8243; down_style=&#8221;px&#8221;][vc_column_text]<\/p>\n<ul>\n<li>Muelle de espera<\/li>\n<\/ul>\n<ul>\n<li>Apoyo en maniobras y en amarre<\/li>\n<li>Remolque portuario<\/li>\n<li>Pa\u00f1oles para almacenamiento de pertrechos<\/li>\n<li>Aseos<\/li>\n<li>Vestuarios y duchas<\/li>\n<li>Locales comerciales<\/li>\n<li>Recepci\u00f3n<\/li>\n<li>Tel\u00e9fono y correo electr\u00f3nico<\/li>\n<li>Correo postal<\/li>\n<li>Primeros auxilios<\/li>\n<li>Servicio de Catering a bordo<\/li>\n<li>Alquiler de veh\u00edculos<\/li>\n<li>Reserva de Taxi<\/li>\n<li>Reservas en hoteles y restaurantes<\/li>\n<li>Venta de hielo<\/li>\n<li>Accesibilidad para minusv\u00e1lidos<\/li>\n<li>Alquiler de motoras<\/li>\n<li>Alquiler de motos de agua<\/li>\n<li>Centro de buceo<\/li>\n<li>Informaci\u00f3n meteorol\u00f3gica<\/li>\n<li>Informaci\u00f3n tur\u00edstica<\/li>\n<li>Acceso Wifi<\/li>\n<\/ul>\n<p>[\/vc_column_text][vc_separator type=&#8221;transparent&#8221; up=&#8221;30&#8243; up_style=&#8221;px&#8221; down=&#8221;0&#8243; down_style=&#8221;px&#8221;][\/vc_column][vc_column offset=&#8221;vc_col-lg-6 vc_col-md-6 vc_col-xs-12&#8243;][vc_empty_space height=&#8221;50px&#8221; image_repeat=&#8221;no-repeat&#8221;][vc_single_image image=&#8221;350012&#8243; img_size=&#8221;large&#8221; onclick=&#8221;custom_link&#8221; link=&#8221;http:\/\/ &#8220;][vc_separator type=&#8221;transparent&#8221; up=&#8221;30&#8243; up_style=&#8221;px&#8221; down=&#8221;0&#8243; down_style=&#8221;px&#8221;][vc_single_image image=&#8221;350006&#8243; img_size=&#8221;large&#8221; onclick=&#8221;custom_link&#8221; link=&#8221;http:\/\/ &#8220;][\/vc_column][\/vc_row]<\/p>\n<\/div>","protected":false},"excerpt":{"rendered":"<p>[vc_row row_type=&#8221;row&#8221; use_row_as_full_screen_section=&#8221;no&#8221; type=&#8221;full_width&#8221; text_align=&#8221;left&#8221; box_shadow_on_row=&#8221;no&#8221;][vc_column][vc_empty_space height=&#8221;20px&#8221; image_repeat=&#8221;no-repeat&#8221;][\/vc_column][\/vc_row][vc_row row_type=&#8221;row&#8221; use_row_as_full_screen_section=&#8221;no&#8221; type=&#8221;grid&#8221; text_align=&#8221;left&#8221; padding_top=&#8221;80&#8243; padding_bottom=&#8221;50&#8243; box_shadow_on_row=&#8221;no&#8221;][vc_column offset=&#8221;vc_col-lg-6 vc_col-md-6 vc_col-xs-12&#8243;][vc_text_separator title=&#8221;&#8221; text_in_box=&#8221;no&#8221; text_position=&#8221;left&#8221; box_padding=&#8221;0&#8243; line_color=&#8221;#0a0a0a&#8221; line_width=&#8221;43&#8243; animation=&#8221;default&#8221; line_thickness=&#8221;1&#8243; line_border_style=&#8221;solid&#8221; up=&#8221;5&#8243; down=&#8221;4&#8243; line_dots=&#8221;no&#8221;][vc_column_text] \u00a0 01 [\/vc_column_text][vc_text_separator title=&#8221;&#8221; text_in_box=&#8221;no&#8221; text_position=&#8221;left&#8221; box_padding=&#8221;0&#8243; line_color=&#8221;#0a0a0a&#8221; line_width=&#8221;43&#8243; animation=&#8221;default&#8221; line_thickness=&#8221;1&#8243; line_border_style=&#8221;solid&#8221; up=&#8221;5&#8243; down=&#8221;5&#8243; line_dots=&#8221;no&#8221;][vc_column_text]&#8230;<\/p>\n","protected":false},"author":1,"featured_media":0,"parent":0,"menu_order":0,"comment_status":"open","ping_status":"open","template":"","meta":{"footnotes":""},"class_list":["post-350263","page","type-page","status-publish","hentry"],"_links":{"self":[{"href":"https:\/\/marinanoufontana.es\/en\/wp-json\/wp\/v2\/pages\/350263","targetHints":{"allow":["GET"]}}],"collection":[{"href":"https:\/\/marinanoufontana.es\/en\/wp-json\/wp\/v2\/pages"}],"about":[{"href":"https:\/\/marinanoufontana.es\/en\/wp-json\/wp\/v2\/types\/page"}],"author":[{"embeddable":true,"href":"https:\/\/marinanoufontana.es\/en\/wp-json\/wp\/v2\/users\/1"}],"replies":[{"embeddable":true,"href":"https:\/\/marinanoufontana.es\/en\/wp-json\/wp\/v2\/comments?post=350263"}],"version-history":[{"count":3,"href":"https:\/\/marinanoufontana.es\/en\/wp-json\/wp\/v2\/pages\/350263\/revisions"}],"predecessor-version":[{"id":350500,"href":"https:\/\/marinanoufontana.es\/en\/wp-json\/wp\/v2\/pages\/350263\/revisions\/350500"}],"wp:attachment":[{"href":"https:\/\/marinanoufontana.es\/en\/wp-json\/wp\/v2\/media?parent=350263"}],"curies":[{"name":"wp","href":"https:\/\/api.w.org\/{rel}","templated":true}]}}