{"id":5401,"date":"2016-01-07T16:25:26","date_gmt":"2016-01-07T16:25:26","guid":{"rendered":"http:\/\/marinanoufontana.es\/?page_id=5401"},"modified":"2016-01-07T18:32:41","modified_gmt":"2016-01-07T18:32:41","slug":"recordatorio-de-las-normas-basicas-de-entrada-y-salida-de-embarcaciones","status":"publish","type":"page","link":"https:\/\/marinanoufontana.es\/en\/normas-basicas-inicio\/recordatorio-de-las-normas-basicas-de-entrada-y-salida-de-embarcaciones\/","title":{"rendered":"Recordatorio de las normas b\u00e1sicas de entrada y salida de embarcaciones"},"content":{"rendered":"<p style=\"text-align: justify;\">Estimad@ amarrista de Marina Nou Fontana, nos ponemos en contacto con usted para recordarle <strong>la importancia de tener toda la documentaci\u00f3n de la embarcaci\u00f3n en regla<\/strong>, ya que as\u00ed lo indica la normativa vigente y lo requiere la Comandancia de la Guardia Civil.<\/p>\n<p style=\"text-align: justify;\">Por ello, Marina Nou Fontana tiene que tener una <strong>copia de los siguientes documentos:<\/strong><\/p>\n<ul style=\"text-align: justify;\">\n<li><strong>Hoja de Asiento o Certificado de inscripci\u00f3n de la embarcaci\u00f3n donde aparecen los datos del barco y del propietario.<\/strong><\/li>\n<li><strong>DNI del propietario de la embarcaci\u00f3n.<\/strong><\/li>\n<li><strong>Datos de contacto actuales del propietario de la embarcaci\u00f3n.<\/strong><\/li>\n<li><strong>Certificado de Navegabilidad de la embarcaci\u00f3n.<\/strong><\/li>\n<li><strong>Copia del \u00faltimo recibo del seguro de la embarcaci\u00f3n.<\/strong><\/li>\n<li><strong>Si alguna empresa n\u00e1utica realiza movimientos tanto de entrada como de salida de la embarcaci\u00f3n, una Autorizaci\u00f3n por parte del propietario del barco hacia la empresa n\u00e1utica.<\/strong><\/li>\n<\/ul>\n<p style=\"text-align: justify;\">Para un mejor funcionamiento del puerto, Marina Nou Fontana va a estar m\u00e1s vigilante en el cumplimiento de unas <strong>normas b\u00e1sicas<\/strong>, que le recordamos a continuaci\u00f3n:<\/p>\n<ul style=\"text-align: justify;\">\n<li><strong>Para la entrada de embarcaciones, ser\u00e1 necesario:<\/strong>\n<ul>\n<li>Que Marina Nou Fontana tenga en el archivo copia de toda la documentaci\u00f3n arriba mencionada.<\/li>\n<li>Que el amarrista est\u00e9 al d\u00eda en sus obligaciones de pago con Marina Nou Fontana.<\/li>\n<li>Firma de la Hoja de Entrada de embarcaciones.<\/li>\n<\/ul>\n<\/li>\n<li><strong>Si la embarcaci\u00f3n no es del propietario del amarre al que va a entrar, ser\u00e1 necesario una Autorizaci\u00f3n por parte del propietario donde se indique el per\u00edodo de estancia de la embarcaci\u00f3n.<\/strong><\/li>\n<li><strong>Para la salida de embarcaciones, ser\u00e1 necesario:<\/strong>\n<ul>\n<li>Que el amarrista est\u00e9 al d\u00eda en sus obligaciones de pago con Marina Nou Fontana.<\/li>\n<li>Si alguna empresa n\u00e1utica realiza la salida de la embarcaci\u00f3n, una Autorizaci\u00f3n por parte del propietario del barco hacia la empresa n\u00e1utica.<\/li>\n<li>Firma de la Hoja de Salida de embarcaciones.<\/li>\n<\/ul>\n<\/li>\n<\/ul>\n<p style=\"text-align: justify;\">Aseg\u00farese por favor, que <strong>antes de cada entrada o salida de su embarcaci\u00f3n, se cumpla con los requisitos<\/strong> arriba mencionados, ya que sin ellos no se pueden realizar los movimientos de las embarcaciones en nuestro nuevo programa de gesti\u00f3n de puertos deportivos con los inconvenientes que ellos conlleva.<\/p>\n<p style=\"text-align: justify;\">Entendemos que el cumplimiento de esta normativa es muy importante para <strong>el buen funcionamiento del puerto y por ello le pedimos su colaboraci\u00f3n<\/strong>.<\/p>\n<p style=\"text-align: justify;\">Cualquier duda o aclaraci\u00f3n estaremos encantados de atenderle.<\/p>\n<p style=\"text-align: justify;\">Saludos y gracias<\/p>\n<p style=\"text-align: justify;\"><strong>Juan Fontes<\/strong><\/p>\n<p style=\"text-align: justify;\"><strong>Gerente Marina Nou Fontana<\/strong><\/p>\n","protected":false},"excerpt":{"rendered":"<p>Estimad@ amarrista de Marina Nou Fontana, nos ponemos en contacto con usted para recordarle la importancia de tener toda la documentaci\u00f3n de la embarcaci\u00f3n en regla, ya que as\u00ed lo indica la normativa vigente y lo requiere la Comandancia de la Guardia Civil. Por ello,&#8230;<\/p>\n","protected":false},"author":2,"featured_media":0,"parent":5407,"menu_order":0,"comment_status":"closed","ping_status":"closed","template":"","meta":{"footnotes":""},"class_list":["post-5401","page","type-page","status-publish","hentry"],"_links":{"self":[{"href":"https:\/\/marinanoufontana.es\/en\/wp-json\/wp\/v2\/pages\/5401","targetHints":{"allow":["GET"]}}],"collection":[{"href":"https:\/\/marinanoufontana.es\/en\/wp-json\/wp\/v2\/pages"}],"about":[{"href":"https:\/\/marinanoufontana.es\/en\/wp-json\/wp\/v2\/types\/page"}],"author":[{"embeddable":true,"href":"https:\/\/marinanoufontana.es\/en\/wp-json\/wp\/v2\/users\/2"}],"replies":[{"embeddable":true,"href":"https:\/\/marinanoufontana.es\/en\/wp-json\/wp\/v2\/comments?post=5401"}],"version-history":[{"count":4,"href":"https:\/\/marinanoufontana.es\/en\/wp-json\/wp\/v2\/pages\/5401\/revisions"}],"predecessor-version":[{"id":5426,"href":"https:\/\/marinanoufontana.es\/en\/wp-json\/wp\/v2\/pages\/5401\/revisions\/5426"}],"up":[{"embeddable":true,"href":"https:\/\/marinanoufontana.es\/en\/wp-json\/wp\/v2\/pages\/5407"}],"wp:attachment":[{"href":"https:\/\/marinanoufontana.es\/en\/wp-json\/wp\/v2\/media?parent=5401"}],"curies":[{"name":"wp","href":"https:\/\/api.w.org\/{rel}","templated":true}]}}