{"id":5411,"date":"2016-01-07T17:18:25","date_gmt":"2016-01-07T17:18:25","guid":{"rendered":"http:\/\/marinanoufontana.es\/?page_id=5411"},"modified":"2016-01-08T11:07:21","modified_gmt":"2016-01-08T11:07:21","slug":"regles-de-base","status":"publish","type":"page","link":"https:\/\/marinanoufontana.es\/en\/normas-basicas-inicio\/regles-de-base\/","title":{"rendered":"R\u00e8gles de base"},"content":{"rendered":"<p style=\"text-align: justify;\">Chers usagers de la &#8220;Marina Nou Fontana&#8221;, nous vous rappelons <strong>l&#8217;importance pour la &#8221; Marina Nou Fontana&#8221; d&#8217;\u00eatre en possession d&#8217;une copie des documents suivants<\/strong> relatifs \u00e0 votre bateau; ceux-ci \u00e9tant par ailleurs exig\u00e9s par les autorit\u00e9s de Police &#8221; Garde Civile&#8221;.<\/p>\n<ul style=\"text-align: justify;\">\n<li><strong>Certificat d&#8217;Immatriculation du bateau &#8220;Hoja de Asiento&#8221; &#8221; Lettre de Pavillon&#8221; o\u00f9 sont mentionn\u00e9es ses caract\u00e9ristiques et les coordonn\u00e9es du propri\u00e9taire<\/strong><\/li>\n<li><strong>Carte d&#8217;identit\u00e9 du propri\u00e9taire du bateau.<\/strong><\/li>\n<li><strong>Les coordonn\u00e9es pr\u00e9cises du propri\u00e9taire du bateau pour le cas o\u00f9 nous devrions le contacter.<\/strong><\/li>\n<li><strong>Certificat de navigabilit\u00e9 du bateau.<\/strong><\/li>\n<li><strong>Derni\u00e8re quittance d&#8217;assurance du bateau.<\/strong><\/li>\n<li><strong>L&#8217;autorisation dat\u00e9e et sign\u00e9e si une entreprise a pour mission d&#8217;effectuer des man\u0153uvres avec votre bateau, dans et hors du port.<\/strong><\/li>\n<\/ul>\n<p style=\"text-align: justify;\">Pour un bon fonctionnement du port la &#8221; Marina Nou Fontana&#8221; nous vous rappelons les <strong>r\u00e8gles de base<\/strong>:<\/p>\n<p style=\"text-align: justify;\"><strong>&#8211; Pour l&#8217;entr\u00e9e dans le port, il sera n\u00e9cessaire:<\/strong><\/p>\n<ul style=\"text-align: justify;\">\n<li>Que la &#8220;Marina Nou Fontana&#8221; poss\u00e8de une copie de tous les documents mentionn\u00e9s ci-dessus.<\/li>\n<li>Etre en ordre de paiement avec la &#8221; Marina Nou Fontana&#8221;.<\/li>\n<li>Signature de la feuille d&#8217;entr\u00e9e des bateaux<\/li>\n<\/ul>\n<p style=\"text-align: justify;\"><strong>-Dans le cas o\u00f9 vous n&#8217;\u00eates pas le propri\u00e9taire de l&#8217;emplacement d&#8217;amarrage, il y a lieu d&#8217;\u00eatre en possession d&#8217;une autorisation du propri\u00e9taire qui indique la p\u00e9riode du s\u00e9jour du bateau.<\/strong><\/p>\n<p style=\"text-align: justify;\"><strong>&#8211; Lors de la sortie du port, il sera n\u00e9cessaire:<\/strong><\/p>\n<ul style=\"text-align: justify;\">\n<li>Etre en ordre de paiement avec la &#8221; Marina Nou Fontana&#8221;.<\/li>\n<li>Si une entreprise nautique a pour mission de man\u0153uvrer le bateau pour rentrer ou sortir du port, l&#8217;autorisation du propri\u00e9taire doit \u00eatre remise \u00e0 la &#8220;Marina Nou Fontana&#8221; avant tout mouvement du bateau.<\/li>\n<li>Signature de la feuille de sortie des bateaux<\/li>\n<\/ul>\n<p style=\"text-align: justify;\">Vous comprendrez que le respect de notre r\u00e8glement est tr\u00e8s important et donc nous vous demandons, <strong>qu&#8217; avant chaque entr\u00e9e ou sortie de votre bateau, vous remplissez les conditions reprises ci-dessus<\/strong>, sinon nous ne pourrions pas effectuer la gestion avec notre nouveau programme informatique de gestion que vous \u00e9tes en droit de r\u00e9clamer, il y va de l&#8217;int\u00e9r\u00eat de tous.<\/p>\n<p style=\"text-align: justify;\">Pour toutes vos questions nous serons heureux de vous aider.<\/p>\n<p style=\"text-align: justify;\">Salutacions et remerciements.<\/p>\n<p style=\"text-align: justify;\"><strong>Juan Fontes<\/strong><\/p>\n<p style=\"text-align: justify;\"><strong>Directeur G\u00e9n\u00e9ral Marina Nou Fontana<\/strong><\/p>\n","protected":false},"excerpt":{"rendered":"<p>Chers usagers de la &#8220;Marina Nou Fontana&#8221;, nous vous rappelons l&#8217;importance pour la &#8221; Marina Nou Fontana&#8221; d&#8217;\u00eatre en possession d&#8217;une copie des documents suivants relatifs \u00e0 votre bateau; ceux-ci \u00e9tant par ailleurs exig\u00e9s par les autorit\u00e9s de Police &#8221; Garde Civile&#8221;. Certificat d&#8217;Immatriculation du&#8230;<\/p>\n","protected":false},"author":1,"featured_media":0,"parent":5407,"menu_order":0,"comment_status":"closed","ping_status":"closed","template":"","meta":{"footnotes":""},"class_list":["post-5411","page","type-page","status-publish","hentry"],"_links":{"self":[{"href":"https:\/\/marinanoufontana.es\/en\/wp-json\/wp\/v2\/pages\/5411","targetHints":{"allow":["GET"]}}],"collection":[{"href":"https:\/\/marinanoufontana.es\/en\/wp-json\/wp\/v2\/pages"}],"about":[{"href":"https:\/\/marinanoufontana.es\/en\/wp-json\/wp\/v2\/types\/page"}],"author":[{"embeddable":true,"href":"https:\/\/marinanoufontana.es\/en\/wp-json\/wp\/v2\/users\/1"}],"replies":[{"embeddable":true,"href":"https:\/\/marinanoufontana.es\/en\/wp-json\/wp\/v2\/comments?post=5411"}],"version-history":[{"count":5,"href":"https:\/\/marinanoufontana.es\/en\/wp-json\/wp\/v2\/pages\/5411\/revisions"}],"predecessor-version":[{"id":5431,"href":"https:\/\/marinanoufontana.es\/en\/wp-json\/wp\/v2\/pages\/5411\/revisions\/5431"}],"up":[{"embeddable":true,"href":"https:\/\/marinanoufontana.es\/en\/wp-json\/wp\/v2\/pages\/5407"}],"wp:attachment":[{"href":"https:\/\/marinanoufontana.es\/en\/wp-json\/wp\/v2\/media?parent=5411"}],"curies":[{"name":"wp","href":"https:\/\/api.w.org\/{rel}","templated":true}]}}