{"id":3069,"date":"2014-06-20T10:31:26","date_gmt":"2014-06-20T10:31:26","guid":{"rendered":"http:\/\/marinanoufontana.es\/?page_id=3069"},"modified":"2018-12-01T12:48:01","modified_gmt":"2018-12-01T12:48:01","slug":"marina-nou-fontana","status":"publish","type":"page","link":"https:\/\/marinanoufontana.es\/fr\/marina-nou-fontana\/","title":{"rendered":"Marina Nou Fontana"},"content":{"rendered":"<div class=\"wpb-content-wrapper\"><p>[vc_row row_type=\u00a0\u00bbrow\u00a0\u00bb use_row_as_full_screen_section=\u00a0\u00bbno\u00a0\u00bb type=\u00a0\u00bbfull_width\u00a0\u00bb text_align=\u00a0\u00bbleft\u00a0\u00bb box_shadow_on_row=\u00a0\u00bbno\u00a0\u00bb][vc_column][vc_empty_space height=\u00a0\u00bb20px\u00a0\u00bb image_repeat=\u00a0\u00bbno-repeat\u00a0\u00bb][\/vc_column][\/vc_row][vc_row row_type=\u00a0\u00bbrow\u00a0\u00bb use_row_as_full_screen_section=\u00a0\u00bbno\u00a0\u00bb type=\u00a0\u00bbgrid\u00a0\u00bb text_align=\u00a0\u00bbleft\u00a0\u00bb padding_top=\u00a0\u00bb80&Prime; padding_bottom=\u00a0\u00bb50&Prime; box_shadow_on_row=\u00a0\u00bbno\u00a0\u00bb][vc_column offset=\u00a0\u00bbvc_col-lg-6 vc_col-md-6 vc_col-xs-12&Prime;][vc_text_separator title=\u00a0\u00bb\u00a0\u00bb text_in_box=\u00a0\u00bbno\u00a0\u00bb text_position=\u00a0\u00bbleft\u00a0\u00bb box_padding=\u00a0\u00bb0&Prime; line_color=\u00a0\u00bb#0a0a0a\u00a0\u00bb line_width=\u00a0\u00bb43&Prime; animation=\u00a0\u00bbdefault\u00a0\u00bb line_thickness=\u00a0\u00bb1&Prime; line_border_style=\u00a0\u00bbsolid\u00a0\u00bb up=\u00a0\u00bb5&Prime; down=\u00a0\u00bb4&Prime; line_dots=\u00a0\u00bbno\u00a0\u00bb][vc_column_text]<\/p>\n<h5>\u00a0 01<\/h5>\n<p>[\/vc_column_text][vc_text_separator title=\u00a0\u00bb\u00a0\u00bb text_in_box=\u00a0\u00bbno\u00a0\u00bb text_position=\u00a0\u00bbleft\u00a0\u00bb box_padding=\u00a0\u00bb0&Prime; line_color=\u00a0\u00bb#0a0a0a\u00a0\u00bb line_width=\u00a0\u00bb43&Prime; animation=\u00a0\u00bbdefault\u00a0\u00bb line_thickness=\u00a0\u00bb1&Prime; line_border_style=\u00a0\u00bbsolid\u00a0\u00bb up=\u00a0\u00bb5&Prime; down=\u00a0\u00bb5&Prime; line_dots=\u00a0\u00bbno\u00a0\u00bb][vc_column_text]<\/p>\n<h6>Plan des postes d\u2019amarrages et des installations<\/h6>\n<p>[\/vc_column_text][vc_separator type=\u00a0\u00bbtransparent\u00a0\u00bb up=\u00a0\u00bb35&Prime; up_style=\u00a0\u00bbpx\u00a0\u00bb down=\u00a0\u00bb0&Prime; down_style=\u00a0\u00bbpx\u00a0\u00bb][vc_separator type=\u00a0\u00bbtransparent\u00a0\u00bb up=\u00a0\u00bb30&Prime; up_style=\u00a0\u00bbpx\u00a0\u00bb down=\u00a0\u00bb0&Prime; down_style=\u00a0\u00bbpx\u00a0\u00bb][\/vc_column][vc_column offset=\u00a0\u00bbvc_col-lg-6 vc_col-md-6 vc_col-xs-12&Prime;][\/vc_column][\/vc_row][vc_row row_type=\u00a0\u00bbrow\u00a0\u00bb use_row_as_full_screen_section=\u00a0\u00bbyes\u00a0\u00bb type=\u00a0\u00bbfull_width\u00a0\u00bb text_align=\u00a0\u00bbleft\u00a0\u00bb box_shadow_on_row=\u00a0\u00bbno\u00a0\u00bb][vc_column][vc_column_text]<div id=\"mapplic1\"><\/div>[\/vc_column_text][\/vc_column][\/vc_row][vc_row row_type=\u00a0\u00bbrow\u00a0\u00bb use_row_as_full_screen_section=\u00a0\u00bbno\u00a0\u00bb type=\u00a0\u00bbfull_width\u00a0\u00bb text_align=\u00a0\u00bbleft\u00a0\u00bb box_shadow_on_row=\u00a0\u00bbno\u00a0\u00bb][vc_column][vc_empty_space height=\u00a0\u00bb20px\u00a0\u00bb image_repeat=\u00a0\u00bbno-repeat\u00a0\u00bb][\/vc_column][\/vc_row][vc_row row_type=\u00a0\u00bbrow\u00a0\u00bb use_row_as_full_screen_section=\u00a0\u00bbno\u00a0\u00bb type=\u00a0\u00bbgrid\u00a0\u00bb text_align=\u00a0\u00bbleft\u00a0\u00bb padding_top=\u00a0\u00bb80&Prime; padding_bottom=\u00a0\u00bb50&Prime; box_shadow_on_row=\u00a0\u00bbno\u00a0\u00bb][vc_column offset=\u00a0\u00bbvc_col-lg-6 vc_col-md-6 vc_col-xs-12&Prime;][vc_empty_space height=\u00a0\u00bb120px\u00a0\u00bb image_repeat=\u00a0\u00bbno-repeat\u00a0\u00bb][vc_single_image image=\u00a0\u00bb350496&Prime; img_size=\u00a0\u00bblarge\u00a0\u00bb onclick=\u00a0\u00bblink_image\u00a0\u00bb][vc_separator type=\u00a0\u00bbtransparent\u00a0\u00bb up=\u00a0\u00bb30&Prime; up_style=\u00a0\u00bbpx\u00a0\u00bb down=\u00a0\u00bb0&Prime; down_style=\u00a0\u00bbpx\u00a0\u00bb][vc_single_image image=\u00a0\u00bb350499&Prime; img_size=\u00a0\u00bblarge\u00a0\u00bb onclick=\u00a0\u00bblink_image\u00a0\u00bb][\/vc_column][vc_column offset=\u00a0\u00bbvc_col-lg-6 vc_col-md-6 vc_col-xs-12&Prime;][vc_text_separator title=\u00a0\u00bb\u00a0\u00bb text_in_box=\u00a0\u00bbno\u00a0\u00bb text_position=\u00a0\u00bbleft\u00a0\u00bb box_padding=\u00a0\u00bb0&Prime; line_color=\u00a0\u00bb#0a0a0a\u00a0\u00bb line_width=\u00a0\u00bb43&Prime; animation=\u00a0\u00bbdefault\u00a0\u00bb line_thickness=\u00a0\u00bb1&Prime; line_border_style=\u00a0\u00bbsolid\u00a0\u00bb up=\u00a0\u00bb5&Prime; down=\u00a0\u00bb4&Prime; line_dots=\u00a0\u00bbno\u00a0\u00bb][vc_column_text]<\/p>\n<h5>\u00a0 02<\/h5>\n<p>[\/vc_column_text][vc_text_separator title=\u00a0\u00bb\u00a0\u00bb text_in_box=\u00a0\u00bbno\u00a0\u00bb text_position=\u00a0\u00bbleft\u00a0\u00bb box_padding=\u00a0\u00bb0&Prime; line_color=\u00a0\u00bb#0a0a0a\u00a0\u00bb line_width=\u00a0\u00bb43&Prime; animation=\u00a0\u00bbdefault\u00a0\u00bb line_thickness=\u00a0\u00bb1&Prime; line_border_style=\u00a0\u00bbsolid\u00a0\u00bb up=\u00a0\u00bb5&Prime; down=\u00a0\u00bb5&Prime; line_dots=\u00a0\u00bbno\u00a0\u00bb][vc_column_text]<\/p>\n<h6>Services aux embarcations<\/h6>\n<p>[\/vc_column_text][vc_separator type=\u00a0\u00bbtransparent\u00a0\u00bb up=\u00a0\u00bb35&Prime; up_style=\u00a0\u00bbpx\u00a0\u00bb down=\u00a0\u00bb0&Prime; down_style=\u00a0\u00bbpx\u00a0\u00bb][vc_column_text]\u2022 Entreposage des embarcations en cale s\u00e8che ;<br \/>\n\u2022 Grue ;<br \/>\n\u2022 Zone de r\u00e9parations et d&rsquo;entretien \u00e0 l\u2019air libre ;<br \/>\n\u2022 Bers pour bateaux \u00e0 moteur ;<br \/>\n\u2022 Pon\u00e7age d\u2019embarcations ;<br \/>\n\u2022 Collecte des carburants ;<br \/>\n\u2022 Collecte des filtres ;<br \/>\n\u2022 Collecte des batteries ;<br \/>\n\u2022 Collecte des emballages en plastique ;<br \/>\n\u2022 Collecte des emballages m\u00e9talliques ;<br \/>\n\u2022 Collecte des textiles us\u00e9s et absorbants ;<br \/>\n\u2022 Collecte des d\u00e9chets organiques ;<br \/>\n\u2022 Nettoyage de coques ;<br \/>\n\u2022 Nettoyage des sentines ;<br \/>\n\u2022 R\u00e9parations m\u00e9caniques et \u00e9lectriques ;<br \/>\n\u2022 Application de peintures anti-incrustantes et peintures en g\u00e9n\u00e9ral ;<br \/>\n\u2022 Travail de fibres ;<br \/>\n\u2022 B\u00e2ches et textiles ;<br \/>\n\u2022 Gestion des inspections techniques des embarcations ;<br \/>\n\u2022 D\u00e9marreur de batteries ;<br \/>\n\u2022 Pompe de cale ;<br \/>\n\u2022 Chargeur de batterie ;<br \/>\n\u2022 Zone de chantier ;<br \/>\n\u2022 Eau et \u00e9lectricit\u00e9 ;<br \/>\n\u2022 S\u00e9curit\u00e9 nocturne ;<br \/>\n\u2022 Pompe \u00e0 essence ;<br \/>\n\u2022 \u00c9clairage des ponts ;<br \/>\n\u2022 Service anti-incendie.[\/vc_column_text][vc_separator type=\u00a0\u00bbtransparent\u00a0\u00bb up=\u00a0\u00bb30&Prime; up_style=\u00a0\u00bbpx\u00a0\u00bb down=\u00a0\u00bb0&Prime; down_style=\u00a0\u00bbpx\u00a0\u00bb][\/vc_column][\/vc_row][vc_row row_type=\u00a0\u00bbrow\u00a0\u00bb use_row_as_full_screen_section=\u00a0\u00bbno\u00a0\u00bb type=\u00a0\u00bbfull_width\u00a0\u00bb text_align=\u00a0\u00bbleft\u00a0\u00bb box_shadow_on_row=\u00a0\u00bbno\u00a0\u00bb][vc_column][vc_empty_space height=\u00a0\u00bb20px\u00a0\u00bb image_repeat=\u00a0\u00bbno-repeat\u00a0\u00bb][\/vc_column][\/vc_row][vc_row row_type=\u00a0\u00bbrow\u00a0\u00bb use_row_as_full_screen_section=\u00a0\u00bbno\u00a0\u00bb type=\u00a0\u00bbgrid\u00a0\u00bb text_align=\u00a0\u00bbleft\u00a0\u00bb padding_top=\u00a0\u00bb40&Prime; padding_bottom=\u00a0\u00bb50&Prime; box_shadow_on_row=\u00a0\u00bbno\u00a0\u00bb][vc_column offset=\u00a0\u00bbvc_col-lg-6 vc_col-md-6 vc_col-xs-12&Prime;][vc_text_separator title=\u00a0\u00bb\u00a0\u00bb text_in_box=\u00a0\u00bbno\u00a0\u00bb text_position=\u00a0\u00bbleft\u00a0\u00bb box_padding=\u00a0\u00bb0&Prime; line_color=\u00a0\u00bb#0a0a0a\u00a0\u00bb line_width=\u00a0\u00bb43&Prime; animation=\u00a0\u00bbdefault\u00a0\u00bb line_thickness=\u00a0\u00bb1&Prime; line_border_style=\u00a0\u00bbsolid\u00a0\u00bb up=\u00a0\u00bb5&Prime; down=\u00a0\u00bb4&Prime; line_dots=\u00a0\u00bbno\u00a0\u00bb][vc_column_text]<\/p>\n<h5>\u00a0 03<\/h5>\n<p>[\/vc_column_text][vc_text_separator title=\u00a0\u00bb\u00a0\u00bb text_in_box=\u00a0\u00bbno\u00a0\u00bb text_position=\u00a0\u00bbleft\u00a0\u00bb box_padding=\u00a0\u00bb0&Prime; line_color=\u00a0\u00bb#0a0a0a\u00a0\u00bb line_width=\u00a0\u00bb43&Prime; animation=\u00a0\u00bbdefault\u00a0\u00bb line_thickness=\u00a0\u00bb1&Prime; line_border_style=\u00a0\u00bbsolid\u00a0\u00bb up=\u00a0\u00bb5&Prime; down=\u00a0\u00bb5&Prime; line_dots=\u00a0\u00bbno\u00a0\u00bb][vc_column_text]<\/p>\n<h6><strong>Services aux usagers\u00a0<\/strong><\/h6>\n<p>[\/vc_column_text][vc_separator type=\u00a0\u00bbtransparent\u00a0\u00bb up=\u00a0\u00bb35&Prime; up_style=\u00a0\u00bbpx\u00a0\u00bb down=\u00a0\u00bb0&Prime; down_style=\u00a0\u00bbpx\u00a0\u00bb][vc_column_text]<\/p>\n<ul>\n<li>Quai d&rsquo;attente ;<br \/>\n\u2022 Aide aux manouvres et \u00e0 l\u2019amarrage ;<br \/>\n\u2022 Remorque portuaire ;<br \/>\n\u2022 Entreposage de cargaison ;<br \/>\n\u2022 Toilettes ;<br \/>\n\u2022 Vestiaires et douches ;<br \/>\n\u2022 Locaux commerciaux ;<br \/>\n\u2022 R\u00e9ception ;<br \/>\n\u2022 T\u00e9l\u00e9phone et e-mail ;<br \/>\n\u2022 Poste ;<br \/>\n\u2022 Premiers secours ;<br \/>\n\u2022 Service de catering \u00e0 bord ;<br \/>\n\u2022 Location de v\u00e9hicules ;<br \/>\n\u2022 R\u00e9servations de taxi ;<br \/>\n\u2022 R\u00e9servations d\u2019h\u00f4tels et de restaurants ;<br \/>\n\u2022 Vente de gla\u00e7ons ;<br \/>\n\u2022 Acc\u00e8s pour handicap\u00e9s ;<br \/>\n\u2022 Location de bateau \u00e0 moteur ;<br \/>\n\u2022 Location de jet-skis ;<br \/>\n\u2022 Centre de plong\u00e9e ;<br \/>\n\u2022 Informations m\u00e9t\u00e9orologiques ;<br \/>\n\u2022 Informations touristiques ;<br \/>\n\u2022 Acc\u00e8s Wi-Fi.<\/li>\n<\/ul>\n<p>[\/vc_column_text][vc_separator type=\u00a0\u00bbtransparent\u00a0\u00bb up=\u00a0\u00bb30&Prime; up_style=\u00a0\u00bbpx\u00a0\u00bb down=\u00a0\u00bb0&Prime; down_style=\u00a0\u00bbpx\u00a0\u00bb][\/vc_column][vc_column offset=\u00a0\u00bbvc_col-lg-6 vc_col-md-6 vc_col-xs-12&Prime;][vc_empty_space height=\u00a0\u00bb50px\u00a0\u00bb image_repeat=\u00a0\u00bbno-repeat\u00a0\u00bb][vc_single_image image=\u00a0\u00bb350497&Prime; img_size=\u00a0\u00bblarge\u00a0\u00bb onclick=\u00a0\u00bblink_image\u00a0\u00bb][vc_separator type=\u00a0\u00bbtransparent\u00a0\u00bb up=\u00a0\u00bb30&Prime; up_style=\u00a0\u00bbpx\u00a0\u00bb down=\u00a0\u00bb0&Prime; down_style=\u00a0\u00bbpx\u00a0\u00bb][vc_single_image image=\u00a0\u00bb350498&Prime; img_size=\u00a0\u00bblarge\u00a0\u00bb onclick=\u00a0\u00bblink_image\u00a0\u00bb][\/vc_column][\/vc_row]<\/p>\n<\/div>","protected":false},"excerpt":{"rendered":"<p>[vc_row row_type=\u00a0\u00bbrow\u00a0\u00bb use_row_as_full_screen_section=\u00a0\u00bbno\u00a0\u00bb type=\u00a0\u00bbfull_width\u00a0\u00bb text_align=\u00a0\u00bbleft\u00a0\u00bb box_shadow_on_row=\u00a0\u00bbno\u00a0\u00bb][vc_column][vc_empty_space height=\u00a0\u00bb20px\u00a0\u00bb image_repeat=\u00a0\u00bbno-repeat\u00a0\u00bb][\/vc_column][\/vc_row][vc_row row_type=\u00a0\u00bbrow\u00a0\u00bb use_row_as_full_screen_section=\u00a0\u00bbno\u00a0\u00bb type=\u00a0\u00bbgrid\u00a0\u00bb text_align=\u00a0\u00bbleft\u00a0\u00bb padding_top=\u00a0\u00bb80&Prime; padding_bottom=\u00a0\u00bb50&Prime; box_shadow_on_row=\u00a0\u00bbno\u00a0\u00bb][vc_column offset=\u00a0\u00bbvc_col-lg-6 vc_col-md-6 vc_col-xs-12&Prime;][vc_text_separator title=\u00a0\u00bb\u00a0\u00bb text_in_box=\u00a0\u00bbno\u00a0\u00bb text_position=\u00a0\u00bbleft\u00a0\u00bb box_padding=\u00a0\u00bb0&Prime; line_color=\u00a0\u00bb#0a0a0a\u00a0\u00bb line_width=\u00a0\u00bb43&Prime; animation=\u00a0\u00bbdefault\u00a0\u00bb line_thickness=\u00a0\u00bb1&Prime; line_border_style=\u00a0\u00bbsolid\u00a0\u00bb up=\u00a0\u00bb5&Prime; down=\u00a0\u00bb4&Prime; line_dots=\u00a0\u00bbno\u00a0\u00bb][vc_column_text] \u00a0 01 [\/vc_column_text][vc_text_separator title=\u00a0\u00bb\u00a0\u00bb text_in_box=\u00a0\u00bbno\u00a0\u00bb text_position=\u00a0\u00bbleft\u00a0\u00bb box_padding=\u00a0\u00bb0&Prime; line_color=\u00a0\u00bb#0a0a0a\u00a0\u00bb line_width=\u00a0\u00bb43&Prime; animation=\u00a0\u00bbdefault\u00a0\u00bb line_thickness=\u00a0\u00bb1&Prime; line_border_style=\u00a0\u00bbsolid\u00a0\u00bb up=\u00a0\u00bb5&Prime; down=\u00a0\u00bb5&Prime; line_dots=\u00a0\u00bbno\u00a0\u00bb][vc_column_text]&#8230;<\/p>\n","protected":false},"author":1,"featured_media":0,"parent":0,"menu_order":0,"comment_status":"open","ping_status":"open","template":"","meta":{"footnotes":""},"class_list":["post-3069","page","type-page","status-publish","hentry"],"_links":{"self":[{"href":"https:\/\/marinanoufontana.es\/fr\/wp-json\/wp\/v2\/pages\/3069","targetHints":{"allow":["GET"]}}],"collection":[{"href":"https:\/\/marinanoufontana.es\/fr\/wp-json\/wp\/v2\/pages"}],"about":[{"href":"https:\/\/marinanoufontana.es\/fr\/wp-json\/wp\/v2\/types\/page"}],"author":[{"embeddable":true,"href":"https:\/\/marinanoufontana.es\/fr\/wp-json\/wp\/v2\/users\/1"}],"replies":[{"embeddable":true,"href":"https:\/\/marinanoufontana.es\/fr\/wp-json\/wp\/v2\/comments?post=3069"}],"version-history":[{"count":35,"href":"https:\/\/marinanoufontana.es\/fr\/wp-json\/wp\/v2\/pages\/3069\/revisions"}],"predecessor-version":[{"id":353338,"href":"https:\/\/marinanoufontana.es\/fr\/wp-json\/wp\/v2\/pages\/3069\/revisions\/353338"}],"wp:attachment":[{"href":"https:\/\/marinanoufontana.es\/fr\/wp-json\/wp\/v2\/media?parent=3069"}],"curies":[{"name":"wp","href":"https:\/\/api.w.org\/{rel}","templated":true}]}}