{"id":3076,"date":"2014-06-20T10:31:51","date_gmt":"2014-06-20T10:31:51","guid":{"rendered":"http:\/\/marinanoufontana.es\/?page_id=3076"},"modified":"2024-11-02T09:57:45","modified_gmt":"2024-11-02T09:57:45","slug":"amarres","status":"publish","type":"page","link":"https:\/\/marinanoufontana.es\/fr\/marina-nou-fontana\/amarres\/","title":{"rendered":"Los amarres"},"content":{"rendered":"<div class=\"wpb-content-wrapper\"><p>[vc_row row_type=\u00a0\u00bbrow\u00a0\u00bb use_row_as_full_screen_section=\u00a0\u00bbno\u00a0\u00bb type=\u00a0\u00bbgrid\u00a0\u00bb text_align=\u00a0\u00bbleft\u00a0\u00bb padding_top=\u00a0\u00bb80&Prime; padding_bottom=\u00a0\u00bb50&Prime; box_shadow_on_row=\u00a0\u00bbno\u00a0\u00bb][vc_column offset=\u00a0\u00bbvc_col-lg-6 vc_col-md-6 vc_col-xs-12&Prime;][vc_empty_space height=\u00a0\u00bb180px\u00a0\u00bb image_repeat=\u00a0\u00bbno-repeat\u00a0\u00bb][vc_single_image image=\u00a0\u00bb348557&Prime; img_size=\u00a0\u00bb800 x 600&Prime; onclick=\u00a0\u00bbimg_link_large\u00a0\u00bb][\/vc_column][vc_column offset=\u00a0\u00bbvc_col-lg-6 vc_col-md-6 vc_col-xs-12&Prime;][vc_text_separator title=\u00a0\u00bb\u00a0\u00bb text_in_box=\u00a0\u00bbno\u00a0\u00bb text_position=\u00a0\u00bbleft\u00a0\u00bb box_padding=\u00a0\u00bb0&Prime; line_color=\u00a0\u00bb#0a0a0a\u00a0\u00bb line_width=\u00a0\u00bb43&Prime; animation=\u00a0\u00bbdefault\u00a0\u00bb line_thickness=\u00a0\u00bb1&Prime; line_border_style=\u00a0\u00bbsolid\u00a0\u00bb up=\u00a0\u00bb5&Prime; down=\u00a0\u00bb4&Prime; line_dots=\u00a0\u00bbno\u00a0\u00bb][vc_column_text]<\/p>\n<h5>\u00a0 01<\/h5>\n<p>[\/vc_column_text][vc_text_separator title=\u00a0\u00bb\u00a0\u00bb text_in_box=\u00a0\u00bbno\u00a0\u00bb text_position=\u00a0\u00bbleft\u00a0\u00bb box_padding=\u00a0\u00bb0&Prime; line_color=\u00a0\u00bb#0a0a0a\u00a0\u00bb line_width=\u00a0\u00bb43&Prime; animation=\u00a0\u00bbdefault\u00a0\u00bb line_thickness=\u00a0\u00bb1&Prime; line_border_style=\u00a0\u00bbsolid\u00a0\u00bb up=\u00a0\u00bb5&Prime; down=\u00a0\u00bb5&Prime; line_dots=\u00a0\u00bbno\u00a0\u00bb][vc_column_text]<\/p>\n<h6>AMARRAGES<\/h6>\n<p>[\/vc_column_text][vc_separator type=\u00a0\u00bbtransparent\u00a0\u00bb up=\u00a0\u00bb35&Prime; up_style=\u00a0\u00bbpx\u00a0\u00bb down=\u00a0\u00bb0&Prime; down_style=\u00a0\u00bbpx\u00a0\u00bb][vc_column_text]La distribution des postes d\u2019amarrage adopt\u00e9e pour le <span style=\"color: #33cccc;\"><strong>projet d&rsquo;am\u00e9nagement du canal de La Fontana<\/strong><\/span> (318 postes entre 5 et 9 m\u00e8tres de long, ce nombre pouvant varier en fonction des changements que pourrait conna\u00eetre le projet) permet un taux d&rsquo;occupation \u00e9lev\u00e9 du plan d&rsquo;eau pour optimiser son utilisation, tout en <span style=\"color: #33cccc;\"><strong>assurant un haut niveau de fonctionnalit\u00e9 des installations.<\/strong>\u00a0<\/span>Ladite optimisation est une condition \u00e0 introduire d\u00e8s la conception, compte tenu de la forte demande pour l&rsquo;amarrage que doivent satisfaire nos installations.<\/p>\n<p>Pour ce faire, l\u2019on a choisi l&rsquo;accostage perpendiculaire avec amarrage \u00e0 un levier lat\u00e9ral sur la plus grande partie du port. Il existe n\u00e9anmoins des postes d&rsquo;amarrage parall\u00e8les. L\u2019un des nombreux avantages de l&rsquo;amarrage perpendiculaire, malgr\u00e9 son co\u00fbt plus \u00e9lev\u00e9, est de permettre l&rsquo;\u00e9limination du mouillage, en d\u00e9limitant le poste d\u2019amarrage, ce qui permet <span style=\"color: #33cccc;\"><strong>de maximiser la largeur effective du canal de navigation en d\u00e9limitant les postes d&rsquo;amarrage.<\/strong><\/span>[\/vc_column_text][vc_empty_space height=\u00a0\u00bb40px\u00a0\u00bb image_repeat=\u00a0\u00bbno-repeat\u00a0\u00bb][vc_column_text]<span style=\"color: #33cccc;\"><a style=\"color: #33cccc;\" href=\"http:\/\/marinanoufontana.es\/wp-content\/uploads\/2016\/03\/PLANOWEBVENTADEAMARRES020216.pdf\" target=\"_blank\" rel=\"noopener\"><strong><u>T\u00e9l\u00e9chargement du plan pdf ICI<\/u><\/strong><\/a><\/span><\/p>\n<p>[\/vc_column_text][\/vc_column][\/vc_row][vc_row row_type=\u00a0\u00bbrow\u00a0\u00bb use_row_as_full_screen_section=\u00a0\u00bbno\u00a0\u00bb type=\u00a0\u00bbfull_width\u00a0\u00bb text_align=\u00a0\u00bbleft\u00a0\u00bb box_shadow_on_row=\u00a0\u00bbno\u00a0\u00bb][vc_column][vc_empty_space height=\u00a0\u00bb50px\u00a0\u00bb image_repeat=\u00a0\u00bbno-repeat\u00a0\u00bb][\/vc_column][\/vc_row][vc_row row_type=\u00a0\u00bbrow\u00a0\u00bb use_row_as_full_screen_section=\u00a0\u00bbno\u00a0\u00bb type=\u00a0\u00bbfull_width\u00a0\u00bb text_align=\u00a0\u00bbleft\u00a0\u00bb box_shadow_on_row=\u00a0\u00bbno\u00a0\u00bb][vc_column width=\u00a0\u00bb1\/6&Prime;][vc_column_text]<span style=\"color: #33cccc;\"><strong>Longueur des amarrages<\/strong><\/span>[\/vc_column_text][vc_text_separator title=\u00a0\u00bb\u00a0\u00bb text_in_box=\u00a0\u00bbno\u00a0\u00bb text_position=\u00a0\u00bbleft\u00a0\u00bb box_padding=\u00a0\u00bb0&Prime; line_color=\u00a0\u00bb#0a0a0a\u00a0\u00bb line_width=\u00a0\u00bb100&Prime; animation=\u00a0\u00bbdefault\u00a0\u00bb line_thickness=\u00a0\u00bb1&Prime; line_border_style=\u00a0\u00bbsolid\u00a0\u00bb up=\u00a0\u00bb54&Prime; down=\u00a0\u00bb5&Prime; line_dots=\u00a0\u00bbno\u00a0\u00bb][vc_column_text]5,25[\/vc_column_text][vc_column_text]5,5[\/vc_column_text][vc_column_text]5,75[\/vc_column_text][vc_column_text]6[\/vc_column_text][vc_column_text]6,25[\/vc_column_text][vc_column_text]6,5[\/vc_column_text][vc_column_text]6,75[\/vc_column_text][vc_column_text]7[\/vc_column_text][vc_column_text]7,25[\/vc_column_text][vc_column_text]8,05[\/vc_column_text][vc_column_text]8,1[\/vc_column_text][\/vc_column][vc_column width=\u00a0\u00bb1\/6&Prime;][vc_column_text]<span style=\"color: #33cccc;\"><strong>Largeur des amarrages<\/strong><\/span>[\/vc_column_text][vc_text_separator title=\u00a0\u00bb\u00a0\u00bb text_in_box=\u00a0\u00bbno\u00a0\u00bb text_position=\u00a0\u00bbleft\u00a0\u00bb box_padding=\u00a0\u00bb0&Prime; line_color=\u00a0\u00bb#0a0a0a\u00a0\u00bb line_width=\u00a0\u00bb100&Prime; animation=\u00a0\u00bbdefault\u00a0\u00bb line_thickness=\u00a0\u00bb1&Prime; line_border_style=\u00a0\u00bbsolid\u00a0\u00bb up=\u00a0\u00bb54&Prime; down=\u00a0\u00bb5&Prime; line_dots=\u00a0\u00bbno\u00a0\u00bb][vc_column_text]2,6[\/vc_column_text][vc_column_text]2,65[\/vc_column_text][vc_column_text]2,7[\/vc_column_text][vc_column_text]2,75[\/vc_column_text][vc_column_text]2,85[\/vc_column_text][vc_column_text]2,85[\/vc_column_text][vc_column_text]2,85[\/vc_column_text][vc_column_text]2,95[\/vc_column_text][vc_column_text]3[\/vc_column_text][vc_column_text]3[\/vc_column_text][vc_column_text]3[\/vc_column_text][\/vc_column][vc_column width=\u00a0\u00bb1\/6&Prime;][vc_column_text]<span style=\"color: #33cccc;\"><strong>M2 des amarrages<\/strong><\/span>[\/vc_column_text][vc_text_separator title=\u00a0\u00bb\u00a0\u00bb text_in_box=\u00a0\u00bbno\u00a0\u00bb text_position=\u00a0\u00bbleft\u00a0\u00bb box_padding=\u00a0\u00bb0&Prime; line_color=\u00a0\u00bb#0a0a0a\u00a0\u00bb line_width=\u00a0\u00bb100&Prime; animation=\u00a0\u00bbdefault\u00a0\u00bb line_thickness=\u00a0\u00bb1&Prime; line_border_style=\u00a0\u00bbsolid\u00a0\u00bb up=\u00a0\u00bb54&Prime; down=\u00a0\u00bb5&Prime; line_dots=\u00a0\u00bbno\u00a0\u00bb][vc_column_text]13,65[\/vc_column_text][vc_column_text]14,575[\/vc_column_text][vc_column_text]14,525[\/vc_column_text][vc_column_text]15,52[\/vc_column_text][vc_column_text]16,5[\/vc_column_text][vc_column_text]17,8125[\/vc_column_text][vc_column_text]18,525[\/vc_column_text][vc_column_text]19,2375[\/vc_column_text][vc_column_text]20,65[\/vc_column_text][vc_column_text]21,75[\/vc_column_text][vc_column_text]24,15[\/vc_column_text][\/vc_column][vc_column width=\u00a0\u00bb1\/6&Prime;][vc_column_text]<span style=\"color: #33cccc;\"><strong>Proc\u00e9dure d\u2019amarrage<\/strong><\/span>[\/vc_column_text][vc_text_separator title=\u00a0\u00bb\u00a0\u00bb text_in_box=\u00a0\u00bbno\u00a0\u00bb text_position=\u00a0\u00bbleft\u00a0\u00bb box_padding=\u00a0\u00bb0&Prime; line_color=\u00a0\u00bb#0a0a0a\u00a0\u00bb line_width=\u00a0\u00bb100&Prime; animation=\u00a0\u00bbdefault\u00a0\u00bb line_thickness=\u00a0\u00bb1&Prime; line_border_style=\u00a0\u00bbsolid\u00a0\u00bb up=\u00a0\u00bb31&Prime; down=\u00a0\u00bb5&Prime; line_dots=\u00a0\u00bbno\u00a0\u00bb][vc_column_text]PUNTA[\/vc_column_text][vc_column_text]PUNTA[\/vc_column_text][vc_column_text]PUNTA[\/vc_column_text][vc_column_text]PUNTA[\/vc_column_text][vc_column_text]PUNTA[\/vc_column_text][vc_column_text]PUNTA[\/vc_column_text][vc_column_text]PUNTA[\/vc_column_text][vc_column_text]PUNTA[\/vc_column_text][vc_column_text]PUNTA[\/vc_column_text][vc_column_text]COSTADO[\/vc_column_text][vc_column_text]COSTADO[\/vc_column_text][\/vc_column][vc_column width=\u00a0\u00bb1\/6&Prime;][vc_column_text]<span style=\"color: #33cccc;\"><strong>Longueur maximale admissible du bateau<\/strong><\/span>[\/vc_column_text][vc_text_separator title=\u00a0\u00bb\u00a0\u00bb text_in_box=\u00a0\u00bbno\u00a0\u00bb text_position=\u00a0\u00bbleft\u00a0\u00bb box_padding=\u00a0\u00bb0&Prime; line_color=\u00a0\u00bb#0a0a0a\u00a0\u00bb line_width=\u00a0\u00bb100&Prime; animation=\u00a0\u00bbdefault\u00a0\u00bb line_thickness=\u00a0\u00bb1&Prime; line_border_style=\u00a0\u00bbsolid\u00a0\u00bb up=\u00a0\u00bb5&Prime; down=\u00a0\u00bb5&Prime; line_dots=\u00a0\u00bbno\u00a0\u00bb][vc_column_text]5[\/vc_column_text][vc_column_text]5,25[\/vc_column_text][vc_column_text]5,5[\/vc_column_text][vc_column_text]5,75[\/vc_column_text][vc_column_text]6[\/vc_column_text][vc_column_text]6,25[\/vc_column_text][vc_column_text]6,5[\/vc_column_text][vc_column_text]6,75[\/vc_column_text][vc_column_text]7[\/vc_column_text][vc_column_text]7,25[\/vc_column_text][vc_column_text]7,25[\/vc_column_text][\/vc_column][vc_column width=\u00a0\u00bb1\/6&Prime;][vc_column_text]<span style=\"color: #33cccc;\"><strong>Largeur maximale admissible du bateau<\/strong><\/span>[\/vc_column_text][vc_text_separator title=\u00a0\u00bb\u00a0\u00bb text_in_box=\u00a0\u00bbno\u00a0\u00bb text_position=\u00a0\u00bbleft\u00a0\u00bb box_padding=\u00a0\u00bb0&Prime; line_color=\u00a0\u00bb#0a0a0a\u00a0\u00bb line_width=\u00a0\u00bb100&Prime; animation=\u00a0\u00bbdefault\u00a0\u00bb line_thickness=\u00a0\u00bb1&Prime; line_border_style=\u00a0\u00bbsolid\u00a0\u00bb up=\u00a0\u00bb5&Prime; down=\u00a0\u00bb5&Prime; line_dots=\u00a0\u00bbno\u00a0\u00bb][vc_column_text]2,30[\/vc_column_text][vc_column_text]2,30[\/vc_column_text][vc_column_text]2,35[\/vc_column_text][vc_column_text]2,40[\/vc_column_text][vc_column_text]2,60[\/vc_column_text][vc_column_text]2,60[\/vc_column_text][vc_column_text]2,60[\/vc_column_text][vc_column_text]2,60[\/vc_column_text][vc_column_text]2,60[\/vc_column_text][vc_column_text]2,80[\/vc_column_text][vc_column_text]2,80[\/vc_column_text][\/vc_column][\/vc_row][vc_row row_type=\u00a0\u00bbrow\u00a0\u00bb use_row_as_full_screen_section=\u00a0\u00bbno\u00a0\u00bb type=\u00a0\u00bbfull_width\u00a0\u00bb text_align=\u00a0\u00bbleft\u00a0\u00bb box_shadow_on_row=\u00a0\u00bbno\u00a0\u00bb][vc_column][vc_empty_space height=\u00a0\u00bb50px\u00a0\u00bb image_repeat=\u00a0\u00bbno-repeat\u00a0\u00bb][\/vc_column][\/vc_row]<\/p>\n<\/div>","protected":false},"excerpt":{"rendered":"<p>[vc_row row_type=\u00a0\u00bbrow\u00a0\u00bb use_row_as_full_screen_section=\u00a0\u00bbno\u00a0\u00bb type=\u00a0\u00bbgrid\u00a0\u00bb text_align=\u00a0\u00bbleft\u00a0\u00bb padding_top=\u00a0\u00bb80&Prime; padding_bottom=\u00a0\u00bb50&Prime; box_shadow_on_row=\u00a0\u00bbno\u00a0\u00bb][vc_column offset=\u00a0\u00bbvc_col-lg-6 vc_col-md-6 vc_col-xs-12&Prime;][vc_empty_space height=\u00a0\u00bb180px\u00a0\u00bb image_repeat=\u00a0\u00bbno-repeat\u00a0\u00bb][vc_single_image image=\u00a0\u00bb348557&Prime; img_size=\u00a0\u00bb800 x 600&Prime; onclick=\u00a0\u00bbimg_link_large\u00a0\u00bb][\/vc_column][vc_column offset=\u00a0\u00bbvc_col-lg-6 vc_col-md-6 vc_col-xs-12&Prime;][vc_text_separator title=\u00a0\u00bb\u00a0\u00bb text_in_box=\u00a0\u00bbno\u00a0\u00bb text_position=\u00a0\u00bbleft\u00a0\u00bb box_padding=\u00a0\u00bb0&Prime; line_color=\u00a0\u00bb#0a0a0a\u00a0\u00bb line_width=\u00a0\u00bb43&Prime; animation=\u00a0\u00bbdefault\u00a0\u00bb line_thickness=\u00a0\u00bb1&Prime; line_border_style=\u00a0\u00bbsolid\u00a0\u00bb up=\u00a0\u00bb5&Prime; down=\u00a0\u00bb4&Prime; line_dots=\u00a0\u00bbno\u00a0\u00bb][vc_column_text] \u00a0 01 [\/vc_column_text][vc_text_separator title=\u00a0\u00bb\u00a0\u00bb text_in_box=\u00a0\u00bbno\u00a0\u00bb text_position=\u00a0\u00bbleft\u00a0\u00bb box_padding=\u00a0\u00bb0&Prime; line_color=\u00a0\u00bb#0a0a0a\u00a0\u00bb line_width=\u00a0\u00bb43&Prime; animation=\u00a0\u00bbdefault\u00a0\u00bb line_thickness=\u00a0\u00bb1&Prime; line_border_style=\u00a0\u00bbsolid\u00a0\u00bb&#8230;<\/p>\n","protected":false},"author":1,"featured_media":0,"parent":3069,"menu_order":0,"comment_status":"open","ping_status":"closed","template":"","meta":{"footnotes":""},"class_list":["post-3076","page","type-page","status-publish","hentry"],"_links":{"self":[{"href":"https:\/\/marinanoufontana.es\/fr\/wp-json\/wp\/v2\/pages\/3076","targetHints":{"allow":["GET"]}}],"collection":[{"href":"https:\/\/marinanoufontana.es\/fr\/wp-json\/wp\/v2\/pages"}],"about":[{"href":"https:\/\/marinanoufontana.es\/fr\/wp-json\/wp\/v2\/types\/page"}],"author":[{"embeddable":true,"href":"https:\/\/marinanoufontana.es\/fr\/wp-json\/wp\/v2\/users\/1"}],"replies":[{"embeddable":true,"href":"https:\/\/marinanoufontana.es\/fr\/wp-json\/wp\/v2\/comments?post=3076"}],"version-history":[{"count":83,"href":"https:\/\/marinanoufontana.es\/fr\/wp-json\/wp\/v2\/pages\/3076\/revisions"}],"predecessor-version":[{"id":354562,"href":"https:\/\/marinanoufontana.es\/fr\/wp-json\/wp\/v2\/pages\/3076\/revisions\/354562"}],"up":[{"embeddable":true,"href":"https:\/\/marinanoufontana.es\/fr\/wp-json\/wp\/v2\/pages\/3069"}],"wp:attachment":[{"href":"https:\/\/marinanoufontana.es\/fr\/wp-json\/wp\/v2\/media?parent=3076"}],"curies":[{"name":"wp","href":"https:\/\/api.w.org\/{rel}","templated":true}]}}