{"id":3107,"date":"2014-06-20T10:33:25","date_gmt":"2014-06-20T10:33:25","guid":{"rendered":"http:\/\/marinanoufontana.es\/?page_id=3107"},"modified":"2025-12-17T07:04:02","modified_gmt":"2025-12-17T07:04:02","slug":"quienes-somos","status":"publish","type":"page","link":"https:\/\/marinanoufontana.es\/fr\/quienes-somos\/","title":{"rendered":"Quienes somos"},"content":{"rendered":"<div class=\"wpb-content-wrapper\"><p>[vc_row row_type=\u00a0\u00bbrow\u00a0\u00bb use_row_as_full_screen_section=\u00a0\u00bbno\u00a0\u00bb type=\u00a0\u00bbfull_width\u00a0\u00bb text_align=\u00a0\u00bbleft\u00a0\u00bb box_shadow_on_row=\u00a0\u00bbno\u00a0\u00bb][vc_column][vc_empty_space height=\u00a0\u00bb60px\u00a0\u00bb image_repeat=\u00a0\u00bbno-repeat\u00a0\u00bb][\/vc_column][\/vc_row][vc_row row_type=\u00a0\u00bbrow\u00a0\u00bb use_row_as_full_screen_section=\u00a0\u00bbno\u00a0\u00bb type=\u00a0\u00bbgrid\u00a0\u00bb text_align=\u00a0\u00bbleft\u00a0\u00bb box_shadow_on_row=\u00a0\u00bbno\u00a0\u00bb][vc_column][vc_row_inner row_type=\u00a0\u00bbrow\u00a0\u00bb type=\u00a0\u00bbfull_width\u00a0\u00bb use_row_as_full_screen_section_slide=\u00a0\u00bbno\u00a0\u00bb text_align=\u00a0\u00bbleft\u00a0\u00bb box_shadow_on_row=\u00a0\u00bbno\u00a0\u00bb][vc_column_inner width=\u00a0\u00bb1\/2&Prime;][vc_text_separator title=\u00a0\u00bb\u00a0\u00bb text_in_box=\u00a0\u00bbno\u00a0\u00bb text_position=\u00a0\u00bbleft\u00a0\u00bb box_padding=\u00a0\u00bb0&Prime; line_color=\u00a0\u00bb#0a0a0a\u00a0\u00bb line_width=\u00a0\u00bb43&Prime; animation=\u00a0\u00bbdefault\u00a0\u00bb line_thickness=\u00a0\u00bb1&Prime; line_border_style=\u00a0\u00bbsolid\u00a0\u00bb up=\u00a0\u00bb5&Prime; down=\u00a0\u00bb4&Prime; line_dots=\u00a0\u00bbno\u00a0\u00bb][vc_column_text]<\/p>\n<h5>\u00a0 01<\/h5>\n<p>[\/vc_column_text][vc_text_separator title=\u00a0\u00bb\u00a0\u00bb text_in_box=\u00a0\u00bbno\u00a0\u00bb text_position=\u00a0\u00bbleft\u00a0\u00bb box_padding=\u00a0\u00bb0&Prime; line_color=\u00a0\u00bb#0a0a0a\u00a0\u00bb line_width=\u00a0\u00bb43&Prime; animation=\u00a0\u00bbdefault\u00a0\u00bb line_thickness=\u00a0\u00bb1&Prime; line_border_style=\u00a0\u00bbsolid\u00a0\u00bb up=\u00a0\u00bb5&Prime; down=\u00a0\u00bb5&Prime; line_dots=\u00a0\u00bbno\u00a0\u00bb][vc_column_text]<\/p>\n<h6>\u00c0 Propos<\/h6>\n<p>[\/vc_column_text][vc_separator type=\u00a0\u00bbtransparent\u00a0\u00bb up=\u00a0\u00bb35&Prime; up_style=\u00a0\u00bbpx\u00a0\u00bb down=\u00a0\u00bb0&Prime; down_style=\u00a0\u00bbpx\u00a0\u00bb][vc_column_text]<span style=\"color: #33cccc;\"><strong>Marina Nou Fontana<\/strong><\/span> est la soci\u00e9t\u00e9 concessionnaire qui depuis 2000 g\u00e8re la Marina int\u00e9rieure de Javea, compos\u00e9e de 151 postes. La sortie des bateaux en mer se fait par le canal de la Fontana.<\/p>\n<p>&nbsp;<\/p>\n<p><span style=\"color: #33cccc;\"><strong>Marina Nou Fontana<\/strong><\/span>, est aussi le concessionnaire charg\u00e9 du projet d&rsquo;am\u00e9nagement du canal de la Fontana (Javea-Alicante) en installation nautique et sportive et de sa gestion future, pr\u00e9vue pour une p\u00e9riode de concession de 30 ans.\u00a0Tout cela, dans le cadre du contrat sign\u00e9 avec la Conselleria de Infrastructuras le 28 novembre 2014.<\/p>\n<p>&nbsp;<\/p>\n<p>Notre intention est de tirer parti de l&rsquo;exp\u00e9rience accumul\u00e9e au fil des ans pour devenir une r\u00e9f\u00e9rence pour les amateurs de la mer qui viennent profiter de nos installations.<\/p>\n<p>&nbsp;<\/p>\n<p><span style=\"color: #33cccc;\"><strong>Notre \u00e9quipe de gestion<\/strong><\/span> exp\u00e9riment\u00e9e a pour mission la satisfaction maximale du client tout au long de l&rsquo;ann\u00e9e. Il se compose des professionnels suivants :[\/vc_column_text][vc_separator type=\u00a0\u00bbtransparent\u00a0\u00bb up=\u00a0\u00bb30&Prime; up_style=\u00a0\u00bbpx\u00a0\u00bb down=\u00a0\u00bb0&Prime; down_style=\u00a0\u00bbpx\u00a0\u00bb][\/vc_column_inner][vc_column_inner width=\u00a0\u00bb1\/2&Prime;][vc_empty_space height=\u00a0\u00bb120px\u00a0\u00bb image_repeat=\u00a0\u00bbno-repeat\u00a0\u00bb][vc_single_image image=\u00a0\u00bb350128&Prime; img_size=\u00a0\u00bb900&#215;750&Prime;][\/vc_column_inner][\/vc_row_inner][\/vc_column][\/vc_row][vc_row row_type=\u00a0\u00bbrow\u00a0\u00bb use_row_as_full_screen_section=\u00a0\u00bbno\u00a0\u00bb type=\u00a0\u00bbfull_width\u00a0\u00bb text_align=\u00a0\u00bbleft\u00a0\u00bb box_shadow_on_row=\u00a0\u00bbno\u00a0\u00bb][vc_column][vc_empty_space height=\u00a0\u00bb40px\u00a0\u00bb image_repeat=\u00a0\u00bbno-repeat\u00a0\u00bb][\/vc_column][\/vc_row][vc_row row_type=\u00a0\u00bbrow\u00a0\u00bb use_row_as_full_screen_section=\u00a0\u00bbno\u00a0\u00bb type=\u00a0\u00bbfull_width\u00a0\u00bb text_align=\u00a0\u00bbleft\u00a0\u00bb box_shadow_on_row=\u00a0\u00bbno\u00a0\u00bb][vc_column][vc_row_inner row_type=\u00a0\u00bbrow\u00a0\u00bb type=\u00a0\u00bbfull_width\u00a0\u00bb use_row_as_full_screen_section_slide=\u00a0\u00bbno\u00a0\u00bb text_align=\u00a0\u00bbleft\u00a0\u00bb box_shadow_on_row=\u00a0\u00bbno\u00a0\u00bb][vc_column_inner width=\u00a0\u00bb1\/6&Prime; css=\u00a0\u00bb.vc_custom_1460312794269{border-radius: 4px !important;}\u00a0\u00bb][vc_single_image image=\u00a0\u00bb349684&Prime; img_size=\u00a0\u00bb200&#215;200&Prime; style=\u00a0\u00bbvc_box_border_circle\u00a0\u00bb border_color=\u00a0\u00bbwhite\u00a0\u00bb][vc_separator type=\u00a0\u00bbtransparent\u00a0\u00bb up_style=\u00a0\u00bbpx\u00a0\u00bb down_style=\u00a0\u00bbpx\u00a0\u00bb][vc_column_text]<\/p>\n<h4>Bernardo Ferrandis<\/h4>\n<p>[\/vc_column_text][vc_separator type=\u00a0\u00bbsmall\u00a0\u00bb position=\u00a0\u00bbleft\u00a0\u00bb color=\u00a0\u00bb#33cccc\u00a0\u00bb up_style=\u00a0\u00bbpx\u00a0\u00bb down_style=\u00a0\u00bbpx\u00a0\u00bb][vc_column_text css=\u00a0\u00bb\u00a0\u00bb]<\/p>\n<h4><strong>G\u00e9rant<\/strong><\/h4>\n<p>[\/vc_column_text][vc_separator type=\u00a0\u00bbtransparent\u00a0\u00bb up_style=\u00a0\u00bbpx\u00a0\u00bb down_style=\u00a0\u00bbpx\u00a0\u00bb][vc_separator type=\u00a0\u00bbtransparent\u00a0\u00bb up_style=\u00a0\u00bbpx\u00a0\u00bb down_style=\u00a0\u00bbpx\u00a0\u00bb][\/vc_column_inner][vc_column_inner width=\u00a0\u00bb1\/6&Prime; css=\u00a0\u00bb.vc_custom_1460312806865{border-radius: 4px !important;}\u00a0\u00bb][vc_single_image image=\u00a0\u00bb349693&Prime; img_size=\u00a0\u00bb200&#215;200&Prime; style=\u00a0\u00bbvc_box_border_circle\u00a0\u00bb border_color=\u00a0\u00bbwhite\u00a0\u00bb][vc_separator type=\u00a0\u00bbtransparent\u00a0\u00bb up_style=\u00a0\u00bbpx\u00a0\u00bb down_style=\u00a0\u00bbpx\u00a0\u00bb][vc_column_text css=\u00a0\u00bb\u00a0\u00bb]<\/p>\n<h4>David Fern\u00e1ndez<\/h4>\n<p>[\/vc_column_text][vc_separator type=\u00a0\u00bbsmall\u00a0\u00bb position=\u00a0\u00bbleft\u00a0\u00bb color=\u00a0\u00bb#33cccc\u00a0\u00bb up_style=\u00a0\u00bbpx\u00a0\u00bb down_style=\u00a0\u00bbpx\u00a0\u00bb][vc_column_text css=\u00a0\u00bb\u00a0\u00bb]<\/p>\n<h4><strong>Directeur Commercial<\/strong><\/h4>\n<p>[\/vc_column_text][vc_separator type=\u00a0\u00bbtransparent\u00a0\u00bb up_style=\u00a0\u00bbpx\u00a0\u00bb down_style=\u00a0\u00bbpx\u00a0\u00bb][vc_separator type=\u00a0\u00bbtransparent\u00a0\u00bb up_style=\u00a0\u00bbpx\u00a0\u00bb down_style=\u00a0\u00bbpx\u00a0\u00bb][\/vc_column_inner][vc_column_inner width=\u00a0\u00bb1\/6&Prime; css=\u00a0\u00bb.vc_custom_1460312820418{border-radius: 4px !important;}\u00a0\u00bb][vc_single_image image=\u00a0\u00bb353363&Prime; img_size=\u00a0\u00bb200&#215;200&Prime; style=\u00a0\u00bbvc_box_border_circle\u00a0\u00bb border_color=\u00a0\u00bbwhite\u00a0\u00bb][vc_separator type=\u00a0\u00bbtransparent\u00a0\u00bb up_style=\u00a0\u00bbpx\u00a0\u00bb down_style=\u00a0\u00bbpx\u00a0\u00bb][vc_column_text css=\u00a0\u00bb\u00a0\u00bb]<\/p>\n<h4>Antonio Gonz\u00e1lez<\/h4>\n<p>[\/vc_column_text][vc_separator type=\u00a0\u00bbsmall\u00a0\u00bb position=\u00a0\u00bbleft\u00a0\u00bb color=\u00a0\u00bb#33cccc\u00a0\u00bb up=\u00a0\u00bb25&Prime; up_style=\u00a0\u00bbpx\u00a0\u00bb down_style=\u00a0\u00bbpx\u00a0\u00bb][vc_column_text]<\/p>\n<h4><strong>Directeur Administratif\u00a0<\/strong><\/h4>\n<p>[\/vc_column_text][vc_separator type=\u00a0\u00bbtransparent\u00a0\u00bb up_style=\u00a0\u00bbpx\u00a0\u00bb down_style=\u00a0\u00bbpx\u00a0\u00bb][vc_separator type=\u00a0\u00bbtransparent\u00a0\u00bb up_style=\u00a0\u00bbpx\u00a0\u00bb down_style=\u00a0\u00bbpx\u00a0\u00bb][\/vc_column_inner][vc_column_inner width=\u00a0\u00bb1\/6&Prime; css=\u00a0\u00bb.vc_custom_1460312833253{border-radius: 4px !important;}\u00a0\u00bb][vc_single_image image=\u00a0\u00bb353946&Prime; img_size=\u00a0\u00bb200&#215;200&Prime; style=\u00a0\u00bbvc_box_border_circle\u00a0\u00bb border_color=\u00a0\u00bbwhite\u00a0\u00bb][vc_separator type=\u00a0\u00bbtransparent\u00a0\u00bb up_style=\u00a0\u00bbpx\u00a0\u00bb down_style=\u00a0\u00bbpx\u00a0\u00bb][vc_column_text]<\/p>\n<h4>Erika Asins<\/h4>\n<p>[\/vc_column_text][vc_separator type=\u00a0\u00bbsmall\u00a0\u00bb position=\u00a0\u00bbleft\u00a0\u00bb color=\u00a0\u00bb#33cccc\u00a0\u00bb up_style=\u00a0\u00bbpx\u00a0\u00bb down_style=\u00a0\u00bbpx\u00a0\u00bb][vc_column_text]<\/p>\n<h4><strong>Administratif\u00a0<\/strong><\/h4>\n<p>[\/vc_column_text][vc_separator type=\u00a0\u00bbtransparent\u00a0\u00bb up_style=\u00a0\u00bbpx\u00a0\u00bb down_style=\u00a0\u00bbpx\u00a0\u00bb][vc_separator type=\u00a0\u00bbtransparent\u00a0\u00bb up_style=\u00a0\u00bbpx\u00a0\u00bb down_style=\u00a0\u00bbpx\u00a0\u00bb][\/vc_column_inner][vc_column_inner width=\u00a0\u00bb1\/6&Prime; css=\u00a0\u00bb.vc_custom_1460312845594{border-radius: 4px !important;}\u00a0\u00bb][vc_single_image image=\u00a0\u00bb354643&Prime; img_size=\u00a0\u00bb200&#215;200&Prime; style=\u00a0\u00bbvc_box_border_circle\u00a0\u00bb border_color=\u00a0\u00bbwhite\u00a0\u00bb css=\u00a0\u00bb\u00a0\u00bb][vc_separator type=\u00a0\u00bbtransparent\u00a0\u00bb up_style=\u00a0\u00bbpx\u00a0\u00bb down_style=\u00a0\u00bbpx\u00a0\u00bb][vc_column_text css=\u00a0\u00bb\u00a0\u00bb]<\/p>\n<h4>Ana Montero<\/h4>\n<p>[\/vc_column_text][vc_separator type=\u00a0\u00bbsmall\u00a0\u00bb position=\u00a0\u00bbleft\u00a0\u00bb color=\u00a0\u00bb#33cccc\u00a0\u00bb up_style=\u00a0\u00bbpx\u00a0\u00bb down_style=\u00a0\u00bbpx\u00a0\u00bb][vc_column_text]<\/p>\n<h4><strong>R\u00e9ception<\/strong><\/h4>\n<p>[\/vc_column_text][vc_separator type=\u00a0\u00bbtransparent\u00a0\u00bb up_style=\u00a0\u00bbpx\u00a0\u00bb down_style=\u00a0\u00bbpx\u00a0\u00bb][vc_separator type=\u00a0\u00bbtransparent\u00a0\u00bb up_style=\u00a0\u00bbpx\u00a0\u00bb down_style=\u00a0\u00bbpx\u00a0\u00bb][\/vc_column_inner][\/vc_row_inner][vc_empty_space height=\u00a0\u00bb40px\u00a0\u00bb image_repeat=\u00a0\u00bbno-repeat\u00a0\u00bb][vc_row_inner row_type=\u00a0\u00bbrow\u00a0\u00bb type=\u00a0\u00bbfull_width\u00a0\u00bb use_row_as_full_screen_section_slide=\u00a0\u00bbno\u00a0\u00bb text_align=\u00a0\u00bbleft\u00a0\u00bb box_shadow_on_row=\u00a0\u00bbno\u00a0\u00bb][vc_column_inner width=\u00a0\u00bb1\/6&Prime;][vc_single_image image=\u00a0\u00bb349698&Prime; img_size=\u00a0\u00bb200&#215;200&Prime; style=\u00a0\u00bbvc_box_border_circle\u00a0\u00bb border_color=\u00a0\u00bbwhite\u00a0\u00bb][vc_separator type=\u00a0\u00bbtransparent\u00a0\u00bb up_style=\u00a0\u00bbpx\u00a0\u00bb down_style=\u00a0\u00bbpx\u00a0\u00bb][vc_column_text]<\/p>\n<h4>Jos\u00e9 Mar\u00eda Puig<\/h4>\n<p>[\/vc_column_text][vc_separator type=\u00a0\u00bbsmall\u00a0\u00bb position=\u00a0\u00bbleft\u00a0\u00bb color=\u00a0\u00bb#33cccc\u00a0\u00bb up=\u00a0\u00bb25&Prime; up_style=\u00a0\u00bbpx\u00a0\u00bb down_style=\u00a0\u00bbpx\u00a0\u00bb][vc_column_text css=\u00a0\u00bb\u00a0\u00bb]<\/p>\n<h4><strong>Contramaestre<\/strong><\/h4>\n<p>[\/vc_column_text][vc_separator type=\u00a0\u00bbtransparent\u00a0\u00bb up_style=\u00a0\u00bbpx\u00a0\u00bb down_style=\u00a0\u00bbpx\u00a0\u00bb][vc_separator type=\u00a0\u00bbtransparent\u00a0\u00bb up_style=\u00a0\u00bbpx\u00a0\u00bb down_style=\u00a0\u00bbpx\u00a0\u00bb][\/vc_column_inner][vc_column_inner width=\u00a0\u00bb1\/6&Prime;][vc_single_image img_size=\u00a0\u00bb200&#215;200&Prime; style=\u00a0\u00bbvc_box_border_circle\u00a0\u00bb border_color=\u00a0\u00bbwhite\u00a0\u00bb css=\u00a0\u00bb\u00a0\u00bb][vc_separator type=\u00a0\u00bbtransparent\u00a0\u00bb up_style=\u00a0\u00bbpx\u00a0\u00bb down_style=\u00a0\u00bbpx\u00a0\u00bb][vc_column_text css=\u00a0\u00bb\u00a0\u00bb]<\/p>\n<h4>Juan Lertora<\/h4>\n<p>[\/vc_column_text][vc_separator type=\u00a0\u00bbsmall\u00a0\u00bb position=\u00a0\u00bbleft\u00a0\u00bb color=\u00a0\u00bb#33cccc\u00a0\u00bb up_style=\u00a0\u00bbpx\u00a0\u00bb down_style=\u00a0\u00bbpx\u00a0\u00bb][vc_column_text]<\/p>\n<h4><strong>Responsable Marin\u00a0<\/strong><\/h4>\n<p>[\/vc_column_text][vc_separator type=\u00a0\u00bbtransparent\u00a0\u00bb up_style=\u00a0\u00bbpx\u00a0\u00bb down_style=\u00a0\u00bbpx\u00a0\u00bb][vc_separator type=\u00a0\u00bbtransparent\u00a0\u00bb up_style=\u00a0\u00bbpx\u00a0\u00bb down_style=\u00a0\u00bbpx\u00a0\u00bb][\/vc_column_inner][vc_column_inner width=\u00a0\u00bb1\/6&Prime;][vc_single_image image=\u00a0\u00bb349673&Prime; img_size=\u00a0\u00bb200&#215;200&Prime; style=\u00a0\u00bbvc_box_border_circle\u00a0\u00bb border_color=\u00a0\u00bbwhite\u00a0\u00bb][vc_separator type=\u00a0\u00bbtransparent\u00a0\u00bb up_style=\u00a0\u00bbpx\u00a0\u00bb down_style=\u00a0\u00bbpx\u00a0\u00bb][vc_column_text]<\/p>\n<h4>\u00c1ngel Alpuente<\/h4>\n<p>[\/vc_column_text][vc_separator type=\u00a0\u00bbsmall\u00a0\u00bb position=\u00a0\u00bbleft\u00a0\u00bb color=\u00a0\u00bb#33cccc\u00a0\u00bb up=\u00a0\u00bb25&Prime; up_style=\u00a0\u00bbpx\u00a0\u00bb down_style=\u00a0\u00bbpx\u00a0\u00bb][vc_column_text]<\/p>\n<h4>Responsable de Mantenimiento<\/h4>\n<p>[\/vc_column_text][vc_separator type=\u00a0\u00bbtransparent\u00a0\u00bb up_style=\u00a0\u00bbpx\u00a0\u00bb down_style=\u00a0\u00bbpx\u00a0\u00bb][vc_separator type=\u00a0\u00bbtransparent\u00a0\u00bb up_style=\u00a0\u00bbpx\u00a0\u00bb down_style=\u00a0\u00bbpx\u00a0\u00bb][\/vc_column_inner][vc_column_inner width=\u00a0\u00bb1\/6&Prime;][vc_single_image img_size=\u00a0\u00bb200&#215;200&Prime; style=\u00a0\u00bbvc_box_border_circle\u00a0\u00bb border_color=\u00a0\u00bbwhite\u00a0\u00bb css=\u00a0\u00bb\u00a0\u00bb][vc_separator type=\u00a0\u00bbtransparent\u00a0\u00bb up_style=\u00a0\u00bbpx\u00a0\u00bb down_style=\u00a0\u00bbpx\u00a0\u00bb][vc_column_text css=\u00a0\u00bb\u00a0\u00bb]<\/p>\n<h4>Massimiliano Campanini<\/h4>\n<p>[\/vc_column_text][vc_separator type=\u00a0\u00bbsmall\u00a0\u00bb position=\u00a0\u00bbleft\u00a0\u00bb color=\u00a0\u00bb#33cccc\u00a0\u00bb up=\u00a0\u00bb25&Prime; up_style=\u00a0\u00bbpx\u00a0\u00bb down_style=\u00a0\u00bbpx\u00a0\u00bb][vc_column_text]<\/p>\n<h4><strong>Marin<\/strong><\/h4>\n<p>[\/vc_column_text][vc_separator type=\u00a0\u00bbtransparent\u00a0\u00bb up_style=\u00a0\u00bbpx\u00a0\u00bb down_style=\u00a0\u00bbpx\u00a0\u00bb][vc_separator type=\u00a0\u00bbtransparent\u00a0\u00bb up_style=\u00a0\u00bbpx\u00a0\u00bb down_style=\u00a0\u00bbpx\u00a0\u00bb][\/vc_column_inner][vc_column_inner width=\u00a0\u00bb1\/6&Prime;][vc_single_image image=\u00a0\u00bb353317&Prime; img_size=\u00a0\u00bb200&#215;200&Prime; style=\u00a0\u00bbvc_box_border_circle\u00a0\u00bb border_color=\u00a0\u00bbwhite\u00a0\u00bb][vc_separator type=\u00a0\u00bbtransparent\u00a0\u00bb up_style=\u00a0\u00bbpx\u00a0\u00bb down_style=\u00a0\u00bbpx\u00a0\u00bb][vc_column_text]<\/p>\n<h4>Antonio Cerd\u00e1n<\/h4>\n<p>[\/vc_column_text][vc_separator type=\u00a0\u00bbsmall\u00a0\u00bb position=\u00a0\u00bbleft\u00a0\u00bb color=\u00a0\u00bb#33cccc\u00a0\u00bb up=\u00a0\u00bb25&Prime; up_style=\u00a0\u00bbpx\u00a0\u00bb down_style=\u00a0\u00bbpx\u00a0\u00bb][vc_column_text]<\/p>\n<h4><strong>Marin<\/strong><\/h4>\n<p>[\/vc_column_text][vc_separator type=\u00a0\u00bbtransparent\u00a0\u00bb up_style=\u00a0\u00bbpx\u00a0\u00bb down_style=\u00a0\u00bbpx\u00a0\u00bb][vc_separator type=\u00a0\u00bbtransparent\u00a0\u00bb up_style=\u00a0\u00bbpx\u00a0\u00bb down_style=\u00a0\u00bbpx\u00a0\u00bb][\/vc_column_inner][\/vc_row_inner][vc_empty_space height=\u00a0\u00bb40px\u00a0\u00bb image_repeat=\u00a0\u00bbno-repeat\u00a0\u00bb][vc_row_inner row_type=\u00a0\u00bbrow\u00a0\u00bb type=\u00a0\u00bbfull_width\u00a0\u00bb use_row_as_full_screen_section_slide=\u00a0\u00bbno\u00a0\u00bb text_align=\u00a0\u00bbleft\u00a0\u00bb box_shadow_on_row=\u00a0\u00bbno\u00a0\u00bb][vc_column_inner width=\u00a0\u00bb1\/6&Prime;][vc_single_image image=\u00a0\u00bb353945&Prime; img_size=\u00a0\u00bb200&#215;200&Prime; style=\u00a0\u00bbvc_box_border_circle\u00a0\u00bb border_color=\u00a0\u00bbwhite\u00a0\u00bb][vc_separator type=\u00a0\u00bbtransparent\u00a0\u00bb up_style=\u00a0\u00bbpx\u00a0\u00bb down_style=\u00a0\u00bbpx\u00a0\u00bb][vc_column_text]<\/p>\n<h4>Eduardo Martinez<\/h4>\n<p>[\/vc_column_text][vc_separator type=\u00a0\u00bbsmall\u00a0\u00bb position=\u00a0\u00bbleft\u00a0\u00bb color=\u00a0\u00bb#33cccc\u00a0\u00bb up=\u00a0\u00bb25&Prime; up_style=\u00a0\u00bbpx\u00a0\u00bb down_style=\u00a0\u00bbpx\u00a0\u00bb][vc_column_text]<\/p>\n<h4><strong>Surveillance<\/strong><\/h4>\n<p>[\/vc_column_text][vc_separator type=\u00a0\u00bbtransparent\u00a0\u00bb up_style=\u00a0\u00bbpx\u00a0\u00bb down_style=\u00a0\u00bbpx\u00a0\u00bb][vc_separator type=\u00a0\u00bbtransparent\u00a0\u00bb up_style=\u00a0\u00bbpx\u00a0\u00bb down_style=\u00a0\u00bbpx\u00a0\u00bb][\/vc_column_inner][vc_column_inner width=\u00a0\u00bb1\/6&Prime;][vc_single_image img_size=\u00a0\u00bb200&#215;200&Prime; style=\u00a0\u00bbvc_box_border_circle\u00a0\u00bb border_color=\u00a0\u00bbwhite\u00a0\u00bb css=\u00a0\u00bb\u00a0\u00bb][vc_separator type=\u00a0\u00bbtransparent\u00a0\u00bb up_style=\u00a0\u00bbpx\u00a0\u00bb down_style=\u00a0\u00bbpx\u00a0\u00bb][vc_column_text css=\u00a0\u00bb\u00a0\u00bb]<\/p>\n<h4>Ra\u00fal Vela<\/h4>\n<p>[\/vc_column_text][vc_separator type=\u00a0\u00bbsmall\u00a0\u00bb position=\u00a0\u00bbleft\u00a0\u00bb color=\u00a0\u00bb#33cccc\u00a0\u00bb up_style=\u00a0\u00bbpx\u00a0\u00bb down_style=\u00a0\u00bbpx\u00a0\u00bb][vc_column_text]<\/p>\n<h4><strong>Surveillance<\/strong><\/h4>\n<p>[\/vc_column_text][vc_separator type=\u00a0\u00bbtransparent\u00a0\u00bb up_style=\u00a0\u00bbpx\u00a0\u00bb down_style=\u00a0\u00bbpx\u00a0\u00bb][vc_separator type=\u00a0\u00bbtransparent\u00a0\u00bb up_style=\u00a0\u00bbpx\u00a0\u00bb down_style=\u00a0\u00bbpx\u00a0\u00bb][\/vc_column_inner][vc_column_inner width=\u00a0\u00bb1\/6&Prime;][\/vc_column_inner][vc_column_inner width=\u00a0\u00bb1\/6&Prime;][\/vc_column_inner][vc_column_inner width=\u00a0\u00bb1\/6&Prime;][\/vc_column_inner][\/vc_row_inner][\/vc_column][\/vc_row]<\/p>\n<\/div>","protected":false},"excerpt":{"rendered":"<p>[vc_row row_type=\u00a0\u00bbrow\u00a0\u00bb use_row_as_full_screen_section=\u00a0\u00bbno\u00a0\u00bb type=\u00a0\u00bbfull_width\u00a0\u00bb text_align=\u00a0\u00bbleft\u00a0\u00bb box_shadow_on_row=\u00a0\u00bbno\u00a0\u00bb][vc_column][vc_empty_space height=\u00a0\u00bb60px\u00a0\u00bb image_repeat=\u00a0\u00bbno-repeat\u00a0\u00bb][\/vc_column][\/vc_row][vc_row row_type=\u00a0\u00bbrow\u00a0\u00bb use_row_as_full_screen_section=\u00a0\u00bbno\u00a0\u00bb type=\u00a0\u00bbgrid\u00a0\u00bb text_align=\u00a0\u00bbleft\u00a0\u00bb box_shadow_on_row=\u00a0\u00bbno\u00a0\u00bb][vc_column][vc_row_inner row_type=\u00a0\u00bbrow\u00a0\u00bb type=\u00a0\u00bbfull_width\u00a0\u00bb use_row_as_full_screen_section_slide=\u00a0\u00bbno\u00a0\u00bb text_align=\u00a0\u00bbleft\u00a0\u00bb box_shadow_on_row=\u00a0\u00bbno\u00a0\u00bb][vc_column_inner width=\u00a0\u00bb1\/2&Prime;][vc_text_separator title=\u00a0\u00bb\u00a0\u00bb text_in_box=\u00a0\u00bbno\u00a0\u00bb text_position=\u00a0\u00bbleft\u00a0\u00bb box_padding=\u00a0\u00bb0&Prime; line_color=\u00a0\u00bb#0a0a0a\u00a0\u00bb line_width=\u00a0\u00bb43&Prime; animation=\u00a0\u00bbdefault\u00a0\u00bb line_thickness=\u00a0\u00bb1&Prime; line_border_style=\u00a0\u00bbsolid\u00a0\u00bb up=\u00a0\u00bb5&Prime; down=\u00a0\u00bb4&Prime; line_dots=\u00a0\u00bbno\u00a0\u00bb][vc_column_text] \u00a0 01 [\/vc_column_text][vc_text_separator title=\u00a0\u00bb\u00a0\u00bb text_in_box=\u00a0\u00bbno\u00a0\u00bb text_position=\u00a0\u00bbleft\u00a0\u00bb box_padding=\u00a0\u00bb0&Prime; line_color=\u00a0\u00bb#0a0a0a\u00a0\u00bb line_width=\u00a0\u00bb43&Prime; animation=\u00a0\u00bbdefault\u00a0\u00bb line_thickness=\u00a0\u00bb1&Prime; line_border_style=\u00a0\u00bbsolid\u00a0\u00bb up=\u00a0\u00bb5&Prime; down=\u00a0\u00bb5&Prime;&#8230;<\/p>\n","protected":false},"author":1,"featured_media":0,"parent":0,"menu_order":0,"comment_status":"open","ping_status":"open","template":"","meta":{"footnotes":""},"class_list":["post-3107","page","type-page","status-publish","hentry"],"_links":{"self":[{"href":"https:\/\/marinanoufontana.es\/fr\/wp-json\/wp\/v2\/pages\/3107","targetHints":{"allow":["GET"]}}],"collection":[{"href":"https:\/\/marinanoufontana.es\/fr\/wp-json\/wp\/v2\/pages"}],"about":[{"href":"https:\/\/marinanoufontana.es\/fr\/wp-json\/wp\/v2\/types\/page"}],"author":[{"embeddable":true,"href":"https:\/\/marinanoufontana.es\/fr\/wp-json\/wp\/v2\/users\/1"}],"replies":[{"embeddable":true,"href":"https:\/\/marinanoufontana.es\/fr\/wp-json\/wp\/v2\/comments?post=3107"}],"version-history":[{"count":88,"href":"https:\/\/marinanoufontana.es\/fr\/wp-json\/wp\/v2\/pages\/3107\/revisions"}],"predecessor-version":[{"id":354671,"href":"https:\/\/marinanoufontana.es\/fr\/wp-json\/wp\/v2\/pages\/3107\/revisions\/354671"}],"wp:attachment":[{"href":"https:\/\/marinanoufontana.es\/fr\/wp-json\/wp\/v2\/media?parent=3107"}],"curies":[{"name":"wp","href":"https:\/\/api.w.org\/{rel}","templated":true}]}}