{"id":3444,"date":"2015-02-17T08:42:45","date_gmt":"2015-02-17T08:42:45","guid":{"rendered":"http:\/\/marinanoufontana.es\/?page_id=3444"},"modified":"2015-02-17T08:44:45","modified_gmt":"2015-02-17T08:44:45","slug":"terminos-y-condiciones","status":"publish","type":"page","link":"https:\/\/marinanoufontana.es\/fr\/terminos-y-condiciones\/","title":{"rendered":"Terminos y Condiciones"},"content":{"rendered":"<h2>T\u00e9rminos y Condiciones y Pol\u00edtica de Protecci\u00f3n de Datos<\/h2>\n<p><strong>AVISO LEGAL<\/strong><\/p>\n<p>Datos identificativos del titular del sitio web:<\/p>\n<p>En cumplimiento del deber de informaci\u00f3n estipulado en el art\u00edculo 10 de la Ley 34\/2002 de 11 de julio de Servicios de la Sociedad de la Informaci\u00f3n y de Comercio Electr\u00f3nico, MARINA NOU FONTANA, S.L. (en lo sucesivo \u201cMARINA NOU FONTANA\u201d) y en calidad de titular del web www.marinanoufontana.com, procede a comunicarles los datos identificativos exigidos por la referida norma:<\/p>\n<p>Denominaci\u00f3n social: MARINA NOU FONTANA, S.L.<br \/>\nDomicilio social: CALLE BURDEOS, NUM. 2,03730 JAVEA\/XABIA &#8211; (ALICANTE)<br \/>\nCIF: B98122518<br \/>\nDirecci\u00f3n de correo electr\u00f3nico: <a href=\"mailto:gestion@marinanoufontana.com\">gestion@marinanoufontana.com<\/a><br \/>\nRegistro Mercantil de Alicante, Tomo: 3649, Folio: 131 Hoja: A-132569, Inscripci\u00f3n 4\u00aa.<\/p>\n<p>La presente informaci\u00f3n conforma y regula las condiciones de uso, las limitaciones de responsabilidad y las obligaciones que, los usuarios de la p\u00e1gina Web que se publica bajo el nombre de dominio www.marinanoufontana.com, asumen y se comprometen a respetar.<\/p>\n<p><strong>CONDICIONES GENERALES DE COMPRA<\/strong><\/p>\n<p>Le rogamos lea estas Condiciones de Generales de Compra atentamente antes de realizar un pedido en la tienda web de Marina Nou Fontana. Recuerde que estas Condiciones Generales de Compra se completan con los t\u00e9rminos contenidos en aquellas p\u00e1ginas a las que se acceda desde las presentes Condiciones Generales de Compra.<\/p>\n<p><strong>\u00bfCu\u00e1ndo se aplican estas Condiciones Generales de Compra?<\/strong><br \/>\nEstas Condiciones Generales de Compra son de aplicaci\u00f3n a todas las ofertas y acuerdos relativos a la venta de amarres en Marina Nou Fontana.\u00a0 Usted deber\u00e1 expresar su conformidad con estas Condiciones Generales de Compra (1) al realizar un pedido en nuestro Sitio Web o (2) en cualquier p\u00e1gina web que est\u00e9 conectada directamente con nuestro Sitio Web, o (3) al aceptar una oferta de Marina Nou Fontana. Solo ser\u00e1 posible desvincularse de estas Condiciones de Generales de Compra si Marina Nou Fontana as\u00ed lo acuerda por escrito.<\/p>\n<p><strong>Compra\/ Reserva de Amarres<\/strong><br \/>\nToda la informaci\u00f3n contenida en nuestro Sitio Web es una mera invitaci\u00f3n a negociar que no supone en s\u00ed misma una oferta o contrato vinculante. Al realizar un pedido, Usted se ofrece a comprar los productos incluidos en dicho pedido.<br \/>\nMarina Nou Fontana, no estar\u00e1 nunca obligado a aceptar un pedido, Marina Nou Fontana, tendr\u00e1 derecho, en todo momento, a comprobar los pedidos con antelaci\u00f3n o a rechazarlos sin tener que facilitar los motivos. Si Marina Nou Fontana no confirma su pedido en los diez d\u00edas laborales siguientes, se considerar\u00e1 que el pedido ha sido rechazado.<\/p>\n<p>Desde la p\u00e1gina web de Marina Nou Fontana, usted, puede adquirir una reserva del amarre por usuario. Las reservas tienen un importe de 1000 euros cada una en concepto de se\u00f1al. La adquisici\u00f3n de la reserva s\u00f3lo implica el derecho preferencial para la adquisici\u00f3n posterior del amarre seleccionado a trav\u00e9s de la formalizaci\u00f3n del Contrato de Cesi\u00f3n de Uso Preferente. La reserva que Usted solicita est\u00e1 sujeta a la aceptaci\u00f3n de Marina Nou Fontana, que podr\u00e1 rechazarla a su entera discreci\u00f3n. He aqu\u00ed algunos ejemplos de casos en los que no daremos curso a una reserva:<\/p>\n<ul>\n<li>(a) Los amarres mostrados en el Sitio Web no est\u00e1n disponibles;<\/li>\n<li>(b) El pago del cliente no ha sido autorizado;<\/li>\n<li>(c) Los productos mostrados en el Sitio Web contienen errores manifiestos, como un precio o una descripci\u00f3n incorrecta.<\/li>\n<\/ul>\n<p><strong>Para realizar la reserva de un amarre le detallamos a continuaci\u00f3n los pasos a seguir:<\/strong><br \/>\n<strong>INSTRUCCIONES DE RESERVA DE AMARRE<\/strong><br \/>\n<strong>Para realizar la reserva de un amarre le detallamos a continuaci\u00f3n los pasos a seguir:<br \/>\n<\/strong>1.\u00a0\u00a0\u00a0\u00a0 Seleccione en el desplegable que aparece en la parte inferior de la p\u00e1gina, las dimensiones (eslora y manga) del amarre que quiere reservar. <strong>DISPONIBLE A PARTIR DEL D\u00cdA 25 DE FEBRERO DE 2015.<br \/>\n<\/strong>2.\u00a0\u00a0\u00a0\u00a0 Inmediatamente despu\u00e9s, le aparecer\u00e1 el plano del Nuevo Canal de la Fontana y resaltados los amarres disponibles para la selecci\u00f3n que haya realizado. Haga zoom para poder ampliar la imagen.<br \/>\n3.\u00a0\u00a0\u00a0\u00a0 Pinche y seleccione el amarre que mejor se adapte a sus preferencias de ubicaci\u00f3n.<br \/>\n4.\u00a0\u00a0\u00a0\u00a0 Inmediatamente despu\u00e9s, le aparecer\u00e1 la ficha del amarre seleccionado con sus caracter\u00edsticas (dimensiones, gastos de mantenimiento, forma de pago, precio\u2026).<br \/>\n5.\u00a0\u00a0\u00a0\u00a0 Elija la forma de pago e introduzca los datos necesarios:<br \/>\n&#8211; Tarjeta de cr\u00e9dito: Es necesario que el l\u00edmite de pago de su tarjeta de cr\u00e9dito sea superior a 1.000 euros.<br \/>\n&#8211; Transferencia<br \/>\n6.\u00a0\u00a0\u00a0\u00a0 Realice la reserva del amarre por un importe de 1.000 euros (CADA USUARIO S\u00d3LO PODR\u00c1 RESERVAR UN AMARRE).<br \/>\n7.\u00a0\u00a0\u00a0\u00a0 Recibir\u00e1 un email confirmando la reserva del amarre. En el caso de que pasados 15 minutos no haya recibido el email de confirmaci\u00f3n, p\u00f3ngase en contacto con nosotros.<br \/>\n8. \u00a0 \u00a0 Una vez recibido el email de confirmaci\u00f3n, en los pr\u00f3ximos d\u00edas recibir\u00e1 por correo electr\u00f3nico el documento de reserva para su firma.<\/p>\n<p><strong>Informaci\u00f3n posterior a la compra:<\/strong><br \/>\nRecibir\u00e1 un email confirmando la reserva del amarre. En el caso de que pasados 15 minutos no haya recibido el email de confirmaci\u00f3n, p\u00f3ngase en contacto con nosotros.<br \/>\nUna vez realizada la compra aparecer\u00e1 una pantalla de cuando se haya finalizado el proceso de compra.<br \/>\n<strong>Devoluci\u00f3n\/ Cancelaci\u00f3n de reservas<\/strong><br \/>\n<span lang=\"ES-TRAD\">La cantidad de 1.000 euros entregada como se\u00f1al, quedar\u00e1 en poder de MARINA NOU FONTANA, S.L. en el supuesto de que no se suscribiera el Contrato definitivo de Cesi\u00f3n de Uso Preferente en el plazo de 45 d\u00edas por causa imputable al comprador; devolvi\u00e9ndosela a \u00e9ste por causa imputable a MARINA NOU FONTANA, S.L.<\/span><br \/>\n<strong>Precios<\/strong><br \/>\nLa tabla de precios totales del amarre no incluye IVA. El pago en concepto de reserva del amarre (1000\u20ac) si incluye IVA.\u00a0 Los precios aparecen en euros (EUR). Marina Nou Fontana se reserva el derecho de realizar modificaciones de precios y productos antes de que realice el pedido.<br \/>\nMarina Nou Fontana se reserva el derecho a cambiar, limitar o poner fin a cualquier oferta o descuento especial en cualquier momento.<br \/>\n<strong>M\u00e9todos de pago<\/strong><br \/>\nEst\u00e1n disponibles las siguientes opciones de pago:<\/p>\n<ul>\n<li>Transferencia Bancaria<\/li>\n<li>Tarjetas de D\u00e9bito<\/li>\n<li>Tarjetas de Cr\u00e9dito<\/li>\n<\/ul>\n<p><strong>PROPIEDAD INTELECTUAL<\/strong><\/p>\n<p>Todas las marcas, nombres comerciales o signos distintivos de cualquier clase que aparecen en la P\u00e1gina son propiedad de MARINA NOU FONTANA o, en su caso, de terceros que han autorizado su uso, sin que pueda entenderse que el uso o acceso al Portal y\/o a los Contenidos atribuya al Usuario derecho alguno sobre las citadas marcas, nombres comerciales y\/o signos distintivos, y sin que puedan entenderse cedidos al Usuario, ninguno de los derechos de explotaci\u00f3n que existen o puedan existir sobre dichos Contenidos.<\/p>\n<p>De igual modo los Contenidos son propiedad intelectual de MARINA NOU FONTANA, o de terceros en su caso, por tanto, los derechos de Propiedad Intelectual son titularidad de MARINA NOU FONTANA o de terceros que han autorizado su uso, a quienes corresponde el ejercicio exclusivo de los derechos de explotaci\u00f3n de los mismos en cualquier forma y, en especial, los derechos de reproducci\u00f3n, distribuci\u00f3n, comunicaci\u00f3n p\u00fablica y transformaci\u00f3n.<\/p>\n<p>La utilizaci\u00f3n no autorizada de la informaci\u00f3n contenida en esta Web, as\u00ed como la lesi\u00f3n de los derechos de Propiedad Intelectual o Industrial de MARINA NOU FONTANA o de terceros incluidos en la P\u00e1gina que hayan cedido contenidos dar\u00e1 lugar a las responsabilidades legalmente establecidas.<\/p>\n<p><strong>Hiperenlaces<\/strong><strong><br \/>\n<\/strong>Aquellas personas que se propongan establecer hiperenlaces entre su p\u00e1gina Web y la P\u00e1gina deber\u00e1n observar y cumplir las condiciones siguientes:<\/p>\n<p>&#8211; No ser\u00e1 necesaria autorizaci\u00f3n previa cuando el Hiperenlace permita \u00fanicamente el acceso a la p\u00e1gina de inicio, pero no podr\u00e1 reproducirla de ninguna forma. Cualquier otra forma de Hiperenlace requerir\u00e1 la autorizaci\u00f3n expresa e inequ\u00edvoca por escrito por parte de MARINA NOU FONTANA.<\/p>\n<p>&#8211; No se crear\u00e1n \u201cmarcos\u201d (\u201cframes\u201d) con las p\u00e1ginas Web ni sobre las p\u00e1ginas Web de MARINA NOU FONTANA.<\/p>\n<p>&#8211; No se realizar\u00e1n manifestaciones o indicaciones falsas, inexactas, u ofensivas sobre MARINA NOU FONTANA sus directivos, sus empleados o colaboradores, o de las personas que se relacionen en la P\u00e1gina por cualquier motivo, o de los Usuarios de las P\u00e1gina, o de los Contenidos suministrados.<\/p>\n<p>&#8211; No se declarar\u00e1 ni se dar\u00e1 a entender que MARINA NOU FONTANA ha autorizado el Hiperenlace o que ha supervisado o asumido de cualquier forma los Contenidos ofrecidos o puestos a disposici\u00f3n de la p\u00e1gina Web en la que se establece el Hiperenlace.<\/p>\n<p>-La p\u00e1gina Web en la que se establezca el Hiperenlace solo podr\u00e1 contener lo estrictamente necesario para identificar el destino del Hiperenlace.<\/p>\n<p>&#8211; La p\u00e1gina Web en la que se establezca el Hiperenlace no contendr\u00e1 informaciones o contenidos il\u00edcitos, contrarios a la moral y a las buenas costumbres generalmente aceptadas y al orden p\u00fablico, as\u00ed como tampoco contendr\u00e1 contenidos contrarios a cualesquiera derechos de terceros.<\/p>\n<p><strong>Cookies<\/strong><strong><br \/>\n<\/strong>Las cookies son el medio t\u00e9cnico para la \u201ctrazabilidad\u201d y seguimiento de la navegaci\u00f3n en los Sitios Web. Son peque\u00f1os ficheros de texto que se escriben en el ordenador del Usuario. Este m\u00e9todo tiene implicaciones sobre la privacidad, por lo que MARINA NOU FONTANA informa de que podr\u00e1 utilizar cookies con la finalidad de elaborar estad\u00edsticas de utilizaci\u00f3n del sitio web as\u00ed como para identificar el PC del Usuario permitiendo reconocerle en sus pr\u00f3ximas visitas. En todo caso, el usuario puede configurar su navegador para no permitir el uso de cookies en sus visitas al web site.<\/p>\n<p><strong>Disponibilidad de la p\u00e1gina<\/strong><strong><br \/>\n<\/strong>MARINA NOU FONTANA no garantiza la inexistencia de interrupciones o errores en el acceso a la P\u00e1gina, a sus Contenidos, ni que \u00e9ste se encuentren actualizados, aunque desarrollar\u00e1 sus mejores esfuerzos para, en su caso, evitarlos, subsanarlos o actualizarlos. Por consiguiente, MARINA NOU FONTANA no se responsabiliza de los da\u00f1os o perjuicios de cualquier tipo producidos en el Usuario que traigan causa de fallos o desconexiones en las redes de telecomunicaciones que produzcan la suspensi\u00f3n, cancelaci\u00f3n o interrupci\u00f3n del servicio del Portal durante la prestaci\u00f3n del mismo o con car\u00e1cter previo.<\/p>\n<p>MARINA NOU FONTANA excluye, con las excepciones contempladas en la legislaci\u00f3n vigente, cualquier responsabilidad por los da\u00f1os y perjuicios de toda naturaleza que puedan deberse a la falta de disponibilidad, continuidad o calidad del funcionamiento de la P\u00e1gina y de los Contenidos, al no cumplimiento de la expectativa de utilidad que los usuarios hubieren podido atribuir a la P\u00e1gina y a los Contenidos.<\/p>\n<p>La funci\u00f3n de los Hiperenlaces que aparecen en esta Web es exclusivamente la de informar al usuario acerca de la existencia de otras Web que contienen informaci\u00f3n sobre la materia. Dichos Hiperenlaces no constituyen sugerencia ni recomendaci\u00f3n alguna.<\/p>\n<p>MARINA NOU FONTANA no se hace responsable de los contenidos de dichas p\u00e1ginas enlazadas, del funcionamiento o utilidad de los Hiperenlaces ni del resultado de dichos enlaces, ni garantiza la ausencia de virus u otros elementos en los mismos que puedan producir alteraciones en el sistema inform\u00e1tico (hardware y software), los documentos o los ficheros del usuario, excluyendo cualquier responsabilidad por los da\u00f1os de cualquier clase causados al usuario por este motivo.<\/p>\n<p>El acceso a la P\u00e1gina no implica la obligaci\u00f3n por parte de MARINA NOU FONTANA de controlar la ausencia de virus, gusanos o cualquier otro elemento inform\u00e1tico da\u00f1ino. Corresponde al Usuario, en todo caso, la disponibilidad de herramientas adecuadas para la detecci\u00f3n y desinfecci\u00f3n de programas inform\u00e1ticos da\u00f1inos, por lo tanto, MARINA NOU FONTANA no se hace responsable de los posibles errores de seguridad que se puedan producir durante la prestaci\u00f3n del servicio de la P\u00e1gina, ni de los posibles da\u00f1os que puedan causarse al sistema inform\u00e1tico del usuario o de terceros (hardware y software), los ficheros o documentos almacenados en el mismo, como consecuencia de la presencia de virus en el ordenador del usuario utilizado para la conexi\u00f3n a los servicios y contenidos de la Web, de un mal funcionamiento del navegador o del uso de versiones no actualizadas del mismo.<\/p>\n<p><strong>Calidad de la p\u00e1gina<\/strong><strong><br \/>\n<\/strong>Dado el entorno din\u00e1mico y cambiante de la informaci\u00f3n y servicios que se suministran por medio de la P\u00e1gina, MARINA NOU FONTANA realiza su mejor esfuerzo, pero no garantiza la completa veracidad, exactitud, fiabilidad, utilidad y\/o actualidad de los Contenidos.<\/p>\n<p>MARINA NOU FONTANA garantiza que todos los contenidos y servicios que se ofrecen en www.marinanoufontana.com respetan el principio de dignidad de la persona, el principio de no discriminaci\u00f3n por motivos de raza, sexo, religi\u00f3n, opini\u00f3n, nacionalidad, discapacidad o cualquier otra circunstancia personal y social, as\u00ed como el principio de protecci\u00f3n de la juventud y de la infancia.<\/p>\n<p>MARINA NOU FONTANA se compromete a trav\u00e9s de este medio a no realizar publicidad enga\u00f1osa. No ser\u00e1n considerados como publicidad enga\u00f1osa los errores formales o num\u00e9ricos que puedan encontrarse a lo largo del contenido de las distintas secciones de la web.<\/p>\n<p>MARINA NOU FONTANA se compromete a corregirlo tan pronto como tenga conocimiento de dichos errores. MARINA NOU FONTANA se compromete a no remitir comunicaciones comerciales sin identificarlas como tales, conforme a lo dispuesto en la Ley 34\/2002 de Servicios de la Sociedad de la Informaci\u00f3n y de comercio electr\u00f3nico. No ser\u00e1 considerado como comunicaci\u00f3n comercial toda la informaci\u00f3n que se env\u00ede a los clientes de MARINA NOU FONTANA siempre que tenga por finalidad el mantenimiento de la relaci\u00f3n contractual existente entre cliente e MARINA NOU FONTANA as\u00ed como el desempe\u00f1o de tareas de informaci\u00f3n y otras actividades propias del servicio que el cliente tiene contratado con la empresa.<\/p>\n<p>La informaci\u00f3n contenida en las p\u00e1ginas que componen este Portal s\u00f3lo tiene car\u00e1cter informativo, consultivo, divulgativo y publicitario. En ning\u00fan caso ofrecen ni tienen car\u00e1cter de compromiso vinculante o contractual.<\/p>\n<p><strong>Limitaci\u00f3n de responsabilidad<\/strong><strong><br \/>\n<\/strong>MARINA NOU FONTANA excluye toda responsabilidad por las decisiones que el Usuario pueda tomar basado en esta informaci\u00f3n, as\u00ed como por los posibles errores tipogr\u00e1ficos que puedan contener los documentos y gr\u00e1ficos de la P\u00e1gina. La informaci\u00f3n est\u00e1 sometida a posibles cambios peri\u00f3dicos sin previo aviso de su contenido por ampliaci\u00f3n, mejora, correcci\u00f3n o actualizaci\u00f3n de los Contenidos.<\/p>\n<p><strong>Notificaciones<\/strong><strong><br \/>\n<\/strong>Todas las notificaciones y comunicaciones por parte de MARINA NOU FONTANA al Usuario realizados por cualquier medio se considerar\u00e1n eficaces a todos los efectos..<\/p>\n<p><strong>Disponibilidad de los contenidos<\/strong><strong><br \/>\n<\/strong>La prestaci\u00f3n del servicio de la P\u00e1gina y de los Contenidos tiene, en principio, duraci\u00f3n indefinida. MARINA NOU FONTANA, no obstante, queda autorizada para dar por terminada o suspender la prestaci\u00f3n del servicio de la P\u00e1gina y\/o de cualquiera de los Contenidos en cualquier momento. Cuando ello sea razonablemente posible, MARINA NOU FONTANA advertir\u00e1 previamente la terminaci\u00f3n o suspensi\u00f3n de la P\u00e1gina.<\/p>\n<p><strong>JURISDICCI\u00d3N Y LEY APLICABLE<\/strong><\/p>\n<p>Las presentes condiciones generales se rigen por la legislaci\u00f3n<br \/>\nespa\u00f1ola. Son competentes para resolver toda controversia o conflicto que se derive de las presentes condiciones generales en\u00a0 los Juzgados de Valencia renunciando expresamente el USUARIO a cualquier otro fuero que pudiera corresponderle.<\/p>\n<p><strong>Pol\u00edtica de Privacidad del sitio web marinanoufontana.com<\/strong><\/p>\n<p><strong>\u00a0<\/strong><\/p>\n<p><strong>Informaci\u00f3n al usuario de la existencia de fichero y solicitud del consentimiento para el tratamiento automatizado de los datos.- <\/strong>En relaci\u00f3n con los datos de car\u00e1cter personal facilitados por los interesados en los formularios habilitados en el sitio web <a href=\"http:\/\/www.marinanoufontana.com\">www.marinanoufontana.com<\/a>, se informa de que se cumple estrictamente la normativa vigente en materia de protecci\u00f3n de datos de car\u00e1cter personal y que los datos proporcionados, en su caso, ser\u00e1n incluidos en un fichero responsabilidad de Marina Nou Fontana, S.L. (en adelante, la Propietaria o Editora) para su tratamiento conforme a las finalidades descritas en esta Pol\u00edtica de Privacidad y en los formularios habilitados en cada caso, prestando los interesados el consentimiento para dicho tratamiento mediante la aceptaci\u00f3n de la presente pol\u00edtica de privacidad o mediante el env\u00edo de informaci\u00f3n por cualquier de los medios previstos en el sitio web.<\/p>\n<p><strong>Finalidad de los datos:<\/strong> La Propietaria recoge determinados datos personales que son introducidos voluntariamente por los usuarios en los distintos formularios (\u201cContacto\u201d, \u201cReservas\u201d, y \u201cComentarios\u201d) que existen en el sitio web marinanoufontana.com. Los datos son utilizados con las siguientes finalidades:<\/p>\n<ul>\n<li>Gestionar las solicitudes de informaci\u00f3n o contacto realizadas por los usuarios a trav\u00e9s de los medios de contacto publicados en el sitio web (\u201cContacto\u201d).<\/li>\n<li>Gestionar las cuentas de usuario y sus reservas (\u201cReservas\u201d).<\/li>\n<li>Gestionar las opiniones\/comentarios publicados por los usuarios en el sitio web (\u201cOpiniones\u201d y \u201cFacebook\u201d)<\/li>\n<\/ul>\n<p><strong>Obligatoriedad de los datos:<\/strong> Los campos obligatorios se identifican como tales mediante el uso de un asterisco (*) o mediante la indicaci\u00f3n expresa de su necesidad (obligatorio). En caso de no rellenar los campos obligatorios, no ser\u00eda posible gestionar la solicitud enviada por los usuarios.<\/p>\n<p><strong>Derechos de acceso, rectificaci\u00f3n, cancelaci\u00f3n y oposici\u00f3n: <\/strong>Los interesados pueden ejercitar sus derechos de acceso, rectificaci\u00f3n, cancelaci\u00f3n y oposici\u00f3n, y revocar el consentimiento prestado en cada caso para el tratamiento y\/o cesi\u00f3n de sus datos, en cualquier momento solicit\u00e1ndolo por correo postal a la Propietaria, en la siguiente direcci\u00f3n: Calle Burdeos, n\u00fam. 2 &#8211; 03730 J\u00e1vea (Alicante); o remitiendo un mensaje de correo electr\u00f3nico a la siguiente direcci\u00f3n electr\u00f3nica <a href=\"mailto:gestion@marinanoufontana.com\">gestion@marinanoufontana.com<\/a>. En todo caso, deber\u00e1 acompa\u00f1arse la solicitud de una copia del documento oficial que acredite la identidad del titular de los datos.<\/p>\n<p><strong>Responsable del tratamiento.-<\/strong> Marina Nou Fontana, S.L. es el Responsable del tratamiento de los datos, cuyo domicilio se indica en la cl\u00e1usula anterior. La Propietaria ha inscrito debidamente sus ficheros en la Agencia Espa\u00f1ola de Protecci\u00f3n de Datos, pudi\u00e9ndose consultar los mismos en <a href=\"http:\/\/www.agpd.es\">www.agpd.es<\/a>.<\/p>\n<p><strong>Cesi\u00f3n de datos.- <\/strong>Los datos proporcionados por los interesados no son cedidos a terceros, salvo que se autorice expresamente a la Propietaria, y solo se comunican, en su caso, para poder gestionar los servicios que solicitan los usuarios. La comunicaci\u00f3n de los datos est\u00e1 ligada con la finalidad misma para la que los datos han sido introducidos y por tanto relacionada con la libre y leg\u00edtima aceptaci\u00f3n de la relaci\u00f3n jur\u00eddica existente entre los interesados y la Propietaria, cuyo desarrollo, cumplimiento y control implican necesariamente la conexi\u00f3n de los datos y que incluye la transmisi\u00f3n necesaria de los mismos. Mediante la aceptaci\u00f3n de la presente pol\u00edtica de privacidad los interesados declaran haber sido informados y consienten, sin reservas, la comunicaci\u00f3n de sus datos en los t\u00e9rminos indicados en esta cl\u00e1usula. Los interesados pueden revocar el consentimiento prestado tal y como se se\u00f1ala en la presente pol\u00edtica.<\/p>\n<p>Cuando un usuario deja un comentario en el sitio web, est\u00e1 autorizando expresamente la publicaci\u00f3n de sus datos en el sitio web y, por tanto, la comunicaci\u00f3n al resto de usuarios que acceden al mismo. Los comentarios u opiniones publicados en el sitio web son p\u00fablicos en todo caso e identifican al usuario que los realiza mediante su nombre, proporcionado por este al publicarlos.<\/p>\n<p>Los usuarios deben abstenerse de proporcionar datos personales de otras personas, salvo que est\u00e9n expresamente autorizados por estas para facilitarlos. La Propietaria podr\u00e1 dirigirse en cualquier momento a los usuarios para que acrediten la existencia y contenido de las autorizaciones mencionadas.<\/p>\n<p><strong>Seguridad.- <\/strong>La Propietaria asegura la absoluta confidencialidad y privacidad de los datos personales tratados, adoptando para ello las medidas de seguridad, de \u00edndole t\u00e9cnica y\/o organizativa, necesarias para evitar la alteraci\u00f3n, p\u00e9rdida, tratamiento o acceso no autorizado a los datos, garantizando as\u00ed la seguridad de los mismos. La Propietaria no responder\u00e1 en ning\u00fan caso de las incidencias que puedan surgir en torno a los datos personales cuando se deriven bien de un ataque o acceso no autorizado a los sistemas de tal forma que sea imposible de detectar por las medidas de seguridad implantadas.<\/p>\n<p><strong>Cookies<\/strong>.- La Editora \u00fanicamente utiliza, en su caso, cookies para efectuar el intercambio de datos a trav\u00e9s de redes de comunicaciones electr\u00f3nicas, o cuando estas son estrictamente necesarias para la prestaci\u00f3n de una funcionalidad, que forma parte de un servicio de la sociedad de la informaci\u00f3n, expresamente solicitada por el usuario. En caso que el uso de las cookies no cumpliera alguna de las finalidades indicadas, la Editora solicitar\u00e1 el consentimiento informado del usuario para la utilizaci\u00f3n de dichos dispositivos de almacenamiento y recuperaci\u00f3n de datos en su equipo (p.ej. mediante una ventana emergente o mediante un sistema de informaci\u00f3n por capas). Las cookies que se utilizan no contienen informaci\u00f3n personal que identifique al usuario. En cualquier caso, el usuario puede configurar su navegador para que no se le instalen cookies o para recibir un aviso en pantalla cada vez que una cookie quiera instalarse, pudiendo decidir en cada momento si la quiere aceptar o no. Para conocer la pol\u00edtica de instalaci\u00f3n y gesti\u00f3n de dispositivos de almacenamiento y recuperaci\u00f3n de datos en equipos terminales del sitio web consulte la Pol\u00edtica de Cookies.<\/p>\n<p><strong>Veracidad de los datos<\/strong>.- Los usuarios son responsables de la veracidad de los datos proporcionados, comprometi\u00e9ndose a no introducir datos falsos y a proceder a la modificaci\u00f3n de los mismos si fuera necesario.<\/p>\n","protected":false},"excerpt":{"rendered":"<p>T\u00e9rminos y Condiciones y Pol\u00edtica de Protecci\u00f3n de Datos AVISO LEGAL Datos identificativos del titular del sitio web: En cumplimiento del deber de informaci\u00f3n estipulado en el art\u00edculo 10 de la Ley 34\/2002 de 11 de julio de Servicios de la Sociedad de la Informaci\u00f3n&#8230;<\/p>\n","protected":false},"author":1,"featured_media":0,"parent":0,"menu_order":0,"comment_status":"open","ping_status":"open","template":"","meta":{"footnotes":""},"class_list":["post-3444","page","type-page","status-publish","hentry"],"_links":{"self":[{"href":"https:\/\/marinanoufontana.es\/fr\/wp-json\/wp\/v2\/pages\/3444","targetHints":{"allow":["GET"]}}],"collection":[{"href":"https:\/\/marinanoufontana.es\/fr\/wp-json\/wp\/v2\/pages"}],"about":[{"href":"https:\/\/marinanoufontana.es\/fr\/wp-json\/wp\/v2\/types\/page"}],"author":[{"embeddable":true,"href":"https:\/\/marinanoufontana.es\/fr\/wp-json\/wp\/v2\/users\/1"}],"replies":[{"embeddable":true,"href":"https:\/\/marinanoufontana.es\/fr\/wp-json\/wp\/v2\/comments?post=3444"}],"version-history":[{"count":1,"href":"https:\/\/marinanoufontana.es\/fr\/wp-json\/wp\/v2\/pages\/3444\/revisions"}],"predecessor-version":[{"id":3445,"href":"https:\/\/marinanoufontana.es\/fr\/wp-json\/wp\/v2\/pages\/3444\/revisions\/3445"}],"wp:attachment":[{"href":"https:\/\/marinanoufontana.es\/fr\/wp-json\/wp\/v2\/media?parent=3444"}],"curies":[{"name":"wp","href":"https:\/\/api.w.org\/{rel}","templated":true}]}}