{"id":348480,"date":"2016-03-01T18:12:59","date_gmt":"2016-03-01T18:12:59","guid":{"rendered":"http:\/\/marinanoufontana.es\/?page_id=348480"},"modified":"2025-12-12T12:58:44","modified_gmt":"2025-12-12T12:58:44","slug":"bocananorte","status":"publish","type":"page","link":"https:\/\/marinanoufontana.es\/fr\/bocananorte\/","title":{"rendered":"Bocana Norte"},"content":{"rendered":"<div class=\"wpb-content-wrapper\"><p>[vc_row row_type=\u00a0\u00bbrow\u00a0\u00bb use_row_as_full_screen_section=\u00a0\u00bbno\u00a0\u00bb type=\u00a0\u00bbgrid\u00a0\u00bb text_align=\u00a0\u00bbleft\u00a0\u00bb box_shadow_on_row=\u00a0\u00bbno\u00a0\u00bb][vc_column][vc_column_text]<img loading=\"lazy\" decoding=\"async\" class=\"wp-image-5491 aligncenter\" src=\"http:\/\/marinanoufontana.es\/wp-content\/uploads\/2016\/02\/LOGO-MARINA-NOU-FONTANA.png\" alt=\"LOGO-MARINA-NOU-FONTANA\" width=\"264\" height=\"116\" \/><\/p>\n<h5 style=\"text-align: center;\">[vc_separator type=\u00a0\u00bbtransparent\u00a0\u00bb position=\u00a0\u00bbcenter\u00a0\u00bb color=\u00a0\u00bb\u00a0\u00bb border_style=\u00a0\u00bbdashed\u00a0\u00bb width=\u00a0\u00bb\u00a0\u00bb thickness=\u00a0\u00bb\u00a0\u00bb up=\u00a0\u00bb\u00a0\u00bb down=\u00a0\u00bb15&Prime;]ESTADO DE AVANCE DE LAS OBRAS DE ADECUACI\u00d3N BOCANA NORTE<\/h5>\n<p>[\/vc_column_text][vc_empty_space image_repeat=\u00a0\u00bbno-repeat\u00a0\u00bb][vc_row_inner row_type=\u00a0\u00bbrow\u00a0\u00bb type=\u00a0\u00bbfull_width\u00a0\u00bb use_row_as_full_screen_section_slide=\u00a0\u00bbno\u00a0\u00bb text_align=\u00a0\u00bbleft\u00a0\u00bb box_shadow_on_row=\u00a0\u00bbno\u00a0\u00bb][vc_column_inner width=\u00a0\u00bb1\/4&Prime;][vc_single_image image=\u00a0\u00bb348481&Prime; img_size=\u00a0\u00bbmedium\u00a0\u00bb onclick=\u00a0\u00bblink_image\u00a0\u00bb][vc_empty_space image_repeat=\u00a0\u00bbno-repeat\u00a0\u00bb][vc_single_image image=\u00a0\u00bb348496&Prime; img_size=\u00a0\u00bbmedium\u00a0\u00bb onclick=\u00a0\u00bblink_image\u00a0\u00bb][\/vc_column_inner][vc_column_inner width=\u00a0\u00bb1\/4&Prime;][vc_single_image image=\u00a0\u00bb348497&Prime; img_size=\u00a0\u00bbmedium\u00a0\u00bb onclick=\u00a0\u00bblink_image\u00a0\u00bb][vc_empty_space image_repeat=\u00a0\u00bbno-repeat\u00a0\u00bb][vc_single_image image=\u00a0\u00bb348493&Prime; img_size=\u00a0\u00bbmedium\u00a0\u00bb onclick=\u00a0\u00bblink_image\u00a0\u00bb][\/vc_column_inner][vc_column_inner width=\u00a0\u00bb1\/4&Prime;][vc_single_image image=\u00a0\u00bb348494&Prime; img_size=\u00a0\u00bbmedium\u00a0\u00bb onclick=\u00a0\u00bblink_image\u00a0\u00bb][vc_empty_space image_repeat=\u00a0\u00bbno-repeat\u00a0\u00bb][vc_single_image image=\u00a0\u00bb348498&Prime; img_size=\u00a0\u00bbmedium\u00a0\u00bb onclick=\u00a0\u00bblink_image\u00a0\u00bb][\/vc_column_inner][vc_column_inner width=\u00a0\u00bb1\/4&Prime;][vc_single_image image=\u00a0\u00bb348500&Prime; img_size=\u00a0\u00bbmedium\u00a0\u00bb onclick=\u00a0\u00bblink_image\u00a0\u00bb][\/vc_column_inner][\/vc_row_inner][\/vc_column][\/vc_row][vc_row row_type=\u00a0\u00bbrow\u00a0\u00bb use_row_as_full_screen_section=\u00a0\u00bbno\u00a0\u00bb type=\u00a0\u00bbgrid\u00a0\u00bb text_align=\u00a0\u00bbleft\u00a0\u00bb box_shadow_on_row=\u00a0\u00bbno\u00a0\u00bb][vc_column width=\u00a0\u00bb1\/2&Prime; css=\u00a0\u00bb.vc_custom_1456777798945{margin-left: 40px !important;padding-top: 20px !important;padding-right: 20px !important;padding-bottom: 20px !important;padding-left: 20px !important;border-radius: 3px !important;}\u00a0\u00bb][vc_empty_space image_repeat=\u00a0\u00bbno-repeat\u00a0\u00bb][vc_column_text]<\/p>\n<h6 style=\"text-align: left;\">CONTACTE CON NOSOTROS<\/h6>\n<p>[\/vc_column_text][vc_column_text]<strong>Tel\u00e9fonos:<\/strong><\/p>\n<ul>\n<li>Oficinas Centrales en Valencia 96 334 05 00<\/li>\n<li>Bernardo Ferrandis 645 11 27 78 RESPONSABLE DE ATENCI\u00d3N AL CLIENTE<\/li>\n<li>David Burriel 639 97 96 19 DIRECTOR DE EXPLOTACI\u00d3N<\/li>\n<li>Juan Fontes 629 08 10 29 GERENTE<\/li>\n<li>Ricardo Burriel 610 95 24 65 DIRECTOR COMERCIAL<\/li>\n<li>606 72 30 95 &#8211; 616 28 87 25 MARINER\u00cdA<\/li>\n<\/ul>\n<p><strong>E-mail:<\/strong> <a href=\"mailto:informacion@marinanoufontana.com\">informacion<\/a><a href=\"mailto:informacion@marinanoufontana.com\">@marinanoufontana.com<\/a><\/p>\n<p><strong>Oficinas:<\/strong> Calle Burdeos 2, 03730 J\u00e1vea. Abiertas todos los d\u00edas, de 09:30-14:00 y de 16:30-20:00, excepto Domingos y festivos que permanecer\u00e1n cerradas.[\/vc_column_text][\/vc_column][vc_column width=\u00a0\u00bb1\/2&Prime;][\/vc_column][\/vc_row][vc_row row_type=\u00a0\u00bbrow\u00a0\u00bb use_row_as_full_screen_section=\u00a0\u00bbno\u00a0\u00bb type=\u00a0\u00bbfull_width\u00a0\u00bb text_align=\u00a0\u00bbleft\u00a0\u00bb box_shadow_on_row=\u00a0\u00bbno\u00a0\u00bb][vc_column][vc_empty_space height=\u00a0\u00bb50&Prime; image_repeat=\u00a0\u00bbno-repeat\u00a0\u00bb][\/vc_column][\/vc_row]<\/p>\n<\/div>","protected":false},"excerpt":{"rendered":"<p>[vc_row row_type=\u00a0\u00bbrow\u00a0\u00bb use_row_as_full_screen_section=\u00a0\u00bbno\u00a0\u00bb type=\u00a0\u00bbgrid\u00a0\u00bb text_align=\u00a0\u00bbleft\u00a0\u00bb box_shadow_on_row=\u00a0\u00bbno\u00a0\u00bb][vc_column][vc_column_text] [vc_separator type=\u00a0\u00bbtransparent\u00a0\u00bb position=\u00a0\u00bbcenter\u00a0\u00bb color=\u00a0\u00bb\u00a0\u00bb border_style=\u00a0\u00bbdashed\u00a0\u00bb width=\u00a0\u00bb\u00a0\u00bb thickness=\u00a0\u00bb\u00a0\u00bb up=\u00a0\u00bb\u00a0\u00bb down=\u00a0\u00bb15&Prime;]ESTADO DE AVANCE DE LAS OBRAS DE ADECUACI\u00d3N BOCANA NORTE [\/vc_column_text][vc_empty_space image_repeat=\u00a0\u00bbno-repeat\u00a0\u00bb][vc_row_inner row_type=\u00a0\u00bbrow\u00a0\u00bb type=\u00a0\u00bbfull_width\u00a0\u00bb use_row_as_full_screen_section_slide=\u00a0\u00bbno\u00a0\u00bb text_align=\u00a0\u00bbleft\u00a0\u00bb box_shadow_on_row=\u00a0\u00bbno\u00a0\u00bb][vc_column_inner width=\u00a0\u00bb1\/4&Prime;][vc_single_image image=\u00a0\u00bb348481&Prime; img_size=\u00a0\u00bbmedium\u00a0\u00bb onclick=\u00a0\u00bblink_image\u00a0\u00bb][vc_empty_space image_repeat=\u00a0\u00bbno-repeat\u00a0\u00bb][vc_single_image image=\u00a0\u00bb348496&Prime; img_size=\u00a0\u00bbmedium\u00a0\u00bb onclick=\u00a0\u00bblink_image\u00a0\u00bb][\/vc_column_inner][vc_column_inner width=\u00a0\u00bb1\/4&Prime;][vc_single_image image=\u00a0\u00bb348497&Prime; img_size=\u00a0\u00bbmedium\u00a0\u00bb onclick=\u00a0\u00bblink_image\u00a0\u00bb][vc_empty_space image_repeat=\u00a0\u00bbno-repeat\u00a0\u00bb][vc_single_image image=\u00a0\u00bb348493&Prime;&#8230;<\/p>\n","protected":false},"author":1,"featured_media":0,"parent":0,"menu_order":0,"comment_status":"open","ping_status":"closed","template":"landing_page.php","meta":{"footnotes":""},"class_list":["post-348480","page","type-page","status-publish","hentry"],"_links":{"self":[{"href":"https:\/\/marinanoufontana.es\/fr\/wp-json\/wp\/v2\/pages\/348480","targetHints":{"allow":["GET"]}}],"collection":[{"href":"https:\/\/marinanoufontana.es\/fr\/wp-json\/wp\/v2\/pages"}],"about":[{"href":"https:\/\/marinanoufontana.es\/fr\/wp-json\/wp\/v2\/types\/page"}],"author":[{"embeddable":true,"href":"https:\/\/marinanoufontana.es\/fr\/wp-json\/wp\/v2\/users\/1"}],"replies":[{"embeddable":true,"href":"https:\/\/marinanoufontana.es\/fr\/wp-json\/wp\/v2\/comments?post=348480"}],"version-history":[{"count":10,"href":"https:\/\/marinanoufontana.es\/fr\/wp-json\/wp\/v2\/pages\/348480\/revisions"}],"predecessor-version":[{"id":354634,"href":"https:\/\/marinanoufontana.es\/fr\/wp-json\/wp\/v2\/pages\/348480\/revisions\/354634"}],"wp:attachment":[{"href":"https:\/\/marinanoufontana.es\/fr\/wp-json\/wp\/v2\/media?parent=348480"}],"curies":[{"name":"wp","href":"https:\/\/api.w.org\/{rel}","templated":true}]}}