{"id":349622,"date":"2016-05-03T15:49:02","date_gmt":"2016-05-03T15:49:02","guid":{"rendered":"http:\/\/marinanoufontana.es\/?page_id=349622"},"modified":"2020-05-15T11:53:24","modified_gmt":"2020-05-15T11:53:24","slug":"normativa-amarres","status":"publish","type":"page","link":"https:\/\/marinanoufontana.es\/fr\/normativa-amarres\/","title":{"rendered":"Normativa Amarres"},"content":{"rendered":"<div class=\"wpb-content-wrapper\"><p>[vc_row row_type=\u00a0\u00bbrow\u00a0\u00bb use_row_as_full_screen_section=\u00a0\u00bbno\u00a0\u00bb type=\u00a0\u00bbfull_width\u00a0\u00bb text_align=\u00a0\u00bbleft\u00a0\u00bb box_shadow_on_row=\u00a0\u00bbno\u00a0\u00bb][vc_column][vc_empty_space height=\u00a0\u00bb60px\u00a0\u00bb image_repeat=\u00a0\u00bbno-repeat\u00a0\u00bb][\/vc_column][\/vc_row][vc_row row_type=\u00a0\u00bbrow\u00a0\u00bb use_row_as_full_screen_section=\u00a0\u00bbno\u00a0\u00bb type=\u00a0\u00bbgrid\u00a0\u00bb text_align=\u00a0\u00bbleft\u00a0\u00bb padding_top=\u00a0\u00bb0&Prime; padding_bottom=\u00a0\u00bb50&Prime; box_shadow_on_row=\u00a0\u00bbno\u00a0\u00bb][vc_column width=\u00a0\u00bb1\/2&Prime; offset=\u00a0\u00bbvc_col-lg-6 vc_col-md-6 vc_col-xs-12&Prime;][vc_text_separator title=\u00a0\u00bb\u00a0\u00bb text_in_box=\u00a0\u00bbno\u00a0\u00bb text_position=\u00a0\u00bbleft\u00a0\u00bb box_padding=\u00a0\u00bb0&Prime; line_color=\u00a0\u00bb#0a0a0a\u00a0\u00bb line_width=\u00a0\u00bb43&Prime; animation=\u00a0\u00bbdefault\u00a0\u00bb line_thickness=\u00a0\u00bb1&Prime; line_border_style=\u00a0\u00bbsolid\u00a0\u00bb up=\u00a0\u00bb5&Prime; down=\u00a0\u00bb4&Prime; line_dots=\u00a0\u00bbno\u00a0\u00bb][vc_column_text]<\/p>\n<h5>01<\/h5>\n<p>[\/vc_column_text][vc_text_separator title=\u00a0\u00bb\u00a0\u00bb text_in_box=\u00a0\u00bbno\u00a0\u00bb text_position=\u00a0\u00bbleft\u00a0\u00bb box_padding=\u00a0\u00bb0&Prime; line_color=\u00a0\u00bb#0a0a0a\u00a0\u00bb line_width=\u00a0\u00bb43&Prime; animation=\u00a0\u00bbdefault\u00a0\u00bb line_thickness=\u00a0\u00bb1&Prime; line_border_style=\u00a0\u00bbsolid\u00a0\u00bb up=\u00a0\u00bb5&Prime; down=\u00a0\u00bb5&Prime; line_dots=\u00a0\u00bbno\u00a0\u00bb][vc_column_text]<\/p>\n<h6>R\u00e8glements et Informations Importantes<\/h6>\n<p>[\/vc_column_text][vc_separator type=\u00a0\u00bbtransparent\u00a0\u00bb up=\u00a0\u00bb30&Prime; up_style=\u00a0\u00bbpx\u00a0\u00bb down=\u00a0\u00bb0&Prime; down_style=\u00a0\u00bbpx\u00a0\u00bb][vc_column_text]<\/p>\n<p style=\"text-align: justify;\">Chers usagers de la \u00ab\u00a0Marina Nou Fontana\u00a0\u00bb, nous vous rappelons <span style=\"color: #33cccc;\"><strong>l&rsquo;importance pour la \u00a0\u00bb Marina Nou Fontana\u00a0\u00bb d&rsquo;\u00eatre en possession d&rsquo;une copie des documents suivants<\/strong><\/span> relatifs \u00e0 votre bateau; ceux-ci \u00e9tant par ailleurs exig\u00e9s par les autorit\u00e9s de Police \u00a0\u00bb Garde Civile\u00a0\u00bb.<\/p>\n<ul style=\"text-align: justify;\">\n<li><span style=\"color: #33cccc;\"><strong>Certificat d&rsquo;Immatriculation du bateau \u00ab\u00a0Hoja de Asiento\u00a0\u00bb \u00a0\u00bb Lettre de Pavillon\u00a0\u00bb o\u00f9 sont mentionn\u00e9es ses caract\u00e9ristiques et les coordonn\u00e9es du propri\u00e9taire<\/strong><\/span><\/li>\n<li><span style=\"color: #33cccc;\"><strong>Carte d&rsquo;identit\u00e9 du propri\u00e9taire du bateau.<\/strong><\/span><\/li>\n<li><span style=\"color: #33cccc;\"><strong>Les coordonn\u00e9es pr\u00e9cises du propri\u00e9taire du bateau pour le cas o\u00f9 nous devrions le contacter.<\/strong><\/span><\/li>\n<li><span style=\"color: #33cccc;\"><strong>Certificat de navigabilit\u00e9 du bateau.<\/strong><\/span><\/li>\n<li><span style=\"color: #33cccc;\"><strong>Derni\u00e8re quittance d&rsquo;assurance du bateau.<\/strong><\/span><\/li>\n<li><span style=\"color: #33cccc;\"><strong>L&rsquo;autorisation dat\u00e9e et sign\u00e9e si une entreprise a pour mission d&rsquo;effectuer des man\u0153uvres avec votre bateau, dans et hors du port.<\/strong><\/span><\/li>\n<\/ul>\n<p style=\"text-align: justify;\">Pour un bon fonctionnement du port la \u00a0\u00bb Marina Nou Fontana\u00a0\u00bb nous vous rappelons les <span style=\"color: #33cccc;\"><strong>r\u00e8gles de base<\/strong><\/span>:<\/p>\n<p style=\"text-align: justify;\"><span style=\"color: #33cccc;\"><strong>&#8211; Pour l&rsquo;entr\u00e9e dans le port, il sera n\u00e9cessaire:<\/strong><\/span><\/p>\n<ul style=\"text-align: justify;\">\n<li>Que la \u00ab\u00a0Marina Nou Fontana\u00a0\u00bb poss\u00e8de une copie de tous les documents mentionn\u00e9s ci-dessus.<\/li>\n<li>Etre en ordre de paiement avec la \u00a0\u00bb Marina Nou Fontana\u00a0\u00bb.<\/li>\n<li>Signature de la feuille d&rsquo;entr\u00e9e des bateaux<\/li>\n<\/ul>\n<p style=\"text-align: justify;\"><span style=\"color: #33cccc;\"><strong>-Dans le cas o\u00f9 vous n&rsquo;\u00eates pas le propri\u00e9taire de l&#8217;emplacement d&rsquo;amarrage, il y a lieu d&rsquo;\u00eatre en possession d&rsquo;une autorisation du propri\u00e9taire qui indique la p\u00e9riode du s\u00e9jour du bateau.<\/strong><\/span><\/p>\n<p>[\/vc_column_text][vc_separator type=\u00a0\u00bbtransparent\u00a0\u00bb up=\u00a0\u00bb30&Prime; up_style=\u00a0\u00bbpx\u00a0\u00bb down=\u00a0\u00bb0&Prime; down_style=\u00a0\u00bbpx\u00a0\u00bb][vc_separator type=\u00a0\u00bbtransparent\u00a0\u00bb up=\u00a0\u00bb30&Prime; up_style=\u00a0\u00bbpx\u00a0\u00bb down=\u00a0\u00bb0&Prime; down_style=\u00a0\u00bbpx\u00a0\u00bb][vc_separator type=\u00a0\u00bbtransparent\u00a0\u00bb up=\u00a0\u00bb30&Prime; up_style=\u00a0\u00bbpx\u00a0\u00bb down=\u00a0\u00bb0&Prime; down_style=\u00a0\u00bbpx\u00a0\u00bb][\/vc_column][vc_column width=\u00a0\u00bb1\/2&Prime;][vc_empty_space height=\u00a0\u00bb230px\u00a0\u00bb image_repeat=\u00a0\u00bbno-repeat\u00a0\u00bb][vc_separator type=\u00a0\u00bbtransparent\u00a0\u00bb up=\u00a0\u00bb35&Prime; up_style=\u00a0\u00bbpx\u00a0\u00bb down=\u00a0\u00bb0&Prime; down_style=\u00a0\u00bbpx\u00a0\u00bb][vc_column_text]<\/p>\n<ul>\n<li>\n<p style=\"text-align: justify;\"><span style=\"color: #33cccc;\"><strong> Lors de la sortie du port, il sera n\u00e9cessaire:<\/strong><\/span><\/p>\n<ul style=\"text-align: justify;\">\n<li>Etre en ordre de paiement avec la \u00a0\u00bb Marina Nou Fontana\u00a0\u00bb.<\/li>\n<li>Si une entreprise nautique a pour mission de man\u0153uvrer le bateau pour rentrer ou sortir du port, l&rsquo;autorisation du propri\u00e9taire doit \u00eatre remise \u00e0 la \u00ab\u00a0Marina Nou Fontana\u00a0\u00bb avant tout mouvement du bateau.<\/li>\n<li>Signature de la feuille de sortie des bateaux<\/li>\n<\/ul>\n<p style=\"text-align: justify;\">Vous comprendrez que le respect de notre r\u00e8glement est tr\u00e8s important et donc nous vous demandons, <span style=\"color: #33cccc;\"><strong>qu&rsquo; avant chaque entr\u00e9e ou sortie de votre bateau, vous remplissez les conditions reprises ci-dessus<\/strong><\/span>, sinon nous ne pourrions pas effectuer la gestion avec notre nouveau programme informatique de gestion que vous \u00e9tes en droit de r\u00e9clamer, il y va de l&rsquo;int\u00e9r\u00eat de tous.<\/p>\n<p style=\"text-align: justify;\">Pour toutes vos questions nous serons heureux de vous aider.<\/p>\n<\/li>\n<\/ul>\n<p>[\/vc_column_text][vc_empty_space image_repeat=\u00a0\u00bbno-repeat\u00a0\u00bb][vc_column_text]<\/p>\n<h5>Documens d&rsquo;int\u00e9r\u00eat<\/h5>\n<p>[\/vc_column_text][vc_empty_space height=\u00a0\u00bb50px\u00a0\u00bb image_repeat=\u00a0\u00bbno-repeat\u00a0\u00bb][vc_column_text]<\/p>\n<ul>\n<li><a href=\"http:\/\/marinanoufontana.es\/wp-content\/uploads\/2016\/03\/ReglamentoDEFINITIVOABRIL15FRANCES.pdf\" target=\"_blank\" rel=\"noopener noreferrer\"><b>R\u00e8glement d\u00b4Exploitation et de Police du Port (Canal de la Fontana).<br \/>\n<\/b><\/a><\/li>\n<li><a href=\"https:\/\/marinanoufontana.es\/wp-content\/uploads\/2020\/05\/Reglamento-MARINA-INTERIOR-2018-12-APROBADO.pdf\" target=\"_blank\" rel=\"noopener noreferrer\"><b>R\u00e8glement d\u00b4Exploitation et de Police du Port (Marina de la Fontana).<\/b><\/a><\/li>\n<li><a href=\"http:\/\/marinanoufontana.es\/wp-content\/uploads\/2017\/08\/MNF_NormasUso_FR_2.pdf\" target=\"_blank\" rel=\"noopener noreferrer\"><b>Normes de base de l\u00b4utilisation de mouillages.<\/b><\/a><\/li>\n<li><a href=\"http:\/\/marinanoufontana.es\/wp-content\/uploads\/2017\/08\/MNF_Medioambiente_FR_in.pdf\" target=\"_blank\" rel=\"noopener noreferrer\"><b>Recommandations Environnementales.<\/b><\/a><\/li>\n<li><a href=\"http:\/\/marinanoufontana.es\/wp-content\/uploads\/2017\/08\/Dimensiones_FR.pdf\" target=\"_blank\" rel=\"noopener noreferrer\"><b>Correspondance entre les dimensions du poste d&rsquo;amarrage acquis et les dimensions maximales autoris\u00e9es de l&#8217;embarcation.<\/b><\/a><\/li>\n<li><a href=\"http:\/\/marinanoufontana.es\/wp-content\/uploads\/2017\/08\/MNF_amarre_FR.pdf\" target=\"_blank\" rel=\"noopener noreferrer\"><strong>Recommandations d\u00b4ex\u00e9cution obligatoire pour l\u00b4amarrage des bateaux en pr\u00e9vention de ph\u00e9nom\u00e8nes m\u00e9t\u00e9orologiques extraordinaires<\/strong><\/a><b><\/b><\/li>\n<li><strong><a href=\"http:\/\/marinanoufontana.es\/wp-content\/uploads\/2017\/08\/MNF_SEGURIDAD.pdf\" target=\"_blank\" rel=\"noopener noreferrer\">Conseils de s\u00e9curit\u00e9 et pr\u00e9vention des accidents en mer<\/a><\/strong><\/li>\n<li><strong><a href=\"http:\/\/marinanoufontana.es\/wp-content\/uploads\/2017\/08\/MNF_NORMAS_GAS.pdf\" target=\"_blank\" rel=\"noopener noreferrer\">Normes de base de s\u00e9curit\u00e9 pour l\u00b4approvisionnement de combustible des embarcations<\/a><\/strong><\/li>\n<li><strong><a href=\"http:\/\/marinanoufontana.es\/wp-content\/uploads\/2017\/08\/MNF_Gas_inside.pdf\" target=\"_blank\" rel=\"noopener noreferrer\">Instruccions d\u00b4utilisation pour la pompe \u00e0 essence libre-service<\/a><\/strong><\/li>\n<li><strong><a href=\"http:\/\/marinanoufontana.es\/wp-content\/uploads\/2017\/08\/MNF_Normativa_FR.pdf\" target=\"_blank\" rel=\"noopener noreferrer\">Conditions d\u00b4entr\u00e9e et de sortie des navires\u00a0<\/a><\/strong><\/li>\n<li><strong><a href=\"http:\/\/marinanoufontana.es\/wp-content\/uploads\/2017\/08\/MNF_ALQUILER_FR.pdf\" target=\"_blank\" rel=\"noopener noreferrer\">Loyer d\u00b4amarrages de la part des titulaires \u00e0 usage pr\u00e9f\u00e9rentiel<\/a><\/strong><\/li>\n<li><a href=\"http:\/\/marinanoufontana.es\/wp-content\/uploads\/2017\/08\/curso-emergencias-amarristas.ppsx\" target=\"_blank\" rel=\"noopener noreferrer\"><strong>Cours sur les bateaux d\u00b4urgence<\/strong>\u00a0<\/a><\/li>\n<\/ul>\n<p>[\/vc_column_text][\/vc_column][\/vc_row][vc_row row_type=\u00a0\u00bbrow\u00a0\u00bb use_row_as_full_screen_section=\u00a0\u00bbno\u00a0\u00bb type=\u00a0\u00bbfull_width\u00a0\u00bb text_align=\u00a0\u00bbleft\u00a0\u00bb box_shadow_on_row=\u00a0\u00bbno\u00a0\u00bb][vc_column][\/vc_column][\/vc_row]<\/p>\n<\/div>","protected":false},"excerpt":{"rendered":"<p>[vc_row row_type=\u00a0\u00bbrow\u00a0\u00bb use_row_as_full_screen_section=\u00a0\u00bbno\u00a0\u00bb type=\u00a0\u00bbfull_width\u00a0\u00bb text_align=\u00a0\u00bbleft\u00a0\u00bb box_shadow_on_row=\u00a0\u00bbno\u00a0\u00bb][vc_column][vc_empty_space height=\u00a0\u00bb60px\u00a0\u00bb image_repeat=\u00a0\u00bbno-repeat\u00a0\u00bb][\/vc_column][\/vc_row][vc_row row_type=\u00a0\u00bbrow\u00a0\u00bb use_row_as_full_screen_section=\u00a0\u00bbno\u00a0\u00bb type=\u00a0\u00bbgrid\u00a0\u00bb text_align=\u00a0\u00bbleft\u00a0\u00bb padding_top=\u00a0\u00bb0&Prime; padding_bottom=\u00a0\u00bb50&Prime; box_shadow_on_row=\u00a0\u00bbno\u00a0\u00bb][vc_column width=\u00a0\u00bb1\/2&Prime; offset=\u00a0\u00bbvc_col-lg-6 vc_col-md-6 vc_col-xs-12&Prime;][vc_text_separator title=\u00a0\u00bb\u00a0\u00bb text_in_box=\u00a0\u00bbno\u00a0\u00bb text_position=\u00a0\u00bbleft\u00a0\u00bb box_padding=\u00a0\u00bb0&Prime; line_color=\u00a0\u00bb#0a0a0a\u00a0\u00bb line_width=\u00a0\u00bb43&Prime; animation=\u00a0\u00bbdefault\u00a0\u00bb line_thickness=\u00a0\u00bb1&Prime; line_border_style=\u00a0\u00bbsolid\u00a0\u00bb up=\u00a0\u00bb5&Prime; down=\u00a0\u00bb4&Prime; line_dots=\u00a0\u00bbno\u00a0\u00bb][vc_column_text] 01 [\/vc_column_text][vc_text_separator title=\u00a0\u00bb\u00a0\u00bb text_in_box=\u00a0\u00bbno\u00a0\u00bb text_position=\u00a0\u00bbleft\u00a0\u00bb box_padding=\u00a0\u00bb0&Prime; line_color=\u00a0\u00bb#0a0a0a\u00a0\u00bb line_width=\u00a0\u00bb43&Prime; animation=\u00a0\u00bbdefault\u00a0\u00bb line_thickness=\u00a0\u00bb1&Prime; line_border_style=\u00a0\u00bbsolid\u00a0\u00bb up=\u00a0\u00bb5&Prime; down=\u00a0\u00bb5&Prime; line_dots=\u00a0\u00bbno\u00a0\u00bb][vc_column_text]&#8230;<\/p>\n","protected":false},"author":1,"featured_media":0,"parent":0,"menu_order":0,"comment_status":"closed","ping_status":"closed","template":"","meta":{"footnotes":""},"class_list":["post-349622","page","type-page","status-publish","hentry"],"_links":{"self":[{"href":"https:\/\/marinanoufontana.es\/fr\/wp-json\/wp\/v2\/pages\/349622","targetHints":{"allow":["GET"]}}],"collection":[{"href":"https:\/\/marinanoufontana.es\/fr\/wp-json\/wp\/v2\/pages"}],"about":[{"href":"https:\/\/marinanoufontana.es\/fr\/wp-json\/wp\/v2\/types\/page"}],"author":[{"embeddable":true,"href":"https:\/\/marinanoufontana.es\/fr\/wp-json\/wp\/v2\/users\/1"}],"replies":[{"embeddable":true,"href":"https:\/\/marinanoufontana.es\/fr\/wp-json\/wp\/v2\/comments?post=349622"}],"version-history":[{"count":44,"href":"https:\/\/marinanoufontana.es\/fr\/wp-json\/wp\/v2\/pages\/349622\/revisions"}],"predecessor-version":[{"id":353692,"href":"https:\/\/marinanoufontana.es\/fr\/wp-json\/wp\/v2\/pages\/349622\/revisions\/353692"}],"wp:attachment":[{"href":"https:\/\/marinanoufontana.es\/fr\/wp-json\/wp\/v2\/media?parent=349622"}],"curies":[{"name":"wp","href":"https:\/\/api.w.org\/{rel}","templated":true}]}}