{"id":349730,"date":"2016-05-04T15:40:20","date_gmt":"2016-05-04T15:40:20","guid":{"rendered":"http:\/\/marinanoufontana.es\/?page_id=349730"},"modified":"2018-01-13T16:32:18","modified_gmt":"2018-01-13T16:32:18","slug":"enjoy-nou-fontana-restaurantes-y-ocio","status":"publish","type":"page","link":"https:\/\/marinanoufontana.es\/fr\/enjoy-nou-fontana-restaurantes-y-ocio\/","title":{"rendered":"Enjoy Nou Fontana &#8211; Restaurantes y Ocio"},"content":{"rendered":"<div class=\"wpb-content-wrapper\"><p>[vc_row row_type=\u00a0\u00bbrow\u00a0\u00bb use_row_as_full_screen_section=\u00a0\u00bbno\u00a0\u00bb type=\u00a0\u00bbfull_width\u00a0\u00bb text_align=\u00a0\u00bbleft\u00a0\u00bb box_shadow_on_row=\u00a0\u00bbno\u00a0\u00bb][vc_column][vc_empty_space height=\u00a0\u00bb60px\u00a0\u00bb image_repeat=\u00a0\u00bbno-repeat\u00a0\u00bb][\/vc_column][\/vc_row][vc_row row_type=\u00a0\u00bbrow\u00a0\u00bb use_row_as_full_screen_section=\u00a0\u00bbno\u00a0\u00bb type=\u00a0\u00bbgrid\u00a0\u00bb text_align=\u00a0\u00bbleft\u00a0\u00bb background_color=\u00a0\u00bb#ffffff\u00a0\u00bb padding_top=\u00a0\u00bb0&Prime; padding_bottom=\u00a0\u00bb0&Prime; box_shadow_on_row=\u00a0\u00bbno\u00a0\u00bb][vc_column offset=\u00a0\u00bbvc_col-lg-6 vc_col-md-6 vc_col-xs-12&Prime;][vc_text_separator title=\u00a0\u00bb\u00a0\u00bb text_in_box=\u00a0\u00bbno\u00a0\u00bb text_position=\u00a0\u00bbleft\u00a0\u00bb box_padding=\u00a0\u00bb0&Prime; line_color=\u00a0\u00bb#0a0a0a\u00a0\u00bb line_width=\u00a0\u00bb43&Prime; animation=\u00a0\u00bbdefault\u00a0\u00bb line_thickness=\u00a0\u00bb1&Prime; line_border_style=\u00a0\u00bbsolid\u00a0\u00bb up=\u00a0\u00bb5&Prime; down=\u00a0\u00bb4&Prime; line_dots=\u00a0\u00bbno\u00a0\u00bb][vc_column_text]<\/p>\n<h5>\u00a0 01<\/h5>\n<p>[\/vc_column_text][vc_text_separator title=\u00a0\u00bb\u00a0\u00bb text_in_box=\u00a0\u00bbno\u00a0\u00bb text_position=\u00a0\u00bbleft\u00a0\u00bb box_padding=\u00a0\u00bb0&Prime; line_color=\u00a0\u00bb#0a0a0a\u00a0\u00bb line_width=\u00a0\u00bb43&Prime; animation=\u00a0\u00bbdefault\u00a0\u00bb line_thickness=\u00a0\u00bb1&Prime; line_border_style=\u00a0\u00bbsolid\u00a0\u00bb up=\u00a0\u00bb5&Prime; down=\u00a0\u00bb5&Prime; line_dots=\u00a0\u00bbno\u00a0\u00bb][vc_column_text]<\/p>\n<h1>Restaurants et Loisirs<\/h1>\n<p>[\/vc_column_text][vc_separator type=\u00a0\u00bbtransparent\u00a0\u00bb up=\u00a0\u00bb35&Prime; up_style=\u00a0\u00bbpx\u00a0\u00bb down=\u00a0\u00bb0&Prime; down_style=\u00a0\u00bbpx\u00a0\u00bb][vc_separator type=\u00a0\u00bbtransparent\u00a0\u00bb up=\u00a0\u00bb35&Prime; up_style=\u00a0\u00bbpx\u00a0\u00bb down=\u00a0\u00bb0&Prime; down_style=\u00a0\u00bbpx\u00a0\u00bb][\/vc_column][vc_column offset=\u00a0\u00bbvc_col-lg-6 vc_col-md-6&Prime;][\/vc_column][\/vc_row][vc_row row_type=\u00a0\u00bbrow\u00a0\u00bb use_row_as_full_screen_section=\u00a0\u00bbno\u00a0\u00bb type=\u00a0\u00bbfull_width\u00a0\u00bb text_align=\u00a0\u00bbleft\u00a0\u00bb box_shadow_on_row=\u00a0\u00bbno\u00a0\u00bb][vc_column width=\u00a0\u00bb1\/2&Prime;][vc_column_text]<\/p>\n<h5>Amarre 152<\/h5>\n<p>[\/vc_column_text][vc_separator type=\u00a0\u00bbtransparent\u00a0\u00bb up=\u00a0\u00bb35&Prime; up_style=\u00a0\u00bbpx\u00a0\u00bb down=\u00a0\u00bb0&Prime; down_style=\u00a0\u00bbpx\u00a0\u00bb][vc_column_text]Restaurant Arrocer\u00eda \u00e0 J\u00e1vea, o\u00f9 vous pouvez d\u00e9guster d\u2019une cuisine m\u00e9diterran\u00e9enne cr\u00e9ative. \u00c0 partir d\u2019excellentes mati\u00e8res premi\u00e8res de la zone et avec une \u00e9laboration soign\u00e9e. Au Restaurant\u00a0<span style=\"color: #33cccc;\"><strong>Amarre 152<\/strong><\/span>\u00a0on vous offre de brillantes pr\u00e9sentations avec les riz les plus exquis, les viandes et les poissons comme principaux plats.<\/p>\n<p>&nbsp;<\/p>\n<p>De leurs fours sortent des plats aussi app\u00e9tissantes que : Riz avec langoustines et ails tendres, Crevettes grill\u00e9es de la baie, Riz avec magret, calmars et \u00ab\u00a0bajoqueta\u00a0\u00bb, Loup de mer au sel, \u00ab\u00a0Vinagrera\u00a0\u00bb de poisson, Sepionets (petites s\u00e8ches) de plage sur \u00ab\u00a0fideu\u00e0\u00a0\u00bb, C\u00f4telette de g\u00e9nisse \u00e0 la pierre\u2026[\/vc_column_text][\/vc_column][vc_column width=\u00a0\u00bb1\/2&Prime;][vc_empty_space height=\u00a0\u00bb60px\u00a0\u00bb image_repeat=\u00a0\u00bbno-repeat\u00a0\u00bb][vc_column_text]Le Restaurant <span style=\"color: #33cccc;\"><strong>Amarre 152<\/strong><\/span> dispose d\u2019une vaste et \u00e9l\u00e9gante terrasse, d&rsquo;une soign\u00e9e et moderne d\u00e9coration lumineuse et m\u00e9diterran\u00e9enne, de fa\u00e7on \u00e0 obtenir la cr\u00e9ation d\u2019une atmosph\u00e8re agr\u00e9able et professionnelle, avec un service soign\u00e9, toujours attentif et gentil. Le Restaurant <span style=\"color: #33cccc;\"><strong>Amarre 152<\/strong><\/span>\u00a0dispose \u00e9galement d\u2019une excellente offre gastronomique et un lieu appropri\u00e9 pour c\u00e9l\u00e9brations familiales, D\u00eeners \u00e0 deux, repas d&rsquo;Affaire, pour Groupes\u2026<\/p>\n<p>&nbsp;<\/p>\n<p><a href=\"http:\/\/www.restauranteamarre152.com\/\" target=\"_blank\">www.restauranteamarre152.com<\/a>[\/vc_column_text][\/vc_column][vc_column][vc_empty_space height=\u00a0\u00bb35px\u00a0\u00bb image_repeat=\u00a0\u00bbno-repeat\u00a0\u00bb]<div class='eltd_image_gallery_no_space '><div class='eltd_image_gallery_holder' style='height: 400px;'><ul ><li><div style=\"height: 400px; width:267px;\"><a class=\"lightbox_single_portfolio\" data-rel=\"prettyPhoto[rel-486326460]\" href=\"https:\/\/marinanoufontana.es\/wp-content\/uploads\/2016\/04\/h56dw50chldm.jpg\"><img decoding=\"async\" src=\"https:\/\/marinanoufontana.es\/wp-content\/uploads\/2016\/04\/h56dw50chldm.jpg\" alt=\"\"  \/><\/a><\/div><\/li><li><div style=\"height: 400px; width:525px;\"><a class=\"lightbox_single_portfolio\" data-rel=\"prettyPhoto[rel-486326460]\" href=\"https:\/\/marinanoufontana.es\/wp-content\/uploads\/2016\/04\/28102014120210_MG1514.jpg\"><img decoding=\"async\" src=\"https:\/\/marinanoufontana.es\/wp-content\/uploads\/2016\/04\/28102014120210_MG1514.jpg\" alt=\"\"  \/><\/a><\/div><\/li><li><div style=\"height: 400px; width:601px;\"><a class=\"lightbox_single_portfolio\" data-rel=\"prettyPhoto[rel-486326460]\" href=\"https:\/\/marinanoufontana.es\/wp-content\/uploads\/2016\/04\/1262015050409_12032015MG4988.jpg\"><img decoding=\"async\" src=\"https:\/\/marinanoufontana.es\/wp-content\/uploads\/2016\/04\/1262015050409_12032015MG4988.jpg\" alt=\"\"  \/><\/a><\/div><\/li><li><div style=\"height: 400px; width:601px;\"><a class=\"lightbox_single_portfolio\" data-rel=\"prettyPhoto[rel-486326460]\" href=\"https:\/\/marinanoufontana.es\/wp-content\/uploads\/2016\/04\/1262015050311_12032015MG4864.jpg\"><img decoding=\"async\" src=\"https:\/\/marinanoufontana.es\/wp-content\/uploads\/2016\/04\/1262015050311_12032015MG4864.jpg\" alt=\"\"  \/><\/a><\/div><\/li><li><div style=\"height: 400px; width:601px;\"><a class=\"lightbox_single_portfolio\" data-rel=\"prettyPhoto[rel-486326460]\" href=\"https:\/\/marinanoufontana.es\/wp-content\/uploads\/2016\/04\/1262015042759_MG0705.jpg\"><img decoding=\"async\" src=\"https:\/\/marinanoufontana.es\/wp-content\/uploads\/2016\/04\/1262015042759_MG0705.jpg\" alt=\"\"  \/><\/a><\/div><\/li><li><div style=\"height: 400px; width:544px;\"><a class=\"lightbox_single_portfolio\" data-rel=\"prettyPhoto[rel-486326460]\" href=\"https:\/\/marinanoufontana.es\/wp-content\/uploads\/2016\/04\/182014095634_MG1661.jpg\"><img decoding=\"async\" src=\"https:\/\/marinanoufontana.es\/wp-content\/uploads\/2016\/04\/182014095634_MG1661.jpg\" alt=\"\"  \/><\/a><\/div><\/li><\/ul><\/div><div class=\"controls\"><a class=\"prev-slide\" href=\"#\"><span class=\"arrow_carrot-left\"><\/span><\/a><a class=\"next-slide\" href=\"#\"><span class=\"arrow_carrot-right\"><\/span><\/a><\/div><\/div>[\/vc_column][\/vc_row][vc_row row_type=\u00a0\u00bbrow\u00a0\u00bb use_row_as_full_screen_section=\u00a0\u00bbno\u00a0\u00bb type=\u00a0\u00bbfull_width\u00a0\u00bb text_align=\u00a0\u00bbleft\u00a0\u00bb box_shadow_on_row=\u00a0\u00bbno\u00a0\u00bb][vc_column][vc_empty_space height=\u00a0\u00bb70px\u00a0\u00bb image_repeat=\u00a0\u00bbno-repeat\u00a0\u00bb][\/vc_column][\/vc_row][vc_row row_type=\u00a0\u00bbrow\u00a0\u00bb use_row_as_full_screen_section=\u00a0\u00bbno\u00a0\u00bb type=\u00a0\u00bbfull_width\u00a0\u00bb text_align=\u00a0\u00bbleft\u00a0\u00bb box_shadow_on_row=\u00a0\u00bbno\u00a0\u00bb][vc_column width=\u00a0\u00bb1\/2&Prime;][vc_empty_space height=\u00a0\u00bb60px\u00a0\u00bb image_repeat=\u00a0\u00bbno-repeat\u00a0\u00bb][vc_column_text]<\/p>\n<h5>Parador Nacional de J\u00e1vea<\/h5>\n<p>[\/vc_column_text][vc_separator type=\u00a0\u00bbtransparent\u00a0\u00bb up=\u00a0\u00bb35&Prime; up_style=\u00a0\u00bbpx\u00a0\u00bb down=\u00a0\u00bb0&Prime; down_style=\u00a0\u00bbpx\u00a0\u00bb][vc_column_text]Des vacances au bord de la M\u00e9diterran\u00e9e, dans la jolie ville de Javea, au nord de la Costa Blanca, o\u00f9 pratiquer des sports nautiques, entour\u00e9s de jardins verdoyants, et stationner votre bateau sur le quai juste en face de la pelouse qui entoure la piscine&#8230; Ce n&rsquo;est pas un r\u00eave, c&rsquo;est la possibilit\u00e9 que vous offre le <span style=\"color: #33cccc;\"><strong>Parador de Javea<\/strong><\/span>.[\/vc_column_text][\/vc_column][vc_column width=\u00a0\u00bb1\/2&Prime;][vc_empty_space height=\u00a0\u00bb120px\u00a0\u00bb image_repeat=\u00a0\u00bbno-repeat\u00a0\u00bb][vc_column_text]L&rsquo;int\u00e9rieur de l&rsquo;h\u00f4tel est tr\u00e8s confortable et agr\u00e9able, id\u00e9al pour se reposer en laissant libre cours \u00e0 l&rsquo;imagination depuis les balcons donnant sur la mer infinie. Sur la terrasse du restaurant, qui poss\u00e8de des vues fabuleuses sur la M\u00e9diterran\u00e9e, vous pourrez d\u00e9guster de savoureux riz, poissons et fideu\u00e1s&#8230; L&rsquo;id\u00e9e vous tente?<\/p>\n<p>&nbsp;<\/p>\n<p><a href=\"http:\/\/www.parador.es\/es\/paradores\/parador-de-javea\" target=\"_blank\">www.parador.es\/es\/paradores\/parador-de-javea<\/a>[\/vc_column_text][\/vc_column][\/vc_row][vc_row row_type=\u00a0\u00bbrow\u00a0\u00bb use_row_as_full_screen_section=\u00a0\u00bbno\u00a0\u00bb type=\u00a0\u00bbfull_width\u00a0\u00bb text_align=\u00a0\u00bbleft\u00a0\u00bb box_shadow_on_row=\u00a0\u00bbno\u00a0\u00bb][vc_column][vc_empty_space height=\u00a0\u00bb35px\u00a0\u00bb image_repeat=\u00a0\u00bbno-repeat\u00a0\u00bb]<div class='eltd_image_gallery_no_space '><div class='eltd_image_gallery_holder' style='height: 400px;'><ul ><li><div style=\"height: 400px; width:712px;\"><a class=\"lightbox_single_portfolio\" data-rel=\"prettyPhoto[rel-1935417944]\" href=\"https:\/\/marinanoufontana.es\/wp-content\/uploads\/2016\/04\/parador-javea-hotel-2.jpg\"><img decoding=\"async\" src=\"https:\/\/marinanoufontana.es\/wp-content\/uploads\/2016\/04\/parador-javea-hotel-2.jpg\" alt=\"\"  \/><\/a><\/div><\/li><li><div style=\"height: 400px; width:597px;\"><a class=\"lightbox_single_portfolio\" data-rel=\"prettyPhoto[rel-1935417944]\" href=\"https:\/\/marinanoufontana.es\/wp-content\/uploads\/2016\/04\/javea_recortada.jpg\"><img decoding=\"async\" src=\"https:\/\/marinanoufontana.es\/wp-content\/uploads\/2016\/04\/javea_recortada.jpg\" alt=\"\"  \/><\/a><\/div><\/li><li><div style=\"height: 400px; width:712px;\"><a class=\"lightbox_single_portfolio\" data-rel=\"prettyPhoto[rel-1935417944]\" href=\"https:\/\/marinanoufontana.es\/wp-content\/uploads\/2016\/04\/especia-parador-de-javea-exterior-97906.jpg\"><img decoding=\"async\" src=\"https:\/\/marinanoufontana.es\/wp-content\/uploads\/2016\/04\/especia-parador-de-javea-exterior-97906.jpg\" alt=\"\"  \/><\/a><\/div><\/li><li><div style=\"height: 400px; width:731px;\"><a class=\"lightbox_single_portfolio\" data-rel=\"prettyPhoto[rel-1935417944]\" href=\"https:\/\/marinanoufontana.es\/wp-content\/uploads\/2016\/04\/33265707.jpg\"><img decoding=\"async\" src=\"https:\/\/marinanoufontana.es\/wp-content\/uploads\/2016\/04\/33265707.jpg\" alt=\"\"  \/><\/a><\/div><\/li><\/ul><\/div><div class=\"controls\"><a class=\"prev-slide\" href=\"#\"><span class=\"arrow_carrot-left\"><\/span><\/a><a class=\"next-slide\" href=\"#\"><span class=\"arrow_carrot-right\"><\/span><\/a><\/div><\/div>[\/vc_column][\/vc_row][vc_row row_type=\u00a0\u00bbrow\u00a0\u00bb use_row_as_full_screen_section=\u00a0\u00bbno\u00a0\u00bb type=\u00a0\u00bbfull_width\u00a0\u00bb text_align=\u00a0\u00bbleft\u00a0\u00bb box_shadow_on_row=\u00a0\u00bbno\u00a0\u00bb][vc_column][vc_empty_space image_repeat=\u00a0\u00bbno-repeat\u00a0\u00bb][\/vc_column][\/vc_row]<\/p>\n<\/div>","protected":false},"excerpt":{"rendered":"<p>[vc_row row_type=\u00a0\u00bbrow\u00a0\u00bb use_row_as_full_screen_section=\u00a0\u00bbno\u00a0\u00bb type=\u00a0\u00bbfull_width\u00a0\u00bb text_align=\u00a0\u00bbleft\u00a0\u00bb box_shadow_on_row=\u00a0\u00bbno\u00a0\u00bb][vc_column][vc_empty_space height=\u00a0\u00bb60px\u00a0\u00bb image_repeat=\u00a0\u00bbno-repeat\u00a0\u00bb][\/vc_column][\/vc_row][vc_row row_type=\u00a0\u00bbrow\u00a0\u00bb use_row_as_full_screen_section=\u00a0\u00bbno\u00a0\u00bb type=\u00a0\u00bbgrid\u00a0\u00bb text_align=\u00a0\u00bbleft\u00a0\u00bb background_color=\u00a0\u00bb#ffffff\u00a0\u00bb padding_top=\u00a0\u00bb0&Prime; padding_bottom=\u00a0\u00bb0&Prime; box_shadow_on_row=\u00a0\u00bbno\u00a0\u00bb][vc_column offset=\u00a0\u00bbvc_col-lg-6 vc_col-md-6 vc_col-xs-12&Prime;][vc_text_separator title=\u00a0\u00bb\u00a0\u00bb text_in_box=\u00a0\u00bbno\u00a0\u00bb text_position=\u00a0\u00bbleft\u00a0\u00bb box_padding=\u00a0\u00bb0&Prime; line_color=\u00a0\u00bb#0a0a0a\u00a0\u00bb line_width=\u00a0\u00bb43&Prime; animation=\u00a0\u00bbdefault\u00a0\u00bb line_thickness=\u00a0\u00bb1&Prime; line_border_style=\u00a0\u00bbsolid\u00a0\u00bb up=\u00a0\u00bb5&Prime; down=\u00a0\u00bb4&Prime; line_dots=\u00a0\u00bbno\u00a0\u00bb][vc_column_text] \u00a0 01 [\/vc_column_text][vc_text_separator title=\u00a0\u00bb\u00a0\u00bb text_in_box=\u00a0\u00bbno\u00a0\u00bb text_position=\u00a0\u00bbleft\u00a0\u00bb box_padding=\u00a0\u00bb0&Prime; line_color=\u00a0\u00bb#0a0a0a\u00a0\u00bb line_width=\u00a0\u00bb43&Prime; animation=\u00a0\u00bbdefault\u00a0\u00bb line_thickness=\u00a0\u00bb1&Prime; line_border_style=\u00a0\u00bbsolid\u00a0\u00bb up=\u00a0\u00bb5&Prime; down=\u00a0\u00bb5&Prime;&#8230;<\/p>\n","protected":false},"author":1,"featured_media":0,"parent":0,"menu_order":0,"comment_status":"open","ping_status":"closed","template":"","meta":{"footnotes":""},"class_list":["post-349730","page","type-page","status-publish","hentry"],"_links":{"self":[{"href":"https:\/\/marinanoufontana.es\/fr\/wp-json\/wp\/v2\/pages\/349730","targetHints":{"allow":["GET"]}}],"collection":[{"href":"https:\/\/marinanoufontana.es\/fr\/wp-json\/wp\/v2\/pages"}],"about":[{"href":"https:\/\/marinanoufontana.es\/fr\/wp-json\/wp\/v2\/types\/page"}],"author":[{"embeddable":true,"href":"https:\/\/marinanoufontana.es\/fr\/wp-json\/wp\/v2\/users\/1"}],"replies":[{"embeddable":true,"href":"https:\/\/marinanoufontana.es\/fr\/wp-json\/wp\/v2\/comments?post=349730"}],"version-history":[{"count":13,"href":"https:\/\/marinanoufontana.es\/fr\/wp-json\/wp\/v2\/pages\/349730\/revisions"}],"predecessor-version":[{"id":353183,"href":"https:\/\/marinanoufontana.es\/fr\/wp-json\/wp\/v2\/pages\/349730\/revisions\/353183"}],"wp:attachment":[{"href":"https:\/\/marinanoufontana.es\/fr\/wp-json\/wp\/v2\/media?parent=349730"}],"curies":[{"name":"wp","href":"https:\/\/api.w.org\/{rel}","templated":true}]}}