{"id":349735,"date":"2016-05-04T15:42:16","date_gmt":"2016-05-04T15:42:16","guid":{"rendered":"http:\/\/marinanoufontana.es\/?page_id=349735"},"modified":"2025-12-13T08:54:18","modified_gmt":"2025-12-13T08:54:18","slug":"enjoy-nou-fontana-escuela-nautica","status":"publish","type":"page","link":"https:\/\/marinanoufontana.es\/fr\/enjoy-nou-fontana-escuela-nautica\/","title":{"rendered":"Enjoy Nou Fontana &#8211; Escuela Nautica"},"content":{"rendered":"<div class=\"wpb-content-wrapper\"><p>[vc_row row_type=\u00a0\u00bbrow\u00a0\u00bb use_row_as_full_screen_section=\u00a0\u00bbno\u00a0\u00bb type=\u00a0\u00bbfull_width\u00a0\u00bb text_align=\u00a0\u00bbleft\u00a0\u00bb box_shadow_on_row=\u00a0\u00bbno\u00a0\u00bb][vc_column][vc_empty_space height=\u00a0\u00bb60px\u00a0\u00bb image_repeat=\u00a0\u00bbno-repeat\u00a0\u00bb][\/vc_column][\/vc_row][vc_row row_type=\u00a0\u00bbrow\u00a0\u00bb use_row_as_full_screen_section=\u00a0\u00bbno\u00a0\u00bb type=\u00a0\u00bbgrid\u00a0\u00bb text_align=\u00a0\u00bbleft\u00a0\u00bb background_color=\u00a0\u00bb#ffffff\u00a0\u00bb padding_top=\u00a0\u00bb0&Prime; padding_bottom=\u00a0\u00bb0&Prime; box_shadow_on_row=\u00a0\u00bbno\u00a0\u00bb][vc_column offset=\u00a0\u00bbvc_col-lg-6 vc_col-md-6 vc_col-xs-12&Prime;][vc_text_separator title=\u00a0\u00bb\u00a0\u00bb text_in_box=\u00a0\u00bbno\u00a0\u00bb text_position=\u00a0\u00bbleft\u00a0\u00bb box_padding=\u00a0\u00bb0&Prime; line_color=\u00a0\u00bb#0a0a0a\u00a0\u00bb line_width=\u00a0\u00bb43&Prime; animation=\u00a0\u00bbdefault\u00a0\u00bb line_thickness=\u00a0\u00bb1&Prime; line_border_style=\u00a0\u00bbsolid\u00a0\u00bb up=\u00a0\u00bb5&Prime; down=\u00a0\u00bb4&Prime; line_dots=\u00a0\u00bbno\u00a0\u00bb][vc_column_text]<\/p>\n<h5>\u00a0 01<\/h5>\n<p>[\/vc_column_text][vc_text_separator title=\u00a0\u00bb\u00a0\u00bb text_in_box=\u00a0\u00bbno\u00a0\u00bb text_position=\u00a0\u00bbleft\u00a0\u00bb box_padding=\u00a0\u00bb0&Prime; line_color=\u00a0\u00bb#0a0a0a\u00a0\u00bb line_width=\u00a0\u00bb43&Prime; animation=\u00a0\u00bbdefault\u00a0\u00bb line_thickness=\u00a0\u00bb1&Prime; line_border_style=\u00a0\u00bbsolid\u00a0\u00bb up=\u00a0\u00bb5&Prime; down=\u00a0\u00bb5&Prime; line_dots=\u00a0\u00bbno\u00a0\u00bb][vc_column_text]<\/p>\n<h1>\u00c9COLE NAUTIQUE<\/h1>\n<p>[\/vc_column_text][vc_separator type=\u00a0\u00bbtransparent\u00a0\u00bb up=\u00a0\u00bb35&Prime; up_style=\u00a0\u00bbpx\u00a0\u00bb down=\u00a0\u00bb0&Prime; down_style=\u00a0\u00bbpx\u00a0\u00bb][vc_column_text]<\/p>\n<h5><strong>Hammersea<\/strong><\/h5>\n<p>[\/vc_column_text][vc_empty_space height=\u00a0\u00bb30px\u00a0\u00bb image_repeat=\u00a0\u00bbno-repeat\u00a0\u00bb][\/vc_column][vc_column offset=\u00a0\u00bbvc_col-lg-6 vc_col-md-6&Prime;][\/vc_column][\/vc_row][vc_row row_type=\u00a0\u00bbrow\u00a0\u00bb use_row_as_full_screen_section=\u00a0\u00bbno\u00a0\u00bb type=\u00a0\u00bbfull_width\u00a0\u00bb text_align=\u00a0\u00bbleft\u00a0\u00bb box_shadow_on_row=\u00a0\u00bbno\u00a0\u00bb][vc_column width=\u00a0\u00bb1\/2&Prime;][vc_column_text]Es la escuela n\u00e1utica de J\u00e1vea por excelencia. Podr\u00e1s formarte al m\u00e1s alto nivel con un equipo compuesto por grandes profesionales con una alta calidad humana. Ofrece un gran abanico de titulaciones n\u00e1uticas, tanto en el \u00e1mbito recreativo como en el profesional. La escuela se encuentra ubicada en pleno canal de la Marina Nou Fontana, en la parte superior del edificio junto a la rampa de entrada.<\/p>\n<p>Se realizan cursos todo el a\u00f1o, tanto en espa\u00f1ol como en ingl\u00e9s, desde la formaci\u00f3n m\u00e1s b\u00e1sica que te permite obtener la Licencia de Navegaci\u00f3n hasta la de Capit\u00e1n de Yate.\u00a0 En el \u00e1mbito profesional, se realiza Formaci\u00f3n B\u00e1sica en Seguridad y Patr\u00f3n Portuario. No tendr\u00e1s que preocuparte de nada, la escuela organizar\u00e1 tus clases te\u00f3ricas (presenciales y webinar) de preparaci\u00f3n para los ex\u00e1menes, adem\u00e1s de todas las gestiones a realizar para conseguir tu titulaci\u00f3n.[\/vc_column_text][\/vc_column][vc_column width=\u00a0\u00bb1\/2&Prime;][vc_column_text]El curso estrella es la Licencia de Navegaci\u00f3n. Si vas a pasar unos d\u00edas de vacaciones en J\u00e1vea y quieres llevar tu propio barco o alquilarlo sin necesidad de patr\u00f3n, no te pierdas las atribuciones tan atractivas que tiene esta titulaci\u00f3n y las facilidades que te ofrece. Podr\u00e1s gobernar barcos de hasta 6 metros de eslora y motos de agua, ambos sin limitaci\u00f3n de motor, a 2 millas de la costa y en navegaci\u00f3n diurna. Se trata de un curso de 6 horas (2 de teor\u00eda y 4 de pr\u00e1ctica en el barco de nuestra escuela), sin examen y solo ser\u00e1 necesario presentar tu DNI o Pasaporte (edad m\u00ednima de 16 a\u00f1os) y un certificado m\u00e9dico espec\u00edfico. Nada m\u00e1s terminar el curso, obtendr\u00e1s tu t\u00edtulo oficial y definitivo en papel de la Real Casa de Moneda y Timbre para poder navegar desde ese mismo instante. Realizan este curso todo a\u00f1o, todas las semanas, con un m\u00ednimo de 3 alumnos.<\/p>\n<p>Consulta todas las formaciones que la escuela tiene programadas para ti durante todo el a\u00f1o y \u00a1convi\u00e9rtete en un lobo de mar!<\/p>\n<p><a href=\"http:\/\/www.escuelanauticajaveahammersea.com\">http:\/\/www.escuelanauticajaveahammersea.com<\/a><\/p>\n<p>Correo electr\u00f3nico:\u00a0 <a href=\"mailto:info@escuelanauticajaveahammersea.com\">info@escuelanauticajaveahammersea.com |\u00a0<\/a> +34 617 722 505[\/vc_column_text][\/vc_column][\/vc_row][vc_row row_type=\u00a0\u00bbrow\u00a0\u00bb use_row_as_full_screen_section=\u00a0\u00bbno\u00a0\u00bb type=\u00a0\u00bbfull_width\u00a0\u00bb text_align=\u00a0\u00bbleft\u00a0\u00bb box_shadow_on_row=\u00a0\u00bbno\u00a0\u00bb][vc_column][vc_empty_space height=\u00a0\u00bb35px\u00a0\u00bb image_repeat=\u00a0\u00bbno-repeat\u00a0\u00bb]<div class='eltd_image_gallery_no_space '><div class='eltd_image_gallery_holder' style='height: 400px;'><ul ><li><div style=\"height: 400px; width:400px;\"><a class=\"lightbox_single_portfolio\" data-rel=\"prettyPhoto[rel-1899006400]\" href=\"https:\/\/marinanoufontana.es\/wp-content\/uploads\/2020\/03\/5mnf.jpg\"><img decoding=\"async\" src=\"https:\/\/marinanoufontana.es\/wp-content\/uploads\/2020\/03\/5mnf.jpg\" alt=\"\"  \/><\/a><\/div><\/li><li><div style=\"height: 400px; width:300px;\"><a class=\"lightbox_single_portfolio\" data-rel=\"prettyPhoto[rel-1899006400]\" href=\"https:\/\/marinanoufontana.es\/wp-content\/uploads\/2020\/03\/9mnff.jpg\"><img decoding=\"async\" src=\"https:\/\/marinanoufontana.es\/wp-content\/uploads\/2020\/03\/9mnff.jpg\" alt=\"\"  \/><\/a><\/div><\/li><li><div style=\"height: 400px; width:400px;\"><a class=\"lightbox_single_portfolio\" data-rel=\"prettyPhoto[rel-1899006400]\" href=\"https:\/\/marinanoufontana.es\/wp-content\/uploads\/2020\/03\/mnf6.jpg\"><img decoding=\"async\" src=\"https:\/\/marinanoufontana.es\/wp-content\/uploads\/2020\/03\/mnf6.jpg\" alt=\"\"  \/><\/a><\/div><\/li><li><div style=\"height: 400px; width:300px;\"><a class=\"lightbox_single_portfolio\" data-rel=\"prettyPhoto[rel-1899006400]\" href=\"https:\/\/marinanoufontana.es\/wp-content\/uploads\/2020\/03\/MNF3.jpg\"><img decoding=\"async\" src=\"https:\/\/marinanoufontana.es\/wp-content\/uploads\/2020\/03\/MNF3.jpg\" alt=\"\"  \/><\/a><\/div><\/li><\/ul><\/div><div class=\"controls\"><a class=\"prev-slide\" href=\"#\"><span class=\"arrow_carrot-left\"><\/span><\/a><a class=\"next-slide\" href=\"#\"><span class=\"arrow_carrot-right\"><\/span><\/a><\/div><\/div>[vc_empty_space height=\u00a0\u00bb70px\u00a0\u00bb image_repeat=\u00a0\u00bbno-repeat\u00a0\u00bb][\/vc_column][\/vc_row][vc_row row_type=\u00a0\u00bbrow\u00a0\u00bb use_row_as_full_screen_section=\u00a0\u00bbno\u00a0\u00bb type=\u00a0\u00bbfull_width\u00a0\u00bb text_align=\u00a0\u00bbleft\u00a0\u00bb box_shadow_on_row=\u00a0\u00bbno\u00a0\u00bb][vc_column][vc_column_text]<\/p>\n<h5><strong>Terra na\u00fatica<br \/>\n<\/strong><\/h5>\n<p>[\/vc_column_text][vc_empty_space height=\u00a0\u00bb30px\u00a0\u00bb image_repeat=\u00a0\u00bbno-repeat\u00a0\u00bb][\/vc_column][\/vc_row][vc_row row_type=\u00a0\u00bbrow\u00a0\u00bb use_row_as_full_screen_section=\u00a0\u00bbno\u00a0\u00bb type=\u00a0\u00bbfull_width\u00a0\u00bb text_align=\u00a0\u00bbleft\u00a0\u00bb box_shadow_on_row=\u00a0\u00bbno\u00a0\u00bb][vc_column width=\u00a0\u00bb1\/2&Prime;][vc_column_text]Boat and Jetski IYT licence training is available now here in Javea. Terra Nautica is the only internationally recognised training centre in Javea where you can train to get your boat or jetski licence along with an ICC (International Certificate of Competence).<\/p>\n<p>The most popular powerboat course is the Small Powerboat and Rib Master, a two day course, which also entitles you to an International ICC and is recognised by the MCA (Maritime and Coastguard Agency) for professional use.[\/vc_column_text][\/vc_column][vc_column width=\u00a0\u00bb1\/2&Prime;][vc_column_text]<\/p>\n<p>We also offer Jetski (PWC) licence training. This is a one day theory and practical course designed to cover the requirements for the safe operation and maintenance of a personal watercraft. As well as the theory component, the instruction will emphasise the practical applications of handling a PWC on the water.\u00a0 Candidates should be 16 years of age or over to train for a full and unrestricted licence.<\/p>\n<p>VHF radio operators certificate training is now available.<br \/>\nContact us now for more information if you would you like to get your boat or jetski licence here on the Costa Blanca. Call 965796568 or drop us an email to iyt@terranauticajavea.com<\/p>\n<p><a href=\"http:\/\/terranauticajavea.com\/boat-and-jetski-iyt-licence-training\/\" target=\"_blank\" rel=\"noopener noreferrer\">http:\/\/terranauticajavea.com\/boat-and-jetski-iyt-licence-training\/<\/a>[\/vc_column_text][\/vc_column][\/vc_row][vc_row row_type=\u00a0\u00bbrow\u00a0\u00bb use_row_as_full_screen_section=\u00a0\u00bbno\u00a0\u00bb type=\u00a0\u00bbfull_width\u00a0\u00bb text_align=\u00a0\u00bbleft\u00a0\u00bb box_shadow_on_row=\u00a0\u00bbno\u00a0\u00bb][vc_column][vc_empty_space height=\u00a0\u00bb70px\u00a0\u00bb image_repeat=\u00a0\u00bbno-repeat\u00a0\u00bb][\/vc_column][\/vc_row]<\/p>\n<\/div>","protected":false},"excerpt":{"rendered":"<p>[vc_row row_type=\u00a0\u00bbrow\u00a0\u00bb use_row_as_full_screen_section=\u00a0\u00bbno\u00a0\u00bb type=\u00a0\u00bbfull_width\u00a0\u00bb text_align=\u00a0\u00bbleft\u00a0\u00bb box_shadow_on_row=\u00a0\u00bbno\u00a0\u00bb][vc_column][vc_empty_space height=\u00a0\u00bb60px\u00a0\u00bb image_repeat=\u00a0\u00bbno-repeat\u00a0\u00bb][\/vc_column][\/vc_row][vc_row row_type=\u00a0\u00bbrow\u00a0\u00bb use_row_as_full_screen_section=\u00a0\u00bbno\u00a0\u00bb type=\u00a0\u00bbgrid\u00a0\u00bb text_align=\u00a0\u00bbleft\u00a0\u00bb background_color=\u00a0\u00bb#ffffff\u00a0\u00bb padding_top=\u00a0\u00bb0&Prime; padding_bottom=\u00a0\u00bb0&Prime; box_shadow_on_row=\u00a0\u00bbno\u00a0\u00bb][vc_column offset=\u00a0\u00bbvc_col-lg-6 vc_col-md-6 vc_col-xs-12&Prime;][vc_text_separator title=\u00a0\u00bb\u00a0\u00bb text_in_box=\u00a0\u00bbno\u00a0\u00bb text_position=\u00a0\u00bbleft\u00a0\u00bb box_padding=\u00a0\u00bb0&Prime; line_color=\u00a0\u00bb#0a0a0a\u00a0\u00bb line_width=\u00a0\u00bb43&Prime; animation=\u00a0\u00bbdefault\u00a0\u00bb line_thickness=\u00a0\u00bb1&Prime; line_border_style=\u00a0\u00bbsolid\u00a0\u00bb up=\u00a0\u00bb5&Prime; down=\u00a0\u00bb4&Prime; line_dots=\u00a0\u00bbno\u00a0\u00bb][vc_column_text] \u00a0 01 [\/vc_column_text][vc_text_separator title=\u00a0\u00bb\u00a0\u00bb text_in_box=\u00a0\u00bbno\u00a0\u00bb text_position=\u00a0\u00bbleft\u00a0\u00bb box_padding=\u00a0\u00bb0&Prime; line_color=\u00a0\u00bb#0a0a0a\u00a0\u00bb line_width=\u00a0\u00bb43&Prime; animation=\u00a0\u00bbdefault\u00a0\u00bb line_thickness=\u00a0\u00bb1&Prime; line_border_style=\u00a0\u00bbsolid\u00a0\u00bb up=\u00a0\u00bb5&Prime; down=\u00a0\u00bb5&Prime;&#8230;<\/p>\n","protected":false},"author":1,"featured_media":0,"parent":0,"menu_order":0,"comment_status":"open","ping_status":"closed","template":"","meta":{"footnotes":""},"class_list":["post-349735","page","type-page","status-publish","hentry"],"_links":{"self":[{"href":"https:\/\/marinanoufontana.es\/fr\/wp-json\/wp\/v2\/pages\/349735","targetHints":{"allow":["GET"]}}],"collection":[{"href":"https:\/\/marinanoufontana.es\/fr\/wp-json\/wp\/v2\/pages"}],"about":[{"href":"https:\/\/marinanoufontana.es\/fr\/wp-json\/wp\/v2\/types\/page"}],"author":[{"embeddable":true,"href":"https:\/\/marinanoufontana.es\/fr\/wp-json\/wp\/v2\/users\/1"}],"replies":[{"embeddable":true,"href":"https:\/\/marinanoufontana.es\/fr\/wp-json\/wp\/v2\/comments?post=349735"}],"version-history":[{"count":20,"href":"https:\/\/marinanoufontana.es\/fr\/wp-json\/wp\/v2\/pages\/349735\/revisions"}],"predecessor-version":[{"id":354662,"href":"https:\/\/marinanoufontana.es\/fr\/wp-json\/wp\/v2\/pages\/349735\/revisions\/354662"}],"wp:attachment":[{"href":"https:\/\/marinanoufontana.es\/fr\/wp-json\/wp\/v2\/media?parent=349735"}],"curies":[{"name":"wp","href":"https:\/\/api.w.org\/{rel}","templated":true}]}}