{"id":349759,"date":"2016-05-04T16:40:17","date_gmt":"2016-05-04T16:40:17","guid":{"rendered":"http:\/\/marinanoufontana.es\/?page_id=349759"},"modified":"2016-06-13T11:31:21","modified_gmt":"2016-06-13T11:31:21","slug":"enjoy-nou-fontana-alquiler-de-barcos","status":"publish","type":"page","link":"https:\/\/marinanoufontana.es\/fr\/enjoy-nou-fontana-alquiler-de-barcos\/","title":{"rendered":"Enjoy Nou Fontana &#8211; Alquiler de Barcos"},"content":{"rendered":"<div class=\"wpb-content-wrapper\"><p>[vc_row row_type=\u00a0\u00bbrow\u00a0\u00bb use_row_as_full_screen_section=\u00a0\u00bbno\u00a0\u00bb type=\u00a0\u00bbfull_width\u00a0\u00bb text_align=\u00a0\u00bbleft\u00a0\u00bb box_shadow_on_row=\u00a0\u00bbno\u00a0\u00bb][vc_column][vc_empty_space height=\u00a0\u00bb60px\u00a0\u00bb image_repeat=\u00a0\u00bbno-repeat\u00a0\u00bb][\/vc_column][\/vc_row][vc_row row_type=\u00a0\u00bbrow\u00a0\u00bb use_row_as_full_screen_section=\u00a0\u00bbno\u00a0\u00bb type=\u00a0\u00bbfull_width\u00a0\u00bb text_align=\u00a0\u00bbleft\u00a0\u00bb box_shadow_on_row=\u00a0\u00bbno\u00a0\u00bb][vc_column width=\u00a0\u00bb1\/2&Prime;][vc_text_separator title=\u00a0\u00bb\u00a0\u00bb text_in_box=\u00a0\u00bbno\u00a0\u00bb text_position=\u00a0\u00bbleft\u00a0\u00bb box_padding=\u00a0\u00bb0&Prime; line_color=\u00a0\u00bb#0a0a0a\u00a0\u00bb line_width=\u00a0\u00bb43&Prime; animation=\u00a0\u00bbdefault\u00a0\u00bb line_thickness=\u00a0\u00bb1&Prime; line_border_style=\u00a0\u00bbsolid\u00a0\u00bb up=\u00a0\u00bb5&Prime; down=\u00a0\u00bb4&Prime; line_dots=\u00a0\u00bbno\u00a0\u00bb][vc_column_text]<\/p>\n<h5>\u00a0 01<\/h5>\n<p>[\/vc_column_text][vc_text_separator title=\u00a0\u00bb\u00a0\u00bb text_in_box=\u00a0\u00bbno\u00a0\u00bb text_position=\u00a0\u00bbleft\u00a0\u00bb box_padding=\u00a0\u00bb0&Prime; line_color=\u00a0\u00bb#0a0a0a\u00a0\u00bb line_width=\u00a0\u00bb43&Prime; animation=\u00a0\u00bbdefault\u00a0\u00bb line_thickness=\u00a0\u00bb1&Prime; line_border_style=\u00a0\u00bbsolid\u00a0\u00bb up=\u00a0\u00bb5&Prime; down=\u00a0\u00bb5&Prime; line_dots=\u00a0\u00bbno\u00a0\u00bb][vc_column_text]<\/p>\n<h1>Charter<\/h1>\n<p>[\/vc_column_text][\/vc_column][\/vc_row][vc_row row_type=\u00a0\u00bbrow\u00a0\u00bb use_row_as_full_screen_section=\u00a0\u00bbno\u00a0\u00bb type=\u00a0\u00bbfull_width\u00a0\u00bb text_align=\u00a0\u00bbleft\u00a0\u00bb box_shadow_on_row=\u00a0\u00bbno\u00a0\u00bb][vc_column][vc_empty_space height=\u00a0\u00bb70px\u00a0\u00bb image_repeat=\u00a0\u00bbno-repeat\u00a0\u00bb][\/vc_column][\/vc_row][vc_row row_type=\u00a0\u00bbrow\u00a0\u00bb use_row_as_full_screen_section=\u00a0\u00bbno\u00a0\u00bb type=\u00a0\u00bbfull_width\u00a0\u00bb text_align=\u00a0\u00bbleft\u00a0\u00bb box_shadow_on_row=\u00a0\u00bbno\u00a0\u00bb][vc_column width=\u00a0\u00bb1\/2&Prime;][vc_column_text]<\/p>\n<h5>Sea Rent J\u00e1vea<\/h5>\n<p>[\/vc_column_text][vc_separator type=\u00a0\u00bbtransparent\u00a0\u00bb up=\u00a0\u00bb35&Prime; up_style=\u00a0\u00bbpx\u00a0\u00bb down=\u00a0\u00bb0&Prime; down_style=\u00a0\u00bbpx\u00a0\u00bb][vc_column_text]<span style=\"color: #33cccc;\"><strong>Sea Rent Javea<\/strong><\/span> est une entreprise locale qui propose des services de location de bateaux \u00e0 moteur depuis son port de base situ\u00e9 sur le Canal de la Fontana.<\/p>\n<p>&nbsp;<\/p>\n<p>Depuis plus de 10 ans, <span style=\"color: #33cccc;\"><strong>Sea Rent Javea<\/strong><\/span> parvient \u00e0 faire profiter de ses services aux clients d&rsquo;ann\u00e9e en ann\u00e9e.<\/p>\n<p>&nbsp;<\/p>\n<p>Le centre d\u2019op\u00e9rations se trouve sur la plage de Javea, el Arenal, sur le Canal de la Fontana, en face du Parador de tourisme. La flotte est en parfait \u00e9tat d\u2019utilisation \u00e0 tout moment, pr\u00eate pour garantir une navigation s\u00fbre dans les eaux de la c\u00f4te de Javea.[\/vc_column_text][\/vc_column][vc_column width=\u00a0\u00bb1\/2&Prime;][vc_empty_space height=\u00a0\u00bb60px\u00a0\u00bb image_repeat=\u00a0\u00bbno-repeat\u00a0\u00bb][vc_column_text]Le service de location de bateaux \u00e0 Javea est toujours disponible, pour autant que les conditions marines et m\u00e9t\u00e9orologiques le permettent. La s\u00e9curit\u00e9 des embarcations et de leurs occupants est la priorit\u00e9 absolue.<\/p>\n<p>&nbsp;<\/p>\n<p>Les patrons d\u2019embarcation connaissent les eaux de Javea parfaitement, ce qui leur permet d&rsquo;atteindre des endroits et des recoins qui pour d\u2019autres passeraient inaper\u00e7us. Les personnes munies d\u2019un permis de navigation pourront disposer des embarcations sans patron.<\/p>\n<p>&nbsp;<\/p>\n<p><a href=\"http:\/\/www.searentjavea.com\/\" target=\"_blank\">www.searentjavea.com<\/a>[\/vc_column_text][\/vc_column][vc_column][vc_empty_space height=\u00a0\u00bb35px\u00a0\u00bb image_repeat=\u00a0\u00bbno-repeat\u00a0\u00bb]<div class='eltd_image_gallery_no_space '><div class='eltd_image_gallery_holder' style='height: 400px;'><ul ><li><div style=\"height: 400px; width:554px;\"><a class=\"lightbox_single_portfolio\" data-rel=\"prettyPhoto[rel-1066844974]\" href=\"https:\/\/marinanoufontana.es\/wp-content\/uploads\/2016\/05\/boat-Family-Granadella.jpg\"><img decoding=\"async\" src=\"https:\/\/marinanoufontana.es\/wp-content\/uploads\/2016\/05\/boat-Family-Granadella.jpg\" alt=\"\"  \/><\/a><\/div><\/li><li><div style=\"height: 400px; width:554px;\"><a class=\"lightbox_single_portfolio\" data-rel=\"prettyPhoto[rel-1066844974]\" href=\"https:\/\/marinanoufontana.es\/wp-content\/uploads\/2016\/05\/boat-Cueva-Granadella.jpg\"><img decoding=\"async\" src=\"https:\/\/marinanoufontana.es\/wp-content\/uploads\/2016\/05\/boat-Cueva-Granadella.jpg\" alt=\"\"  \/><\/a><\/div><\/li><li><div style=\"height: 400px; width:554px;\"><a class=\"lightbox_single_portfolio\" data-rel=\"prettyPhoto[rel-1066844974]\" href=\"https:\/\/marinanoufontana.es\/wp-content\/uploads\/2016\/05\/buceo-snorkeling.jpg\"><img decoding=\"async\" src=\"https:\/\/marinanoufontana.es\/wp-content\/uploads\/2016\/05\/buceo-snorkeling.jpg\" alt=\"\"  \/><\/a><\/div><\/li><li><div style=\"height: 400px; width:554px;\"><a class=\"lightbox_single_portfolio\" data-rel=\"prettyPhoto[rel-1066844974]\" href=\"https:\/\/marinanoufontana.es\/wp-content\/uploads\/2016\/05\/boat-Portichol.jpg\"><img decoding=\"async\" src=\"https:\/\/marinanoufontana.es\/wp-content\/uploads\/2016\/05\/boat-Portichol.jpg\" alt=\"\"  \/><\/a><\/div><\/li><li><div style=\"height: 400px; width:555px;\"><a class=\"lightbox_single_portfolio\" data-rel=\"prettyPhoto[rel-1066844974]\" href=\"https:\/\/marinanoufontana.es\/wp-content\/uploads\/2016\/05\/boat-Montgo.jpg\"><img decoding=\"async\" src=\"https:\/\/marinanoufontana.es\/wp-content\/uploads\/2016\/05\/boat-Montgo.jpg\" alt=\"\"  \/><\/a><\/div><\/li><\/ul><\/div><div class=\"controls\"><a class=\"prev-slide\" href=\"#\"><span class=\"arrow_carrot-left\"><\/span><\/a><a class=\"next-slide\" href=\"#\"><span class=\"arrow_carrot-right\"><\/span><\/a><\/div><\/div>[\/vc_column][\/vc_row][vc_row row_type=\u00a0\u00bbrow\u00a0\u00bb use_row_as_full_screen_section=\u00a0\u00bbno\u00a0\u00bb type=\u00a0\u00bbfull_width\u00a0\u00bb text_align=\u00a0\u00bbleft\u00a0\u00bb box_shadow_on_row=\u00a0\u00bbno\u00a0\u00bb][vc_column][vc_empty_space height=\u00a0\u00bb70px\u00a0\u00bb image_repeat=\u00a0\u00bbno-repeat\u00a0\u00bb][\/vc_column][\/vc_row]<\/p>\n<\/div>","protected":false},"excerpt":{"rendered":"<p>[vc_row row_type=\u00a0\u00bbrow\u00a0\u00bb use_row_as_full_screen_section=\u00a0\u00bbno\u00a0\u00bb type=\u00a0\u00bbfull_width\u00a0\u00bb text_align=\u00a0\u00bbleft\u00a0\u00bb box_shadow_on_row=\u00a0\u00bbno\u00a0\u00bb][vc_column][vc_empty_space height=\u00a0\u00bb60px\u00a0\u00bb image_repeat=\u00a0\u00bbno-repeat\u00a0\u00bb][\/vc_column][\/vc_row][vc_row row_type=\u00a0\u00bbrow\u00a0\u00bb use_row_as_full_screen_section=\u00a0\u00bbno\u00a0\u00bb type=\u00a0\u00bbfull_width\u00a0\u00bb text_align=\u00a0\u00bbleft\u00a0\u00bb box_shadow_on_row=\u00a0\u00bbno\u00a0\u00bb][vc_column width=\u00a0\u00bb1\/2&Prime;][vc_text_separator title=\u00a0\u00bb\u00a0\u00bb text_in_box=\u00a0\u00bbno\u00a0\u00bb text_position=\u00a0\u00bbleft\u00a0\u00bb box_padding=\u00a0\u00bb0&Prime; line_color=\u00a0\u00bb#0a0a0a\u00a0\u00bb line_width=\u00a0\u00bb43&Prime; animation=\u00a0\u00bbdefault\u00a0\u00bb line_thickness=\u00a0\u00bb1&Prime; line_border_style=\u00a0\u00bbsolid\u00a0\u00bb up=\u00a0\u00bb5&Prime; down=\u00a0\u00bb4&Prime; line_dots=\u00a0\u00bbno\u00a0\u00bb][vc_column_text] \u00a0 01 [\/vc_column_text][vc_text_separator title=\u00a0\u00bb\u00a0\u00bb text_in_box=\u00a0\u00bbno\u00a0\u00bb text_position=\u00a0\u00bbleft\u00a0\u00bb box_padding=\u00a0\u00bb0&Prime; line_color=\u00a0\u00bb#0a0a0a\u00a0\u00bb line_width=\u00a0\u00bb43&Prime; animation=\u00a0\u00bbdefault\u00a0\u00bb line_thickness=\u00a0\u00bb1&Prime; line_border_style=\u00a0\u00bbsolid\u00a0\u00bb up=\u00a0\u00bb5&Prime; down=\u00a0\u00bb5&Prime; line_dots=\u00a0\u00bbno\u00a0\u00bb][vc_column_text] Charter [\/vc_column_text][\/vc_column][\/vc_row][vc_row row_type=\u00a0\u00bbrow\u00a0\u00bb use_row_as_full_screen_section=\u00a0\u00bbno\u00a0\u00bb&#8230;<\/p>\n","protected":false},"author":1,"featured_media":0,"parent":0,"menu_order":0,"comment_status":"open","ping_status":"closed","template":"","meta":{"footnotes":""},"class_list":["post-349759","page","type-page","status-publish","hentry"],"_links":{"self":[{"href":"https:\/\/marinanoufontana.es\/fr\/wp-json\/wp\/v2\/pages\/349759","targetHints":{"allow":["GET"]}}],"collection":[{"href":"https:\/\/marinanoufontana.es\/fr\/wp-json\/wp\/v2\/pages"}],"about":[{"href":"https:\/\/marinanoufontana.es\/fr\/wp-json\/wp\/v2\/types\/page"}],"author":[{"embeddable":true,"href":"https:\/\/marinanoufontana.es\/fr\/wp-json\/wp\/v2\/users\/1"}],"replies":[{"embeddable":true,"href":"https:\/\/marinanoufontana.es\/fr\/wp-json\/wp\/v2\/comments?post=349759"}],"version-history":[{"count":15,"href":"https:\/\/marinanoufontana.es\/fr\/wp-json\/wp\/v2\/pages\/349759\/revisions"}],"predecessor-version":[{"id":350400,"href":"https:\/\/marinanoufontana.es\/fr\/wp-json\/wp\/v2\/pages\/349759\/revisions\/350400"}],"wp:attachment":[{"href":"https:\/\/marinanoufontana.es\/fr\/wp-json\/wp\/v2\/media?parent=349759"}],"curies":[{"name":"wp","href":"https:\/\/api.w.org\/{rel}","templated":true}]}}