{"id":349761,"date":"2016-05-04T16:44:14","date_gmt":"2016-05-04T16:44:14","guid":{"rendered":"http:\/\/marinanoufontana.es\/?page_id=349761"},"modified":"2016-05-04T16:46:22","modified_gmt":"2016-05-04T16:46:22","slug":"enjoy-nou-fontana-nautica","status":"publish","type":"page","link":"https:\/\/marinanoufontana.es\/fr\/enjoy-nou-fontana-nautica\/","title":{"rendered":"Enjoy Nou Fontana &#8211; N\u00e1utica"},"content":{"rendered":"<div class=\"wpb-content-wrapper\"><p>[vc_row row_type=\u00a0\u00bbrow\u00a0\u00bb use_row_as_full_screen_section=\u00a0\u00bbno\u00a0\u00bb type=\u00a0\u00bbfull_width\u00a0\u00bb text_align=\u00a0\u00bbleft\u00a0\u00bb box_shadow_on_row=\u00a0\u00bbno\u00a0\u00bb][vc_column][vc_column_text]<\/p>\n<p>[\/vc_column_text][\/vc_column][\/vc_row][vc_row row_type=\u00a0\u00bbrow\u00a0\u00bb use_row_as_full_screen_section=\u00a0\u00bbno\u00a0\u00bb type=\u00a0\u00bbgrid\u00a0\u00bb text_align=\u00a0\u00bbleft\u00a0\u00bb padding_top=\u00a0\u00bb80&Prime; padding_bottom=\u00a0\u00bb50&Prime; box_shadow_on_row=\u00a0\u00bbno\u00a0\u00bb][vc_column offset=\u00a0\u00bbvc_col-lg-6 vc_col-md-6 vc_col-xs-12&Prime;][vc_single_image img_size=\u00a0\u00bblarge\u00a0\u00bb onclick=\u00a0\u00bbcustom_link\u00a0\u00bb link=\u00a0\u00bbhttp:\/\/ \u00ab\u00a0][vc_separator type=\u00a0\u00bbtransparent\u00a0\u00bb up=\u00a0\u00bb30&Prime; up_style=\u00a0\u00bbpx\u00a0\u00bb down=\u00a0\u00bb0&Prime; down_style=\u00a0\u00bbpx\u00a0\u00bb][\/vc_column][vc_column offset=\u00a0\u00bbvc_col-lg-6 vc_col-md-6 vc_col-xs-12&Prime;][vc_empty_space height=\u00a0\u00bb20px\u00a0\u00bb image_repeat=\u00a0\u00bbno-repeat\u00a0\u00bb][vc_text_separator title=\u00a0\u00bb\u00a0\u00bb text_in_box=\u00a0\u00bbno\u00a0\u00bb text_position=\u00a0\u00bbleft\u00a0\u00bb box_padding=\u00a0\u00bb0&Prime; line_color=\u00a0\u00bb#0a0a0a\u00a0\u00bb line_width=\u00a0\u00bb43&Prime; animation=\u00a0\u00bbdefault\u00a0\u00bb line_thickness=\u00a0\u00bb1&Prime; line_border_style=\u00a0\u00bbsolid\u00a0\u00bb up=\u00a0\u00bb5&Prime; down=\u00a0\u00bb4&Prime; line_dots=\u00a0\u00bbno\u00a0\u00bb][vc_column_text]<\/p>\n<h5>\u00a0 01<\/h5>\n<p>[\/vc_column_text][vc_text_separator title=\u00a0\u00bb\u00a0\u00bb text_in_box=\u00a0\u00bbno\u00a0\u00bb text_position=\u00a0\u00bbleft\u00a0\u00bb box_padding=\u00a0\u00bb0&Prime; line_color=\u00a0\u00bb#0a0a0a\u00a0\u00bb line_width=\u00a0\u00bb43&Prime; animation=\u00a0\u00bbdefault\u00a0\u00bb line_thickness=\u00a0\u00bb1&Prime; line_border_style=\u00a0\u00bbsolid\u00a0\u00bb up=\u00a0\u00bb5&Prime; down=\u00a0\u00bb5&Prime; line_dots=\u00a0\u00bbno\u00a0\u00bb][vc_column_text]<\/p>\n<h6>N\u00e1utica<\/h6>\n<p>[\/vc_column_text][vc_separator type=\u00a0\u00bbtransparent\u00a0\u00bb up=\u00a0\u00bb35&Prime; up_style=\u00a0\u00bbpx\u00a0\u00bb down=\u00a0\u00bb0&Prime; down_style=\u00a0\u00bbpx\u00a0\u00bb][vc_column_text]En N\u00e1utica Canal de la Fontana, hacen que su barco est\u00e9 listo para que lo disfrutes.<\/p>\n<p>&nbsp;<\/p>\n<p>Todo lo que el barco necesita, lo encontrar\u00e1s en N\u00e1utica Canal de la Fontana, en J\u00e1vea.<\/p>\n<p>&nbsp;<\/p>\n<p>El servicio t\u00e9cnico est\u00e1 cualificado para localizar y solucionar cualquier tipo de aver\u00eda o incidencia que pueda surgir en una embarcaci\u00f3n.[\/vc_column_text][\/vc_column][\/vc_row][vc_row row_type=\u00a0\u00bbrow\u00a0\u00bb use_row_as_full_screen_section=\u00a0\u00bbno\u00a0\u00bb type=\u00a0\u00bbfull_width\u00a0\u00bb text_align=\u00a0\u00bbleft\u00a0\u00bb side_padding=\u00a0\u00bbleft 100px\u00a0\u00bb box_shadow_on_row=\u00a0\u00bbno\u00a0\u00bb][vc_column width=\u00a0\u00bb1\/6&Prime;][\/vc_column][vc_column width=\u00a0\u00bb1\/6&Prime;][vc_single_image image=\u00a0\u00bb349056&Prime; img_size=\u00a0\u00bb150&#215;150&Prime; onclick=\u00a0\u00bbcustom_link\u00a0\u00bb link=\u00a0\u00bbhttp:\/\/ \u00ab\u00a0][vc_separator type=\u00a0\u00bbtransparent\u00a0\u00bb up=\u00a0\u00bb30&Prime; up_style=\u00a0\u00bbpx\u00a0\u00bb down=\u00a0\u00bb0&Prime; down_style=\u00a0\u00bbpx\u00a0\u00bb][vc_column_text]<\/p>\n<h4>Taller mec\u00e1nico<\/h4>\n<p>[\/vc_column_text][\/vc_column][vc_column width=\u00a0\u00bb1\/6&Prime;][vc_single_image image=\u00a0\u00bb349053&Prime; img_size=\u00a0\u00bb150&#215;150&Prime; onclick=\u00a0\u00bbcustom_link\u00a0\u00bb link=\u00a0\u00bbhttp:\/\/ \u00ab\u00a0][vc_separator type=\u00a0\u00bbtransparent\u00a0\u00bb up=\u00a0\u00bb30&Prime; up_style=\u00a0\u00bbpx\u00a0\u00bb down=\u00a0\u00bb0&Prime; down_style=\u00a0\u00bbpx\u00a0\u00bb][vc_column_text]<\/p>\n<h4>Servicio de gr\u00faa<\/h4>\n<p>[\/vc_column_text][\/vc_column][vc_column width=\u00a0\u00bb1\/6&Prime;][vc_single_image image=\u00a0\u00bb349045&Prime; img_size=\u00a0\u00bb150&#215;150&Prime; onclick=\u00a0\u00bbcustom_link\u00a0\u00bb link=\u00a0\u00bbhttp:\/\/ \u00ab\u00a0][vc_separator type=\u00a0\u00bbtransparent\u00a0\u00bb up=\u00a0\u00bb30&Prime; up_style=\u00a0\u00bbpx\u00a0\u00bb down=\u00a0\u00bb0&Prime; down_style=\u00a0\u00bbpx\u00a0\u00bb][vc_column_text]<\/p>\n<h4>Invernaje \/ Estancia en seco<\/h4>\n<p>[\/vc_column_text][\/vc_column][vc_column width=\u00a0\u00bb1\/6&Prime;][vc_single_image image=\u00a0\u00bb349059&Prime; img_size=\u00a0\u00bb150&#215;150&Prime; onclick=\u00a0\u00bbcustom_link\u00a0\u00bb link=\u00a0\u00bbhttp:\/\/ \u00ab\u00a0][vc_separator type=\u00a0\u00bbtransparent\u00a0\u00bb up=\u00a0\u00bb30&Prime; up_style=\u00a0\u00bbpx\u00a0\u00bb down=\u00a0\u00bb0&Prime; down_style=\u00a0\u00bbpx\u00a0\u00bb][vc_column_text]<\/p>\n<h4>Transporte de embarcaciones<\/h4>\n<p>[\/vc_column_text][\/vc_column][vc_column width=\u00a0\u00bb1\/6&Prime;][vc_single_image image=\u00a0\u00bb349050&Prime; img_size=\u00a0\u00bb150&#215;150&Prime; onclick=\u00a0\u00bbcustom_link\u00a0\u00bb link=\u00a0\u00bbhttp:\/\/ \u00ab\u00a0][vc_separator type=\u00a0\u00bbtransparent\u00a0\u00bb up=\u00a0\u00bb30&Prime; up_style=\u00a0\u00bbpx\u00a0\u00bb down=\u00a0\u00bb0&Prime; down_style=\u00a0\u00bbpx\u00a0\u00bb][vc_column_text]<\/p>\n<h4>Tienda n\u00e1utica<\/h4>\n<p>[\/vc_column_text][\/vc_column][\/vc_row][vc_row row_type=\u00a0\u00bbrow\u00a0\u00bb use_row_as_full_screen_section=\u00a0\u00bbno\u00a0\u00bb type=\u00a0\u00bbfull_width\u00a0\u00bb text_align=\u00a0\u00bbleft\u00a0\u00bb box_shadow_on_row=\u00a0\u00bbno\u00a0\u00bb][vc_column][vc_empty_space height=\u00a0\u00bb60px\u00a0\u00bb image_repeat=\u00a0\u00bbno-repeat\u00a0\u00bb][\/vc_column][\/vc_row]<\/p>\n<\/div>","protected":false},"excerpt":{"rendered":"<p>[vc_row row_type=\u00a0\u00bbrow\u00a0\u00bb use_row_as_full_screen_section=\u00a0\u00bbno\u00a0\u00bb type=\u00a0\u00bbfull_width\u00a0\u00bb text_align=\u00a0\u00bbleft\u00a0\u00bb box_shadow_on_row=\u00a0\u00bbno\u00a0\u00bb][vc_column][vc_column_text] [\/vc_column_text][\/vc_column][\/vc_row][vc_row row_type=\u00a0\u00bbrow\u00a0\u00bb use_row_as_full_screen_section=\u00a0\u00bbno\u00a0\u00bb type=\u00a0\u00bbgrid\u00a0\u00bb text_align=\u00a0\u00bbleft\u00a0\u00bb padding_top=\u00a0\u00bb80&Prime; padding_bottom=\u00a0\u00bb50&Prime; box_shadow_on_row=\u00a0\u00bbno\u00a0\u00bb][vc_column offset=\u00a0\u00bbvc_col-lg-6 vc_col-md-6 vc_col-xs-12&Prime;][vc_single_image img_size=\u00a0\u00bblarge\u00a0\u00bb onclick=\u00a0\u00bbcustom_link\u00a0\u00bb link=\u00a0\u00bbhttp:\/\/ \u00ab\u00a0][vc_separator type=\u00a0\u00bbtransparent\u00a0\u00bb up=\u00a0\u00bb30&Prime; up_style=\u00a0\u00bbpx\u00a0\u00bb down=\u00a0\u00bb0&Prime; down_style=\u00a0\u00bbpx\u00a0\u00bb][\/vc_column][vc_column offset=\u00a0\u00bbvc_col-lg-6 vc_col-md-6 vc_col-xs-12&Prime;][vc_empty_space height=\u00a0\u00bb20px\u00a0\u00bb image_repeat=\u00a0\u00bbno-repeat\u00a0\u00bb][vc_text_separator title=\u00a0\u00bb\u00a0\u00bb text_in_box=\u00a0\u00bbno\u00a0\u00bb text_position=\u00a0\u00bbleft\u00a0\u00bb box_padding=\u00a0\u00bb0&Prime; line_color=\u00a0\u00bb#0a0a0a\u00a0\u00bb line_width=\u00a0\u00bb43&Prime; animation=\u00a0\u00bbdefault\u00a0\u00bb line_thickness=\u00a0\u00bb1&Prime; line_border_style=\u00a0\u00bbsolid\u00a0\u00bb up=\u00a0\u00bb5&Prime; down=\u00a0\u00bb4&Prime; line_dots=\u00a0\u00bbno\u00a0\u00bb][vc_column_text] \u00a0 01&#8230;<\/p>\n","protected":false},"author":1,"featured_media":0,"parent":0,"menu_order":0,"comment_status":"open","ping_status":"closed","template":"","meta":{"footnotes":""},"class_list":["post-349761","page","type-page","status-publish","hentry"],"_links":{"self":[{"href":"https:\/\/marinanoufontana.es\/fr\/wp-json\/wp\/v2\/pages\/349761","targetHints":{"allow":["GET"]}}],"collection":[{"href":"https:\/\/marinanoufontana.es\/fr\/wp-json\/wp\/v2\/pages"}],"about":[{"href":"https:\/\/marinanoufontana.es\/fr\/wp-json\/wp\/v2\/types\/page"}],"author":[{"embeddable":true,"href":"https:\/\/marinanoufontana.es\/fr\/wp-json\/wp\/v2\/users\/1"}],"replies":[{"embeddable":true,"href":"https:\/\/marinanoufontana.es\/fr\/wp-json\/wp\/v2\/comments?post=349761"}],"version-history":[{"count":2,"href":"https:\/\/marinanoufontana.es\/fr\/wp-json\/wp\/v2\/pages\/349761\/revisions"}],"predecessor-version":[{"id":349763,"href":"https:\/\/marinanoufontana.es\/fr\/wp-json\/wp\/v2\/pages\/349761\/revisions\/349763"}],"wp:attachment":[{"href":"https:\/\/marinanoufontana.es\/fr\/wp-json\/wp\/v2\/media?parent=349761"}],"curies":[{"name":"wp","href":"https:\/\/api.w.org\/{rel}","templated":true}]}}