{"id":352830,"date":"2018-01-25T13:43:25","date_gmt":"2018-01-25T13:43:25","guid":{"rendered":"http:\/\/marinanoufontana.es\/?page_id=352830"},"modified":"2019-01-28T07:12:46","modified_gmt":"2019-01-28T07:12:46","slug":"eventos-2","status":"publish","type":"page","link":"https:\/\/marinanoufontana.es\/fr\/eventos-2\/","title":{"rendered":"EVENTOS"},"content":{"rendered":"<div class=\"wpb-content-wrapper\"><p>[vc_row row_type=\u00a0\u00bbrow\u00a0\u00bb use_row_as_full_screen_section=\u00a0\u00bbno\u00a0\u00bb type=\u00a0\u00bbfull_width\u00a0\u00bb text_align=\u00a0\u00bbleft\u00a0\u00bb box_shadow_on_row=\u00a0\u00bbno\u00a0\u00bb][vc_column][vc_empty_space height=\u00a0\u00bb60px\u00a0\u00bb image_repeat=\u00a0\u00bbno-repeat\u00a0\u00bb][\/vc_column][\/vc_row][vc_row row_type=\u00a0\u00bbrow\u00a0\u00bb use_row_as_full_screen_section=\u00a0\u00bbno\u00a0\u00bb type=\u00a0\u00bbfull_width\u00a0\u00bb text_align=\u00a0\u00bbleft\u00a0\u00bb box_shadow_on_row=\u00a0\u00bbno\u00a0\u00bb][vc_column width=\u00a0\u00bb1\/2&Prime;][vc_text_separator title=\u00a0\u00bb\u00a0\u00bb text_in_box=\u00a0\u00bbno\u00a0\u00bb text_position=\u00a0\u00bbleft\u00a0\u00bb box_padding=\u00a0\u00bb0&Prime; line_color=\u00a0\u00bb#0a0a0a\u00a0\u00bb line_width=\u00a0\u00bb43&Prime; animation=\u00a0\u00bbdefault\u00a0\u00bb line_thickness=\u00a0\u00bb1&Prime; line_border_style=\u00a0\u00bbsolid\u00a0\u00bb up=\u00a0\u00bb5&Prime; down=\u00a0\u00bb4&Prime; line_dots=\u00a0\u00bbno\u00a0\u00bb][vc_column_text]<\/p>\n<h5>\u00a0 01<\/h5>\n<p>[\/vc_column_text][vc_text_separator title=\u00a0\u00bb\u00a0\u00bb text_in_box=\u00a0\u00bbno\u00a0\u00bb text_position=\u00a0\u00bbleft\u00a0\u00bb box_padding=\u00a0\u00bb0&Prime; line_color=\u00a0\u00bb#0a0a0a\u00a0\u00bb line_width=\u00a0\u00bb43&Prime; animation=\u00a0\u00bbdefault\u00a0\u00bb line_thickness=\u00a0\u00bb1&Prime; line_border_style=\u00a0\u00bbsolid\u00a0\u00bb up=\u00a0\u00bb5&Prime; down=\u00a0\u00bb5&Prime; line_dots=\u00a0\u00bbno\u00a0\u00bb][vc_column_text]<\/p>\n<h6>\u00c9v\u00e9nements<\/h6>\n<p>&nbsp;<\/p>\n<p>Nous entamerons prochainement l&rsquo;organisation d&rsquo;\u00e9v\u00e9nements dirig\u00e9s pour nos utilisateurs du port. Notre intention est de dynamiser l&rsquo;activit\u00e9 du port pendant toute l&rsquo;ann\u00e9e et de donner une valeur ajout\u00e9e \u00e0 ceux qui ont confi\u00e9 en nous comme installation nautique.[\/vc_column_text][vc_separator type=\u00a0\u00bbtransparent\u00a0\u00bb up=\u00a0\u00bb35&Prime; up_style=\u00a0\u00bbpx\u00a0\u00bb down=\u00a0\u00bb0&Prime; down_style=\u00a0\u00bbpx\u00a0\u00bb][\/vc_column][vc_column width=\u00a0\u00bb1\/2&Prime;][\/vc_column][\/vc_row][vc_row row_type=\u00a0\u00bbrow\u00a0\u00bb use_row_as_full_screen_section=\u00a0\u00bbyes\u00a0\u00bb type=\u00a0\u00bbfull_width\u00a0\u00bb text_align=\u00a0\u00bbleft\u00a0\u00bb box_shadow_on_row=\u00a0\u00bbno\u00a0\u00bb][vc_column][vc_empty_space height=\u00a0\u00bb30px\u00a0\u00bb image_repeat=\u00a0\u00bbno-repeat\u00a0\u00bb]<div class='blog_slider_holder clearfix '><div class='blog_slider' data-blogs_shown='3'><ul class='blog_slides'>Sorry, no posts matched your criteria.<\/ul><div id=\"blog_slider_pager-\" class=\"blog_slider_pager\"><\/div><\/div><\/div>[\/vc_column][\/vc_row][vc_row row_type=\u00a0\u00bbrow\u00a0\u00bb use_row_as_full_screen_section=\u00a0\u00bbno\u00a0\u00bb type=\u00a0\u00bbfull_width\u00a0\u00bb text_align=\u00a0\u00bbleft\u00a0\u00bb box_shadow_on_row=\u00a0\u00bbno\u00a0\u00bb][vc_column][vc_empty_space height=\u00a0\u00bb60px\u00a0\u00bb image_repeat=\u00a0\u00bbno-repeat\u00a0\u00bb][\/vc_column][\/vc_row]<\/p>\n<\/div>","protected":false},"excerpt":{"rendered":"<p>[vc_row row_type=\u00a0\u00bbrow\u00a0\u00bb use_row_as_full_screen_section=\u00a0\u00bbno\u00a0\u00bb type=\u00a0\u00bbfull_width\u00a0\u00bb text_align=\u00a0\u00bbleft\u00a0\u00bb box_shadow_on_row=\u00a0\u00bbno\u00a0\u00bb][vc_column][vc_empty_space height=\u00a0\u00bb60px\u00a0\u00bb image_repeat=\u00a0\u00bbno-repeat\u00a0\u00bb][\/vc_column][\/vc_row][vc_row row_type=\u00a0\u00bbrow\u00a0\u00bb use_row_as_full_screen_section=\u00a0\u00bbno\u00a0\u00bb type=\u00a0\u00bbfull_width\u00a0\u00bb text_align=\u00a0\u00bbleft\u00a0\u00bb box_shadow_on_row=\u00a0\u00bbno\u00a0\u00bb][vc_column width=\u00a0\u00bb1\/2&Prime;][vc_text_separator title=\u00a0\u00bb\u00a0\u00bb text_in_box=\u00a0\u00bbno\u00a0\u00bb text_position=\u00a0\u00bbleft\u00a0\u00bb box_padding=\u00a0\u00bb0&Prime; line_color=\u00a0\u00bb#0a0a0a\u00a0\u00bb line_width=\u00a0\u00bb43&Prime; animation=\u00a0\u00bbdefault\u00a0\u00bb line_thickness=\u00a0\u00bb1&Prime; line_border_style=\u00a0\u00bbsolid\u00a0\u00bb up=\u00a0\u00bb5&Prime; down=\u00a0\u00bb4&Prime; line_dots=\u00a0\u00bbno\u00a0\u00bb][vc_column_text] \u00a0 01 [\/vc_column_text][vc_text_separator title=\u00a0\u00bb\u00a0\u00bb text_in_box=\u00a0\u00bbno\u00a0\u00bb text_position=\u00a0\u00bbleft\u00a0\u00bb box_padding=\u00a0\u00bb0&Prime; line_color=\u00a0\u00bb#0a0a0a\u00a0\u00bb line_width=\u00a0\u00bb43&Prime; animation=\u00a0\u00bbdefault\u00a0\u00bb line_thickness=\u00a0\u00bb1&Prime; line_border_style=\u00a0\u00bbsolid\u00a0\u00bb up=\u00a0\u00bb5&Prime; down=\u00a0\u00bb5&Prime; line_dots=\u00a0\u00bbno\u00a0\u00bb][vc_column_text] \u00c9v\u00e9nements &nbsp; Nous entamerons&#8230;<\/p>\n","protected":false},"author":2,"featured_media":0,"parent":0,"menu_order":0,"comment_status":"closed","ping_status":"closed","template":"","meta":{"footnotes":""},"class_list":["post-352830","page","type-page","status-publish","hentry"],"_links":{"self":[{"href":"https:\/\/marinanoufontana.es\/fr\/wp-json\/wp\/v2\/pages\/352830","targetHints":{"allow":["GET"]}}],"collection":[{"href":"https:\/\/marinanoufontana.es\/fr\/wp-json\/wp\/v2\/pages"}],"about":[{"href":"https:\/\/marinanoufontana.es\/fr\/wp-json\/wp\/v2\/types\/page"}],"author":[{"embeddable":true,"href":"https:\/\/marinanoufontana.es\/fr\/wp-json\/wp\/v2\/users\/2"}],"replies":[{"embeddable":true,"href":"https:\/\/marinanoufontana.es\/fr\/wp-json\/wp\/v2\/comments?post=352830"}],"version-history":[{"count":5,"href":"https:\/\/marinanoufontana.es\/fr\/wp-json\/wp\/v2\/pages\/352830\/revisions"}],"predecessor-version":[{"id":353395,"href":"https:\/\/marinanoufontana.es\/fr\/wp-json\/wp\/v2\/pages\/352830\/revisions\/353395"}],"wp:attachment":[{"href":"https:\/\/marinanoufontana.es\/fr\/wp-json\/wp\/v2\/media?parent=352830"}],"curies":[{"name":"wp","href":"https:\/\/api.w.org\/{rel}","templated":true}]}}