{"id":352920,"date":"2017-03-21T06:44:57","date_gmt":"2017-03-21T06:44:57","guid":{"rendered":"http:\/\/marinanoufontana.es\/?page_id=352920"},"modified":"2025-09-05T15:23:42","modified_gmt":"2025-09-05T15:23:42","slug":"bolsa-de-alquiler","status":"publish","type":"page","link":"https:\/\/marinanoufontana.es\/fr\/bolsa-de-alquiler\/","title":{"rendered":"LOYER D\u00b4AMARRAGES"},"content":{"rendered":"<div class=\"wpb-content-wrapper\"><p>[vc_row row_type=\u00a0\u00bbrow\u00a0\u00bb use_row_as_full_screen_section=\u00a0\u00bbno\u00a0\u00bb type=\u00a0\u00bbfull_width\u00a0\u00bb text_align=\u00a0\u00bbleft\u00a0\u00bb box_shadow_on_row=\u00a0\u00bbno\u00a0\u00bb][vc_column][vc_column_text][\/vc_column_text][\/vc_column][\/vc_row][vc_row row_type=\u00a0\u00bbrow\u00a0\u00bb use_row_as_full_screen_section=\u00a0\u00bbno\u00a0\u00bb type=\u00a0\u00bbfull_width\u00a0\u00bb text_align=\u00a0\u00bbleft\u00a0\u00bb box_shadow_on_row=\u00a0\u00bbno\u00a0\u00bb][vc_column][vc_empty_space height=\u00a0\u00bb70&Prime; image_repeat=\u00a0\u00bbno-repeat\u00a0\u00bb][\/vc_column][\/vc_row][vc_row row_type=\u00a0\u00bbrow\u00a0\u00bb use_row_as_full_screen_section=\u00a0\u00bbno\u00a0\u00bb type=\u00a0\u00bbfull_width\u00a0\u00bb text_align=\u00a0\u00bbleft\u00a0\u00bb box_shadow_on_row=\u00a0\u00bbno\u00a0\u00bb][vc_column][vc_column_text]<\/p>\n<h4><strong>LOYER D\u00b4AMARRAGES \u00c0 TRAVERS LA GESTION DE MARINA NOU FONTANA[vc_separator type=\u00a0\u00bbtransparent\u00a0\u00bb position=\u00a0\u00bbleft\u00a0\u00bb color=\u00a0\u00bb\u00a0\u00bb border_style=\u00a0\u00bbdashed\u00a0\u00bb width=\u00a0\u00bb\u00a0\u00bb thickness=\u00a0\u00bb\u00a0\u00bb up=\u00a0\u00bb\u00a0\u00bb down=\u00a0\u00bb15&Prime;]<\/strong><\/h4>\n<p>Marina Nou Fontana a cr\u00e9\u00e9 une Bourse de Loyers d\u00b4Amarrages pour des particuliers dans le but d&rsquo;aider les titulaires des amarrages \u00e0 trouver un locataire pour une p\u00e9riode fix\u00e9e.<\/p>\n<p>Ensuite, nous passons \u00e0 d\u00e9tailler les \u00e9tapes \u00e0 suivre pour inclure un amarrage dans la Bourse de Loyer et son fonctionnement.<\/p>\n<p>&nbsp;<\/p>\n<p><strong>1.\u00a0\u00a0\u00a0 GESTION DU LOYER<\/strong><\/p>\n<p>En ce qui concerne la <strong>Gestion totale<\/strong>, le titulaire de l\u00b4amarrage devra envoyer Marina Nou Fontana par courrier \u00e9lectronique et postal, un<strong> Formulaire de Registre \u00e0 la Bourse de Loyer<\/strong> (attach\u00e9: Annexe 1), en d\u00e9taillant la disponibilit\u00e9 de dates pour le loyer de l\u00b4amarrage et en autorisant Marina Nou Fontana de d\u00e9velopper les d\u00e9marches n\u00e9cessaires.<\/p>\n<p>Le choix de la modalit\u00e9 de gestion n\u00b4entra\u00eene aucun engagement de loyer de l\u00b4amarrage dans un d\u00e9lai pr\u00e9cis de la part du Marina Nou Fontana, qui proc\u00e9dera \u00e0 le louer seulement dans le cas d\u00b4avoir re\u00e7u des demandes valides. Pour cette raison, apr\u00e8s avoir choisi l\u00b4option de gestion, le titulaire de l\u00b4amarrage aura toujours le droit de chercher et confirmer un locataire de l\u00b4amarrage, sous condition que Marina Nou Fontana n\u00b4ait pas trouv\u00e9 encore un locataire.<\/p>\n<p>&nbsp;<\/p>\n<p><strong>2.\u00a0\u00a0\u00a0 SYST\u00c8ME DE R\u00c9SERVE EN LIGNE<\/strong><\/p>\n<p>Tous les amarrages de la Bourse de Loyers seront commercialis\u00e9s \u00e0 travers le syst\u00e8me <strong>de r\u00e9serves en ligne \u00e0 Marina Nou Fontana<\/strong> <a href=\"http:\/\/reservas.marinanoufontana.com\" target=\"_blank\" rel=\"noopener\">http:\/\/reservas.marinanoufontana.com<\/a>\u00a0 et le <strong>Bureau du Service Client\u00e8le.<\/strong><\/p>\n<p>Le syst\u00e8me de r\u00e9serve en ligne demande \u00e0 la personne concern\u00e9e la p\u00e9riode du loyer, la longueur et la largeur hors tout du bateau. Sur ces donn\u00e9es, le syst\u00e8me choisit l\u00b4amarrage le plus r\u00e9duit disponible, qui puisse s\u00b4adapter aux dimensions du bateau. Le web offre <strong>le tarif correspondant conforme \u00e0 ceux approuv\u00e9s par le Conseil et les applicables \u00e0 chaque \u00e9poque par Marina Nou Fontana pour ces amarrages \u00e0 louer. (Les tarifs sont indiqu\u00e9s sur le Formulaire de Registre sur la Bourse des Loyers).<\/strong><\/p>\n<p>&nbsp;<\/p>\n<p><strong>3.\u00a0\u00a0 S\u00c9LECTION D\u00b4AMARRAGE, PAIEMENT ET SIGNATURE DU CONTRAT<\/strong><\/p>\n<p>Dans le cas o\u00f9 la personne concern\u00e9e accepte la r\u00e9serve de l\u00b4amarrage, il y a deux possibilit\u00e9s\u00a0:<\/p>\n<p>&#8211; <strong>Que le syst\u00e8me de r\u00e9serves en ligne trouve un seul amarrage pour toute la p\u00e9riode du loyer<\/strong>: dans ce cas, le syst\u00e8me montre un plan du port avec les amarrages disponibles et c\u00b4est la personne concern\u00e9e qui choisit l\u00b4amarrage.<\/p>\n<p>&#8211;\u00a0<strong> Que le syst\u00e8me de r\u00e9serves en ligne NE trouve pas un seul amarrage pour toute la p\u00e9riode du loyer, mais il y TROUVE deux amarrages ou plusieurs:<\/strong> dans ce cas, la personne concern\u00e9e ne r\u00e9serve pas un amarrage pr\u00e9cis mais un amarrage d\u00b4une dimension d\u00e9termin\u00e9e. C\u00b4est Marina Nou Fontana qui, apr\u00e8s la r\u00e9serve, se mettra en contact avec la personne concern\u00e9e pour lui offrir la s\u00e9lection des amarrages disponibles pour chaque p\u00e9riode afin qu\u00b4elle puisse choisir.<\/p>\n<p>Apr\u00e8s avoir accept\u00e9 la r\u00e9serve, la personne concern\u00e9e fera le <strong>paiement du loyer complet<\/strong> et acceptera les conditions du <strong>Contrat de Loyer.<\/strong><\/p>\n<p>&nbsp;<\/p>\n<p><strong>4. CONFIRMATION DU LOYER AU TITULAIRE DE L\u00b4AMARRAGE<\/strong><\/p>\n<p>Apr\u00e8s avoir fini le processus de loyer de l\u00b4amarrage, Marina Nou Fontana envoie un <strong>courrier \u00e9lectronique au titulaire de l\u00b4amarrage en d\u00e9taillant l\u00b4op\u00e9ration.<\/strong><\/p>\n<p>&nbsp;<\/p>\n<p><strong>5. GESTION DE L\u00b4ENCAISSEMENT<\/strong><\/p>\n<p>Marina Nou Fontana d\u00e9duira un <strong>trente (30) pourcent \u00e0 titre de co\u00fbts de gestion<\/strong> sur la somme du tarif encaiss\u00e9. Le solde r\u00e9sultant sera transf\u00e9r\u00e9 au titulaire.<\/p>\n<p>Marina Nou Fontana fera la <strong>liquidation avec les titulaires de l\u00b4amarrage dans le deuxi\u00e8me semestre de l\u00b4ann\u00e9e courante. Un courrier \u00e9lectronique sera envoy\u00e9 en d\u00e9taillant la liquidation et demandant la facture<\/strong> correspondante \u00e0 la somme des loyers de l\u00b4ann\u00e9e. Sous demande du titulaire de l\u00b4amarrage, Marina Nou Fontana pourra cr\u00e9er une facture automatique. Pour ce faire, le titulaire devra autoriser l\u00b4op\u00e9ration pr\u00e9alablement et donner son accord apr\u00e8s.<\/p>\n<p>Sur la base de cette facture, <strong>Marina Nou Fontana fera un transfert sur le compte du titulaire de l\u00b4amarrage. Et c\u00b4est le titulaire qui devra proc\u00e9der \u00e0 liquider le TVA.<\/strong><\/p>\n<p>&nbsp;<\/p>\n<p><strong>6.\u00a0 \u00c9LIMINATION DE L\u00b4AMARRAGE DE LA BOURSE DE LOYERS ET MODIFICATION DE DISPONIBILIT\u00c9<\/strong><\/p>\n<p>Pour \u00e9liminer l\u00b4amarrage du stock de la Bourse de Loyers, le titulaire de l\u00b4amarrage devra envoyer par courrier \u00e9lectronique et postal, un <strong>Formulaire d\u00b4Arr\u00eat d\u00b4Abonnement<\/strong> (ci-joint\u00a0: Annexe 2).<\/p>\n<p>Dans le cas o\u00f9 vous voulez modifier les dates de disponibilit\u00e9 pour le loyer de l\u00b4amarrage, le titulaire devra renvoyer un nouveau <strong>Formulaire de Registre \u00e0 la Bourse de Loyers.<\/strong>[\/vc_column_text][\/vc_column][\/vc_row][vc_row row_type=\u00a0\u00bbrow\u00a0\u00bb use_row_as_full_screen_section=\u00a0\u00bbno\u00a0\u00bb type=\u00a0\u00bbfull_width\u00a0\u00bb text_align=\u00a0\u00bbleft\u00a0\u00bb box_shadow_on_row=\u00a0\u00bbno\u00a0\u00bb][vc_column][vc_empty_space height=\u00a0\u00bb50&Prime; image_repeat=\u00a0\u00bbno-repeat\u00a0\u00bb][vc_row_inner row_type=\u00a0\u00bbrow\u00a0\u00bb type=\u00a0\u00bbfull_width\u00a0\u00bb use_row_as_full_screen_section_slide=\u00a0\u00bbno\u00a0\u00bb text_align=\u00a0\u00bbleft\u00a0\u00bb box_shadow_on_row=\u00a0\u00bbno\u00a0\u00bb][vc_column_inner width=\u00a0\u00bb1\/2&Prime;]<a href=\"http:\/\/marinanoufontana.es\/wp-content\/uploads\/2017\/03\/FR_FORMULARIODEALTAENBOLSADEALQUILER.pdf\" target=\"_blank\" data-hover-background-color=#002e6d  class=\"qbutton  medium rotate_icon animate_button\" style=\"border-color: #ffffff; background-color: #33cccc;\">\n\t\t<span class=\"text_holder\"><span class=\"a_overlay\" style=\"\"><\/span><span>Formulaire de Registre \u00e0 la Bourse de Loyers<\/span><span style=\"color: #002e6d; \" class=\"hidden_text\">Formulaire de Registre \u00e0 la Bourse de Loyers<\/span><\/span>\n\t\t<span class=\"icon_holder\" style=\"border-left-color: #ffffff; \"><span  style=\"\"><\/span><span style=\"color: #002e6d; \" class=\"hidden_icon\"><\/span><\/span><\/a>[\/vc_column_inner][vc_column_inner width=\u00a0\u00bb1\/2&Prime;]<a href=\"http:\/\/marinanoufontana.es\/wp-content\/uploads\/2017\/03\/FR_FORMULARIODEBAJAENBOLSADEALQUILER.pdf\" target=\"_blank\" data-hover-background-color=#002e6d  class=\"qbutton  medium rotate_icon animate_button\" style=\"border-color: #ffffff; background-color: #33cccc;\">\n\t\t<span class=\"text_holder\"><span class=\"a_overlay\" style=\"\"><\/span><span>Formulaire d\u00b4Arr\u00eat d\u00b4Abonnement<\/span><span style=\"color: #002e6d; \" class=\"hidden_text\">Formulaire d\u00b4Arr\u00eat d\u00b4Abonnement<\/span><\/span>\n\t\t<span class=\"icon_holder\" style=\"border-left-color: #ffffff; \"><span  style=\"\"><\/span><span style=\"color: #002e6d; \" class=\"hidden_icon\"><\/span><\/span><\/a>[\/vc_column_inner][\/vc_row_inner][vc_empty_space height=\u00a0\u00bb70&Prime; image_repeat=\u00a0\u00bbno-repeat\u00a0\u00bb][\/vc_column][\/vc_row][vc_row row_type=\u00a0\u00bbrow\u00a0\u00bb use_row_as_full_screen_section=\u00a0\u00bbno\u00a0\u00bb type=\u00a0\u00bbfull_width\u00a0\u00bb text_align=\u00a0\u00bbleft\u00a0\u00bb box_shadow_on_row=\u00a0\u00bbno\u00a0\u00bb][vc_column][vc_column_text][\/vc_column_text][\/vc_column][\/vc_row][vc_row row_type=\u00a0\u00bbrow\u00a0\u00bb use_row_as_full_screen_section=\u00a0\u00bbno\u00a0\u00bb type=\u00a0\u00bbfull_width\u00a0\u00bb text_align=\u00a0\u00bbleft\u00a0\u00bb box_shadow_on_row=\u00a0\u00bbno\u00a0\u00bb][vc_column][vc_empty_space height=\u00a0\u00bb70&Prime; image_repeat=\u00a0\u00bbno-repeat\u00a0\u00bb][\/vc_column][\/vc_row][vc_row row_type=\u00a0\u00bbrow\u00a0\u00bb use_row_as_full_screen_section=\u00a0\u00bbno\u00a0\u00bb type=\u00a0\u00bbfull_width\u00a0\u00bb text_align=\u00a0\u00bbleft\u00a0\u00bb box_shadow_on_row=\u00a0\u00bbno\u00a0\u00bb][vc_column][vc_column_text]<\/p>\n<h4><strong>LOYER D\u00b4AMARRAGES \u00c0 TRAVERS LA GESTION DE MARINA NOU FONTANA[vc_separator type=\u00a0\u00bbtransparent\u00a0\u00bb position=\u00a0\u00bbleft\u00a0\u00bb color=\u00a0\u00bb\u00a0\u00bb border_style=\u00a0\u00bbdashed\u00a0\u00bb width=\u00a0\u00bb\u00a0\u00bb thickness=\u00a0\u00bb\u00a0\u00bb up=\u00a0\u00bb\u00a0\u00bb down=\u00a0\u00bb15&Prime;]<\/strong><\/h4>\n<p>Marina Nou Fontana a cr\u00e9\u00e9 une Bourse de Loyers d\u00b4Amarrages pour des particuliers dans le but d&rsquo;aider les titulaires des amarrages \u00e0 trouver un locataire pour une p\u00e9riode fix\u00e9e.<\/p>\n<p>Ensuite, nous passons \u00e0 d\u00e9tailler les \u00e9tapes \u00e0 suivre pour inclure un amarrage dans la Bourse de Loyer et son fonctionnement.<\/p>\n<p>&nbsp;<\/p>\n<p><strong>1.\u00a0\u00a0\u00a0 GESTION DU LOYER<\/strong><\/p>\n<p>En ce qui concerne la <strong>Gestion totale<\/strong>, le titulaire de l\u00b4amarrage devra envoyer Marina Nou Fontana par courrier \u00e9lectronique et postal, un<strong> Formulaire de Registre \u00e0 la Bourse de Loyer<\/strong> (attach\u00e9: Annexe 1), en d\u00e9taillant la disponibilit\u00e9 de dates pour le loyer de l\u00b4amarrage et en autorisant Marina Nou Fontana de d\u00e9velopper les d\u00e9marches n\u00e9cessaires.<\/p>\n<p>Le choix de la modalit\u00e9 de gestion n\u00b4entra\u00eene aucun engagement de loyer de l\u00b4amarrage dans un d\u00e9lai pr\u00e9cis de la part du Marina Nou Fontana, qui proc\u00e9dera \u00e0 le louer seulement dans le cas d\u00b4avoir re\u00e7u des demandes valides. Pour cette raison, apr\u00e8s avoir choisi l\u00b4option de gestion, le titulaire de l\u00b4amarrage aura toujours le droit de chercher et confirmer un locataire de l\u00b4amarrage, sous condition que Marina Nou Fontana n\u00b4ait pas trouv\u00e9 encore un locataire.<\/p>\n<p>&nbsp;<\/p>\n<p><strong>2.\u00a0\u00a0\u00a0 SYST\u00c8ME DE R\u00c9SERVE EN LIGNE<\/strong><\/p>\n<p>Tous les amarrages de la Bourse de Loyers seront commercialis\u00e9s \u00e0 travers le syst\u00e8me <strong>de r\u00e9serves en ligne \u00e0 Marina Nou Fontana<\/strong> <a href=\"http:\/\/reservas.marinanoufontana.com\" target=\"_blank\" rel=\"noopener\">http:\/\/reservas.marinanoufontana.com<\/a>\u00a0 et le <strong>Bureau du Service Client\u00e8le.<\/strong><\/p>\n<p>Le syst\u00e8me de r\u00e9serve en ligne demande \u00e0 la personne concern\u00e9e la p\u00e9riode du loyer, la longueur et la largeur hors tout du bateau. Sur ces donn\u00e9es, le syst\u00e8me choisit l\u00b4amarrage le plus r\u00e9duit disponible, qui puisse s\u00b4adapter aux dimensions du bateau. Le web offre <strong>le tarif correspondant conforme \u00e0 ceux approuv\u00e9s par le Conseil et les applicables \u00e0 chaque \u00e9poque par Marina Nou Fontana pour ces amarrages \u00e0 louer. (Les tarifs sont indiqu\u00e9s sur le Formulaire de Registre sur la Bourse des Loyers).<\/strong><\/p>\n<p>&nbsp;<\/p>\n<p><strong>3.\u00a0\u00a0 S\u00c9LECTION D\u00b4AMARRAGE, PAIEMENT ET SIGNATURE DU CONTRAT<\/strong><\/p>\n<p>Dans le cas o\u00f9 la personne concern\u00e9e accepte la r\u00e9serve de l\u00b4amarrage, il y a deux possibilit\u00e9s\u00a0:<\/p>\n<p>&#8211; <strong>Que le syst\u00e8me de r\u00e9serves en ligne trouve un seul amarrage pour toute la p\u00e9riode du loyer<\/strong>: dans ce cas, le syst\u00e8me montre un plan du port avec les amarrages disponibles et c\u00b4est la personne concern\u00e9e qui choisit l\u00b4amarrage.<\/p>\n<p>&#8211;\u00a0<strong> Que le syst\u00e8me de r\u00e9serves en ligne NE trouve pas un seul amarrage pour toute la p\u00e9riode du loyer, mais il y TROUVE deux amarrages ou plusieurs:<\/strong> dans ce cas, la personne concern\u00e9e ne r\u00e9serve pas un amarrage pr\u00e9cis mais un amarrage d\u00b4une dimension d\u00e9termin\u00e9e. C\u00b4est Marina Nou Fontana qui, apr\u00e8s la r\u00e9serve, se mettra en contact avec la personne concern\u00e9e pour lui offrir la s\u00e9lection des amarrages disponibles pour chaque p\u00e9riode afin qu\u00b4elle puisse choisir.<\/p>\n<p>Apr\u00e8s avoir accept\u00e9 la r\u00e9serve, la personne concern\u00e9e fera le <strong>paiement du loyer complet<\/strong> et acceptera les conditions du <strong>Contrat de Loyer.<\/strong><\/p>\n<p>&nbsp;<\/p>\n<p><strong>4. CONFIRMATION DU LOYER AU TITULAIRE DE L\u00b4AMARRAGE<\/strong><\/p>\n<p>Apr\u00e8s avoir fini le processus de loyer de l\u00b4amarrage, Marina Nou Fontana envoie un <strong>courrier \u00e9lectronique au titulaire de l\u00b4amarrage en d\u00e9taillant l\u00b4op\u00e9ration.<\/strong><\/p>\n<p>&nbsp;<\/p>\n<p><strong>5. GESTION DE L\u00b4ENCAISSEMENT<\/strong><\/p>\n<p>Marina Nou Fontana d\u00e9duira un <strong>trente (30) pourcent \u00e0 titre de co\u00fbts de gestion<\/strong> sur la somme du tarif encaiss\u00e9. Le solde r\u00e9sultant sera transf\u00e9r\u00e9 au titulaire.<\/p>\n<p>Marina Nou Fontana fera la <strong>liquidation avec les titulaires de l\u00b4amarrage dans le deuxi\u00e8me semestre de l\u00b4ann\u00e9e courante. Un courrier \u00e9lectronique sera envoy\u00e9 en d\u00e9taillant la liquidation et demandant la facture<\/strong> correspondante \u00e0 la somme des loyers de l\u00b4ann\u00e9e. Sous demande du titulaire de l\u00b4amarrage, Marina Nou Fontana pourra cr\u00e9er une facture automatique. Pour ce faire, le titulaire devra autoriser l\u00b4op\u00e9ration pr\u00e9alablement et donner son accord apr\u00e8s.<\/p>\n<p>Sur la base de cette facture, <strong>Marina Nou Fontana fera un transfert sur le compte du titulaire de l\u00b4amarrage. Et c\u00b4est le titulaire qui devra proc\u00e9der \u00e0 liquider le TVA.<\/strong><\/p>\n<p>&nbsp;<\/p>\n<p><strong>6.\u00a0 \u00c9LIMINATION DE L\u00b4AMARRAGE DE LA BOURSE DE LOYERS ET MODIFICATION DE DISPONIBILIT\u00c9<\/strong><\/p>\n<p>Pour \u00e9liminer l\u00b4amarrage du stock de la Bourse de Loyers, le titulaire de l\u00b4amarrage devra envoyer par courrier \u00e9lectronique et postal, un <strong>Formulaire d\u00b4Arr\u00eat d\u00b4Abonnement<\/strong> (ci-joint\u00a0: Annexe 2).<\/p>\n<p>Dans le cas o\u00f9 vous voulez modifier les dates de disponibilit\u00e9 pour le loyer de l\u00b4amarrage, le titulaire devra renvoyer un nouveau <strong>Formulaire de Registre \u00e0 la Bourse de Loyers.<\/strong>[\/vc_column_text][\/vc_column][\/vc_row][vc_row row_type=\u00a0\u00bbrow\u00a0\u00bb use_row_as_full_screen_section=\u00a0\u00bbno\u00a0\u00bb type=\u00a0\u00bbfull_width\u00a0\u00bb text_align=\u00a0\u00bbleft\u00a0\u00bb box_shadow_on_row=\u00a0\u00bbno\u00a0\u00bb][vc_column][vc_empty_space height=\u00a0\u00bb50&Prime; image_repeat=\u00a0\u00bbno-repeat\u00a0\u00bb][vc_row_inner row_type=\u00a0\u00bbrow\u00a0\u00bb type=\u00a0\u00bbfull_width\u00a0\u00bb use_row_as_full_screen_section_slide=\u00a0\u00bbno\u00a0\u00bb text_align=\u00a0\u00bbleft\u00a0\u00bb box_shadow_on_row=\u00a0\u00bbno\u00a0\u00bb][vc_column_inner width=\u00a0\u00bb1\/2&Prime;]<a href=\"https:\/\/marinanoufontana.es\/wp-content\/uploads\/2025\/09\/ALTAEN-BOLSAALQUILERlopd2025.pdf\" target=\"_blank\" data-hover-background-color=#002e6d  class=\"qbutton  medium rotate_icon animate_button\" style=\"border-color: #ffffff; background-color: #33cccc;\">\n\t\t<span class=\"text_holder\"><span class=\"a_overlay\" style=\"\"><\/span><span>Formulaire de Registre \u00e0 la Bourse de Loyers<\/span><span style=\"color: #002e6d; \" class=\"hidden_text\">Formulaire de Registre \u00e0 la Bourse de Loyers<\/span><\/span>\n\t\t<span class=\"icon_holder\" style=\"border-left-color: #ffffff; \"><span  style=\"\"><\/span><span style=\"color: #002e6d; \" class=\"hidden_icon\"><\/span><\/span><\/a>[\/vc_column_inner][vc_column_inner width=\u00a0\u00bb1\/2&Prime;]<a href=\"http:\/\/marinanoufontana.es\/wp-content\/uploads\/2017\/03\/FR_FORMULARIODEBAJAENBOLSADEALQUILER.pdf\" target=\"_blank\" data-hover-background-color=#002e6d  class=\"qbutton  medium rotate_icon animate_button\" style=\"border-color: #ffffff; background-color: #33cccc;\">\n\t\t<span class=\"text_holder\"><span class=\"a_overlay\" style=\"\"><\/span><span>Formulaire d\u00b4Arr\u00eat d\u00b4Abonnement<\/span><span style=\"color: #002e6d; \" class=\"hidden_text\">Formulaire d\u00b4Arr\u00eat d\u00b4Abonnement<\/span><\/span>\n\t\t<span class=\"icon_holder\" style=\"border-left-color: #ffffff; \"><span  style=\"\"><\/span><span style=\"color: #002e6d; \" class=\"hidden_icon\"><\/span><\/span><\/a>[\/vc_column_inner][\/vc_row_inner][vc_empty_space height=\u00a0\u00bb70&Prime; image_repeat=\u00a0\u00bbno-repeat\u00a0\u00bb][\/vc_column][\/vc_row]<\/p>\n<\/div>","protected":false},"excerpt":{"rendered":"<p>[vc_row row_type=\u00a0\u00bbrow\u00a0\u00bb use_row_as_full_screen_section=\u00a0\u00bbno\u00a0\u00bb type=\u00a0\u00bbfull_width\u00a0\u00bb text_align=\u00a0\u00bbleft\u00a0\u00bb box_shadow_on_row=\u00a0\u00bbno\u00a0\u00bb][vc_column][vc_column_text][\/vc_column_text][\/vc_column][\/vc_row][vc_row row_type=\u00a0\u00bbrow\u00a0\u00bb use_row_as_full_screen_section=\u00a0\u00bbno\u00a0\u00bb type=\u00a0\u00bbfull_width\u00a0\u00bb text_align=\u00a0\u00bbleft\u00a0\u00bb box_shadow_on_row=\u00a0\u00bbno\u00a0\u00bb][vc_column][vc_empty_space height=\u00a0\u00bb70&Prime; image_repeat=\u00a0\u00bbno-repeat\u00a0\u00bb][\/vc_column][\/vc_row][vc_row row_type=\u00a0\u00bbrow\u00a0\u00bb use_row_as_full_screen_section=\u00a0\u00bbno\u00a0\u00bb type=\u00a0\u00bbfull_width\u00a0\u00bb text_align=\u00a0\u00bbleft\u00a0\u00bb box_shadow_on_row=\u00a0\u00bbno\u00a0\u00bb][vc_column][vc_column_text] LOYER D\u00b4AMARRAGES \u00c0 TRAVERS LA GESTION DE MARINA NOU FONTANA[vc_separator type=\u00a0\u00bbtransparent\u00a0\u00bb position=\u00a0\u00bbleft\u00a0\u00bb color=\u00a0\u00bb\u00a0\u00bb border_style=\u00a0\u00bbdashed\u00a0\u00bb width=\u00a0\u00bb\u00a0\u00bb thickness=\u00a0\u00bb\u00a0\u00bb up=\u00a0\u00bb\u00a0\u00bb down=\u00a0\u00bb15&Prime;] Marina Nou Fontana a cr\u00e9\u00e9 une Bourse de Loyers&#8230;<\/p>\n","protected":false},"author":1,"featured_media":0,"parent":0,"menu_order":0,"comment_status":"closed","ping_status":"closed","template":"","meta":{"footnotes":""},"class_list":["post-352920","page","type-page","status-publish","hentry"],"_links":{"self":[{"href":"https:\/\/marinanoufontana.es\/fr\/wp-json\/wp\/v2\/pages\/352920","targetHints":{"allow":["GET"]}}],"collection":[{"href":"https:\/\/marinanoufontana.es\/fr\/wp-json\/wp\/v2\/pages"}],"about":[{"href":"https:\/\/marinanoufontana.es\/fr\/wp-json\/wp\/v2\/types\/page"}],"author":[{"embeddable":true,"href":"https:\/\/marinanoufontana.es\/fr\/wp-json\/wp\/v2\/users\/1"}],"replies":[{"embeddable":true,"href":"https:\/\/marinanoufontana.es\/fr\/wp-json\/wp\/v2\/comments?post=352920"}],"version-history":[{"count":9,"href":"https:\/\/marinanoufontana.es\/fr\/wp-json\/wp\/v2\/pages\/352920\/revisions"}],"predecessor-version":[{"id":354615,"href":"https:\/\/marinanoufontana.es\/fr\/wp-json\/wp\/v2\/pages\/352920\/revisions\/354615"}],"wp:attachment":[{"href":"https:\/\/marinanoufontana.es\/fr\/wp-json\/wp\/v2\/media?parent=352920"}],"curies":[{"name":"wp","href":"https:\/\/api.w.org\/{rel}","templated":true}]}}