{"id":4585,"date":"2015-09-07T13:17:56","date_gmt":"2015-09-07T13:17:56","guid":{"rendered":"http:\/\/marinanoufontana.es\/?page_id=4585"},"modified":"2015-09-07T13:26:37","modified_gmt":"2015-09-07T13:26:37","slug":"enquete-de-satisfaction","status":"publish","type":"page","link":"https:\/\/marinanoufontana.es\/fr\/enquete-de-satisfaction\/","title":{"rendered":"ENQU\u00caTE DE SATISFACTION"},"content":{"rendered":"<p><strong>Cher usager du port, nous vous remercions vivement de la confiance que vous nous avez accord\u00e9e en choisissant Marina Nou Fontana \u2013 X\u00e0bia. Dans le cadre d\u2019une d\u00e9marche qualit\u00e9 et d\u2019am\u00e9lioration continue, le port vous propose ce questionnaire afin de mieux cerner vos attentes. Nous souhaitons mesurer ce qui peut \u00eatre am\u00e9lior\u00e9, et aussi les suggestions que vous pourriez nous faire pour atteindre nos objectifs de satisfaction client. <\/strong><\/p>\n<p>En remplissant ce questionnaire vous participez au tirage au sort de plusieurs prix. (Si vous envoyez votre enqu\u00eate avant le 20 Septembre).<\/p>\n<ul>\n<ul>\n<li>Bapt\u00eame de plong\u00e9e pour deux personnes au centre Cabo de la Nao.<\/li>\n<li>Menu pour deux personnes au Restaurant Amarre 152.<\/li>\n<li>Randonn\u00e9e en scooter des mers pour deux personnes avec Maremoto.<\/li>\n<\/ul>\n<\/ul>\n<p><img loading=\"lazy\" decoding=\"async\" class=\"alignnone size-full wp-image-4233\" src=\"http:\/\/marinanoufontana.es\/wp-content\/uploads\/2015\/09\/LOGOSMARINA.png\" alt=\"LOGOSMARINA\" width=\"600\" height=\"80\" srcset=\"https:\/\/marinanoufontana.es\/wp-content\/uploads\/2015\/09\/LOGOSMARINA.png 600w, https:\/\/marinanoufontana.es\/wp-content\/uploads\/2015\/09\/LOGOSMARINA-300x40.png 300w, https:\/\/marinanoufontana.es\/wp-content\/uploads\/2015\/09\/LOGOSMARINA-450x60.png 450w\" sizes=\"auto, (max-width: 600px) 100vw, 600px\" \/><\/p>\n<p>[ccf_form id=\u00a0\u00bb4250&Prime;]<\/p>\n","protected":false},"excerpt":{"rendered":"<p>Cher usager du port, nous vous remercions vivement de la confiance que vous nous avez accord\u00e9e en choisissant Marina Nou Fontana \u2013 X\u00e0bia. Dans le cadre d\u2019une d\u00e9marche qualit\u00e9 et d\u2019am\u00e9lioration continue, le port vous propose ce questionnaire afin de mieux cerner vos attentes. Nous&#8230;<\/p>\n","protected":false},"author":1,"featured_media":0,"parent":0,"menu_order":0,"comment_status":"open","ping_status":"open","template":"","meta":{"footnotes":""},"class_list":["post-4585","page","type-page","status-publish","hentry"],"_links":{"self":[{"href":"https:\/\/marinanoufontana.es\/fr\/wp-json\/wp\/v2\/pages\/4585","targetHints":{"allow":["GET"]}}],"collection":[{"href":"https:\/\/marinanoufontana.es\/fr\/wp-json\/wp\/v2\/pages"}],"about":[{"href":"https:\/\/marinanoufontana.es\/fr\/wp-json\/wp\/v2\/types\/page"}],"author":[{"embeddable":true,"href":"https:\/\/marinanoufontana.es\/fr\/wp-json\/wp\/v2\/users\/1"}],"replies":[{"embeddable":true,"href":"https:\/\/marinanoufontana.es\/fr\/wp-json\/wp\/v2\/comments?post=4585"}],"version-history":[{"count":2,"href":"https:\/\/marinanoufontana.es\/fr\/wp-json\/wp\/v2\/pages\/4585\/revisions"}],"predecessor-version":[{"id":4590,"href":"https:\/\/marinanoufontana.es\/fr\/wp-json\/wp\/v2\/pages\/4585\/revisions\/4590"}],"wp:attachment":[{"href":"https:\/\/marinanoufontana.es\/fr\/wp-json\/wp\/v2\/media?parent=4585"}],"curies":[{"name":"wp","href":"https:\/\/api.w.org\/{rel}","templated":true}]}}