{"id":5407,"date":"2016-01-07T17:17:36","date_gmt":"2016-01-07T17:17:36","guid":{"rendered":"http:\/\/marinanoufontana.es\/?page_id=5407"},"modified":"2016-04-05T10:32:10","modified_gmt":"2016-04-05T10:32:10","slug":"normas-basicas-inicio","status":"publish","type":"page","link":"https:\/\/marinanoufontana.es\/fr\/normas-basicas-inicio\/","title":{"rendered":"Normas b\u00e1sicas inicio"},"content":{"rendered":"<div class=\"wpb-content-wrapper\"><p>[vc_row row_type=\u00a0\u00bbrow\u00a0\u00bb use_row_as_full_screen_section=\u00a0\u00bbno\u00a0\u00bb type=\u00a0\u00bbfull_width\u00a0\u00bb text_align=\u00a0\u00bbleft\u00a0\u00bb box_shadow_on_row=\u00a0\u00bbno\u00a0\u00bb][vc_column][vc_empty_space height=\u00a0\u00bb20px\u00a0\u00bb image_repeat=\u00a0\u00bbno-repeat\u00a0\u00bb][\/vc_column][\/vc_row][vc_row row_type=\u00a0\u00bbrow\u00a0\u00bb use_row_as_full_screen_section=\u00a0\u00bbno\u00a0\u00bb type=\u00a0\u00bbgrid\u00a0\u00bb text_align=\u00a0\u00bbleft\u00a0\u00bb padding_top=\u00a0\u00bb80&Prime; padding_bottom=\u00a0\u00bb50&Prime; box_shadow_on_row=\u00a0\u00bbno\u00a0\u00bb][vc_column width=\u00a0\u00bb1\/2&Prime; offset=\u00a0\u00bbvc_col-lg-6 vc_col-md-6 vc_col-xs-12&Prime;][vc_empty_space height=\u00a0\u00bb20px\u00a0\u00bb image_repeat=\u00a0\u00bbno-repeat\u00a0\u00bb][vc_text_separator title=\u00a0\u00bb\u00a0\u00bb text_in_box=\u00a0\u00bbno\u00a0\u00bb text_position=\u00a0\u00bbleft\u00a0\u00bb box_padding=\u00a0\u00bb0&Prime; line_color=\u00a0\u00bb#0a0a0a\u00a0\u00bb line_width=\u00a0\u00bb43&Prime; animation=\u00a0\u00bbdefault\u00a0\u00bb line_thickness=\u00a0\u00bb1&Prime; line_border_style=\u00a0\u00bbsolid\u00a0\u00bb up=\u00a0\u00bb5&Prime; down=\u00a0\u00bb4&Prime; line_dots=\u00a0\u00bbno\u00a0\u00bb][vc_column_text]<\/p>\n<h5>\u00a0 01<\/h5>\n<p>[\/vc_column_text][vc_text_separator title=\u00a0\u00bb\u00a0\u00bb text_in_box=\u00a0\u00bbno\u00a0\u00bb text_position=\u00a0\u00bbleft\u00a0\u00bb box_padding=\u00a0\u00bb0&Prime; line_color=\u00a0\u00bb#0a0a0a\u00a0\u00bb line_width=\u00a0\u00bb43&Prime; animation=\u00a0\u00bbdefault\u00a0\u00bb line_thickness=\u00a0\u00bb1&Prime; line_border_style=\u00a0\u00bbsolid\u00a0\u00bb up=\u00a0\u00bb5&Prime; down=\u00a0\u00bb5&Prime; line_dots=\u00a0\u00bbno\u00a0\u00bb][vc_column_text]<\/p>\n<h6>Normativa<\/h6>\n<p>[\/vc_column_text][vc_separator type=\u00a0\u00bbtransparent\u00a0\u00bb up=\u00a0\u00bb35&Prime; up_style=\u00a0\u00bbpx\u00a0\u00bb down=\u00a0\u00bb0&Prime; down_style=\u00a0\u00bbpx\u00a0\u00bb][vc_column_text]Le recordamos\u00a0<span style=\"color: #33cccc;\"><b>la importancia de tener toda la documentaci\u00f3n de la embarcaci\u00f3n en regla<\/b><\/span>, ya que as\u00ed lo indica la normativa vigente y lo requiere la Comandancia de la Guardia Civil.[\/vc_column_text][vc_separator type=\u00a0\u00bbtransparent\u00a0\u00bb up=\u00a0\u00bb30&Prime; up_style=\u00a0\u00bbpx\u00a0\u00bb down=\u00a0\u00bb0&Prime; down_style=\u00a0\u00bbpx\u00a0\u00bb][vc_column_text]<\/p>\n<ul>\n<li>Reglamento de Explotaci\u00f3n y Polic\u00eda del Puerto.<\/li>\n<\/ul>\n<p>&nbsp;<\/p>\n<ul>\n<li>Normas y recomendaciones b\u00e1sicas para el uso de amarres.<\/li>\n<\/ul>\n<p>&nbsp;<\/p>\n<ul>\n<li>Correspondencia entre dimensiones de amarres y embarcaci\u00f3n m\u00e1xima permita.<\/li>\n<\/ul>\n<p>&nbsp;<\/p>\n<ul>\n<li>Documentaci\u00f3n necesaria para la entrada de embarcaciones.<\/li>\n<\/ul>\n<p>[\/vc_column_text][vc_separator type=\u00a0\u00bbtransparent\u00a0\u00bb up=\u00a0\u00bb30&Prime; up_style=\u00a0\u00bbpx\u00a0\u00bb down=\u00a0\u00bb0&Prime; down_style=\u00a0\u00bbpx\u00a0\u00bb][vc_column_text]Por ello, Marina Nou Fontana tiene que tener una\u00a0<span style=\"color: #33cccc;\"><b>copia de los siguientes documentos antes de la entrada de una embarcaci\u00f3n:<\/b><\/span>[\/vc_column_text][vc_separator type=\u00a0\u00bbtransparent\u00a0\u00bb up=\u00a0\u00bb30&Prime; up_style=\u00a0\u00bbpx\u00a0\u00bb down=\u00a0\u00bb0&Prime; down_style=\u00a0\u00bbpx\u00a0\u00bb][vc_column_text]<\/p>\n<ul>\n<li><b>Hoja de Asiento o Certificado de inscripci\u00f3n de la embarcaci\u00f3n donde aparecen los datos del barco y del propietario.<\/b><\/li>\n<\/ul>\n<p>&nbsp;<\/p>\n<ul>\n<li><b>DNI del propietario de la embarcaci\u00f3n.<\/b><\/li>\n<\/ul>\n<p>&nbsp;<\/p>\n<ul>\n<li><b>Datos de contacto actuales del propietario de la embarcaci\u00f3n.<\/b><\/li>\n<\/ul>\n<p>&nbsp;<\/p>\n<ul>\n<li><b>Certificado de Navegabilidad de la embarcaci\u00f3n.<\/b><\/li>\n<\/ul>\n<p>&nbsp;<\/p>\n<ul>\n<li><b>Copia del \u00faltimo recibo del seguro de la embarcaci\u00f3n.<\/b><\/li>\n<\/ul>\n<p>&nbsp;<\/p>\n<ul>\n<li><b>Si alguna empresa n\u00e1utica realiza movimientos tanto de entrada como de salida de la embarcaci\u00f3n, una Autorizaci\u00f3n por parte del propietario del barco hacia la empresa n\u00e1utica.<\/b><\/li>\n<\/ul>\n<p>&nbsp;<\/p>\n<ul>\n<li><b>Si la embarcaci\u00f3n no es del propietario del amarre al que va a entrar, ser\u00e1 necesario una Autorizaci\u00f3n por parte del propietario donde se indique el per\u00edodo de estancia de la embarcaci\u00f3n.<\/b><\/li>\n<\/ul>\n<p>[\/vc_column_text][\/vc_column][vc_column width=\u00a0\u00bb1\/2&Prime;][vc_empty_space height=\u00a0\u00bb155px\u00a0\u00bb image_repeat=\u00a0\u00bbno-repeat\u00a0\u00bb][vc_separator type=\u00a0\u00bbtransparent\u00a0\u00bb up=\u00a0\u00bb35&Prime; up_style=\u00a0\u00bbpx\u00a0\u00bb down=\u00a0\u00bb0&Prime; down_style=\u00a0\u00bbpx\u00a0\u00bb][vc_column_text]Para un mejor funcionamiento del puerto, Marina Nou Fontana va a estar vigilante en el cumplimiento de unas\u00a0<b>normas b\u00e1sicas<\/b>, que le recordamos a continuaci\u00f3n:<\/p>\n<p>&nbsp;<\/p>\n<ul>\n<li><span style=\"color: #33cccc;\"><b>Para la entrada de embarcaciones, ser\u00e1 necesario:<\/b><\/span>\n<ul>\n<li>Que Marina Nou Fontana tenga en el archivo copia de toda la documentaci\u00f3n arriba mencionada.<\/li>\n<li>Que el amarrista est\u00e9 al d\u00eda en sus obligaciones de pago con Marina Nou Fontana.<\/li>\n<li>Firma de la Hoja de Entrada de embarcaciones.<\/li>\n<\/ul>\n<\/li>\n<\/ul>\n<p>&nbsp;<\/p>\n<ul>\n<li><span style=\"color: #33cccc;\"><b>Para la salida de embarcaciones, ser\u00e1 necesario:<\/b><\/span>\n<ul>\n<li>Que el amarrista est\u00e9 al d\u00eda en sus obligaciones de pago con Marina Nou Fontana.<\/li>\n<li>Si alguna empresa n\u00e1utica realiza la salida de la embarcaci\u00f3n, una Autorizaci\u00f3n por parte del propietario del barco hacia la empresa n\u00e1utica.<\/li>\n<li>Firma de la Hoja de Salida de embarcaciones.<\/li>\n<\/ul>\n<\/li>\n<\/ul>\n<p>&nbsp;<\/p>\n<p>Aseg\u00farese por favor, que\u00a0<span style=\"color: #33cccc;\"><b>antes de cada entrada o salida de su embarcaci\u00f3n, se cumpla con los requisitos<\/b><\/span>\u00a0arriba mencionados.<\/p>\n<p>&nbsp;<\/p>\n<p>Entendemos que el cumplimiento de esta normativa es muy importante para\u00a0<span style=\"color: #33cccc;\"><b>el buen funcionamiento del puerto y por ello le pedimos su colaboraci\u00f3n<\/b><\/span>.<\/p>\n<p>&nbsp;<\/p>\n<p>Cualquier duda o aclaraci\u00f3n estaremos encantados de atenderle.[\/vc_column_text][\/vc_column][\/vc_row][vc_row row_type=\u00a0\u00bbrow\u00a0\u00bb use_row_as_full_screen_section=\u00a0\u00bbno\u00a0\u00bb type=\u00a0\u00bbfull_width\u00a0\u00bb text_align=\u00a0\u00bbleft\u00a0\u00bb box_shadow_on_row=\u00a0\u00bbno\u00a0\u00bb][vc_column][vc_empty_space height=\u00a0\u00bb20px\u00a0\u00bb image_repeat=\u00a0\u00bbno-repeat\u00a0\u00bb][\/vc_column][\/vc_row]<\/p>\n<\/div>","protected":false},"excerpt":{"rendered":"<p>[vc_row row_type=\u00a0\u00bbrow\u00a0\u00bb use_row_as_full_screen_section=\u00a0\u00bbno\u00a0\u00bb type=\u00a0\u00bbfull_width\u00a0\u00bb text_align=\u00a0\u00bbleft\u00a0\u00bb box_shadow_on_row=\u00a0\u00bbno\u00a0\u00bb][vc_column][vc_empty_space height=\u00a0\u00bb20px\u00a0\u00bb image_repeat=\u00a0\u00bbno-repeat\u00a0\u00bb][\/vc_column][\/vc_row][vc_row row_type=\u00a0\u00bbrow\u00a0\u00bb use_row_as_full_screen_section=\u00a0\u00bbno\u00a0\u00bb type=\u00a0\u00bbgrid\u00a0\u00bb text_align=\u00a0\u00bbleft\u00a0\u00bb padding_top=\u00a0\u00bb80&Prime; padding_bottom=\u00a0\u00bb50&Prime; box_shadow_on_row=\u00a0\u00bbno\u00a0\u00bb][vc_column width=\u00a0\u00bb1\/2&Prime; offset=\u00a0\u00bbvc_col-lg-6 vc_col-md-6 vc_col-xs-12&Prime;][vc_empty_space height=\u00a0\u00bb20px\u00a0\u00bb image_repeat=\u00a0\u00bbno-repeat\u00a0\u00bb][vc_text_separator title=\u00a0\u00bb\u00a0\u00bb text_in_box=\u00a0\u00bbno\u00a0\u00bb text_position=\u00a0\u00bbleft\u00a0\u00bb box_padding=\u00a0\u00bb0&Prime; line_color=\u00a0\u00bb#0a0a0a\u00a0\u00bb line_width=\u00a0\u00bb43&Prime; animation=\u00a0\u00bbdefault\u00a0\u00bb line_thickness=\u00a0\u00bb1&Prime; line_border_style=\u00a0\u00bbsolid\u00a0\u00bb up=\u00a0\u00bb5&Prime; down=\u00a0\u00bb4&Prime; line_dots=\u00a0\u00bbno\u00a0\u00bb][vc_column_text] \u00a0 01 [\/vc_column_text][vc_text_separator title=\u00a0\u00bb\u00a0\u00bb text_in_box=\u00a0\u00bbno\u00a0\u00bb text_position=\u00a0\u00bbleft\u00a0\u00bb box_padding=\u00a0\u00bb0&Prime; line_color=\u00a0\u00bb#0a0a0a\u00a0\u00bb line_width=\u00a0\u00bb43&Prime; animation=\u00a0\u00bbdefault\u00a0\u00bb line_thickness=\u00a0\u00bb1&Prime; line_border_style=\u00a0\u00bbsolid\u00a0\u00bb&#8230;<\/p>\n","protected":false},"author":1,"featured_media":0,"parent":0,"menu_order":0,"comment_status":"closed","ping_status":"closed","template":"","meta":{"footnotes":""},"class_list":["post-5407","page","type-page","status-publish","hentry"],"_links":{"self":[{"href":"https:\/\/marinanoufontana.es\/fr\/wp-json\/wp\/v2\/pages\/5407","targetHints":{"allow":["GET"]}}],"collection":[{"href":"https:\/\/marinanoufontana.es\/fr\/wp-json\/wp\/v2\/pages"}],"about":[{"href":"https:\/\/marinanoufontana.es\/fr\/wp-json\/wp\/v2\/types\/page"}],"author":[{"embeddable":true,"href":"https:\/\/marinanoufontana.es\/fr\/wp-json\/wp\/v2\/users\/1"}],"replies":[{"embeddable":true,"href":"https:\/\/marinanoufontana.es\/fr\/wp-json\/wp\/v2\/comments?post=5407"}],"version-history":[{"count":17,"href":"https:\/\/marinanoufontana.es\/fr\/wp-json\/wp\/v2\/pages\/5407\/revisions"}],"predecessor-version":[{"id":349025,"href":"https:\/\/marinanoufontana.es\/fr\/wp-json\/wp\/v2\/pages\/5407\/revisions\/349025"}],"wp:attachment":[{"href":"https:\/\/marinanoufontana.es\/fr\/wp-json\/wp\/v2\/media?parent=5407"}],"curies":[{"name":"wp","href":"https:\/\/api.w.org\/{rel}","templated":true}]}}