{"id":734,"date":"2013-04-01T15:37:54","date_gmt":"2013-04-01T15:37:54","guid":{"rendered":"http:\/\/www.kriesi.at\/themes\/enfold\/?page_id=734"},"modified":"2016-05-08T16:41:31","modified_gmt":"2016-05-08T16:41:31","slug":"homepage","status":"publish","type":"page","link":"https:\/\/marinanoufontana.es\/fr\/homepage\/","title":{"rendered":"Inicio temporal"},"content":{"rendered":"<div class=\"wpb-content-wrapper\"><p>[vc_row row_type=\u00a0\u00bbrow\u00a0\u00bb use_row_as_full_screen_section=\u00a0\u00bbno\u00a0\u00bb type=\u00a0\u00bbfull_width\u00a0\u00bb text_align=\u00a0\u00bbleft\u00a0\u00bb box_shadow_on_row=\u00a0\u00bbno\u00a0\u00bb][vc_column][vc_column_text]<img loading=\"lazy\" decoding=\"async\" class=\"wp-image-5491 aligncenter\" src=\"http:\/\/marinanoufontana.es\/wp-content\/uploads\/2016\/02\/LOGO-MARINA-NOU-FONTANA.png\" alt=\"LOGO-MARINA-NOU-FONTANA\" width=\"264\" height=\"116\" \/><\/p>\n<h5 style=\"text-align: center;\">[vc_separator type=\u00a0\u00bbtransparent\u00a0\u00bb position=\u00a0\u00bbcenter\u00a0\u00bb color=\u00a0\u00bb\u00a0\u00bb border_style=\u00a0\u00bbdashed\u00a0\u00bb width=\u00a0\u00bb\u00a0\u00bb thickness=\u00a0\u00bb\u00a0\u00bb up=\u00a0\u00bb\u00a0\u00bb down=\u00a0\u00bb15&Prime;]ESTADO DE AVANCE DE LAS OBRAS DE ADECUACI\u00d3N<br \/>\nWeb en desarrollo<\/h5>\n<p>[\/vc_column_text][vc_empty_space image_repeat=\u00a0\u00bbno-repeat\u00a0\u00bb][\/vc_column][\/vc_row][vc_row row_type=\u00a0\u00bbrow\u00a0\u00bb use_row_as_full_screen_section=\u00a0\u00bbno\u00a0\u00bb type=\u00a0\u00bbfull_width\u00a0\u00bb text_align=\u00a0\u00bbleft\u00a0\u00bb box_shadow_on_row=\u00a0\u00bbno\u00a0\u00bb][vc_column css=\u00a0\u00bb.vc_custom_1456776073258{margin-left: 20px !important;}\u00a0\u00bb][vc_column_text]<\/p>\n<h6 style=\"text-align: center;\">FASE 1: 2015-2016 (datos 2 mayo 2016)<\/h6>\n<p>[\/vc_column_text][vc_empty_space image_repeat=\u00a0\u00bbno-repeat\u00a0\u00bb][vc_row_inner row_type=\u00a0\u00bbrow\u00a0\u00bb type=\u00a0\u00bbfull_width\u00a0\u00bb use_row_as_full_screen_section_slide=\u00a0\u00bbno\u00a0\u00bb text_align=\u00a0\u00bbleft\u00a0\u00bb box_shadow_on_row=\u00a0\u00bbno\u00a0\u00bb][vc_column_inner width=\u00a0\u00bb1\/3&Prime;]<div class=\"eltd_pie_chart_holder\"><div class=\"eltd_percentage\" data-alignment=\"\" data-percent=\"100\" data-linewidth=\"\" data-size=\"150\" data-active=\"#dd3333\" data-noactive=\"#e5e5e5\"><h4 class=\"pie_title\">Dragados 100%<\/h4><\/div><div class=\"pie_chart_text without_title\" ><\/div><\/div><div class=\"eltd_pie_chart_holder\"><div class=\"eltd_percentage\" data-alignment=\"\" data-percent=\"36\" data-linewidth=\"\" data-size=\"150\" data-active=\"#dd3333\" data-noactive=\"#e5e5e5\"><h4 class=\"pie_title\">Vallados 36%<\/h4><\/div><div class=\"pie_chart_text without_title\" ><\/div><\/div><div class=\"eltd_pie_chart_holder\"><div class=\"eltd_percentage\" data-alignment=\"\" data-percent=\"36\" data-linewidth=\"\" data-size=\"150\" data-active=\"#dd3333\" data-noactive=\"#e5e5e5\"><h4 class=\"pie_title\">Mob. urbano 36%<\/h4><\/div><div class=\"pie_chart_text without_title\" ><\/div><\/div>[\/vc_column_inner][vc_column_inner width=\u00a0\u00bb1\/3&Prime;]<div class=\"eltd_pie_chart_holder\"><div class=\"eltd_percentage\" data-alignment=\"\" data-percent=\"98\" data-linewidth=\"\" data-size=\"150\" data-active=\"#dd3333\" data-noactive=\"#e5e5e5\"><h4 class=\"pie_title\">Mov. tierras 98%<\/h4><\/div><div class=\"pie_chart_text without_title\" ><\/div><\/div><div class=\"eltd_pie_chart_holder\"><div class=\"eltd_percentage\" data-alignment=\"\" data-percent=\"78\" data-linewidth=\"\" data-size=\"150\" data-active=\"#dd3333\" data-noactive=\"#e5e5e5\"><h4 class=\"pie_title\">Instal. 78%<\/h4><\/div><div class=\"pie_chart_text without_title\" ><\/div><\/div><div class=\"eltd_pie_chart_holder\"><div class=\"eltd_percentage\" data-alignment=\"\" data-percent=\"0\" data-linewidth=\"\" data-size=\"150\" data-active=\"#dd3333\" data-noactive=\"#e5e5e5\"><h4 class=\"pie_title\">Escolleras 0%<\/h4><\/div><div class=\"pie_chart_text without_title\" ><\/div><\/div>[\/vc_column_inner][vc_column_inner width=\u00a0\u00bb1\/3&Prime;]<div class=\"eltd_pie_chart_holder\"><div class=\"eltd_percentage\" data-alignment=\"\" data-percent=\"99\" data-linewidth=\"\" data-size=\"150\" data-active=\"#dd3333\" data-noactive=\"#e5e5e5\"><h4 class=\"pie_title\">Muelles 99%<\/h4><\/div><div class=\"pie_chart_text without_title\" ><\/div><\/div><div class=\"eltd_pie_chart_holder\"><div class=\"eltd_percentage\" data-alignment=\"\" data-percent=\"100\" data-linewidth=\"\" data-size=\"150\" data-active=\"#dd3333\" data-noactive=\"#e5e5e5\"><h4 class=\"pie_title\">Atraques 100%<\/h4><\/div><div class=\"pie_chart_text without_title\" ><\/div><\/div>[\/vc_column_inner][\/vc_row_inner][vc_empty_space image_repeat=\u00a0\u00bbno-repeat\u00a0\u00bb][vc_empty_space image_repeat=\u00a0\u00bbno-repeat\u00a0\u00bb][vc_row_inner row_type=\u00a0\u00bbrow\u00a0\u00bb type=\u00a0\u00bbfull_width\u00a0\u00bb use_row_as_full_screen_section_slide=\u00a0\u00bbno\u00a0\u00bb text_align=\u00a0\u00bbleft\u00a0\u00bb box_shadow_on_row=\u00a0\u00bbno\u00a0\u00bb][vc_column_inner width=\u00a0\u00bb2\/3&Prime;]<div class=\"latest_post_holder  image_in_box \"><ul class='post_list'><li class=\"clearfix\" ><div class=\"box_padding_border\"><div class=\"latest_post\" ><div class=\"latest_post_image clearfix\"><a href=\"https:\/\/marinanoufontana.es\/fr\/asoc-emp-arenal-feb-2020-2\/\"><img loading=\"lazy\" decoding=\"async\" width=\"80\" height=\"80\" src=\"https:\/\/marinanoufontana.es\/wp-content\/uploads\/2020\/07\/CONECTED-BOAT-MNF-80x80.png\" class=\"attachment-thumbnail size-thumbnail wp-post-image\" alt=\"\" srcset=\"https:\/\/marinanoufontana.es\/wp-content\/uploads\/2020\/07\/CONECTED-BOAT-MNF-80x80.png 80w, https:\/\/marinanoufontana.es\/wp-content\/uploads\/2020\/07\/CONECTED-BOAT-MNF-550x550.png 550w\" sizes=\"auto, (max-width: 80px) 100vw, 80px\" \/><\/a><\/div><div class=\"latest_post_text\"><div class=\"latest_post_title_holder\"><h5 class=\"latest_post_title \" ><span class=\"date\" >18 Jul <\/span><a href=\"https:\/\/marinanoufontana.es\/fr\/asoc-emp-arenal-feb-2020-2\/\" style = \"\">MARINA NOU FONTANA &#8211; COLABORACION CON LA EMPRESA CONNECTED BOAT<\/a><\/h5><\/div><p class=\"excerpt\" >18-07-20. Este Domingo 19 de julio, los responsables de la empresa Connected Boat van a estar visitando nuestras instalaciones, es una buena oportunidad para los que estais interesados en este producto informaros y preguntarles cualquier duda que tengais. \u00c0 Marina Nou Fontana, nous voulons continuer......<\/p><div class=\"post_info_section\" ><div class=\"latest_post_comments\"> <a  class=\"post_comments\" href=\"https:\/\/marinanoufontana.es\/fr\/asoc-emp-arenal-feb-2020-2\/#respond\">No comment<\/a><\/div><div class=\"latest_post_categories\"> in <a  href=\"https:\/\/marinanoufontana.es\/fr\/category\/obras\/\">obras <\/a> <\/div><div class=\"latest_post_author\"><span >by<\/span> <a class=\"post_author_link\" href=\"https:\/\/marinanoufontana.es\/fr\/author\/marinanoufontana\/\"><span  >Marina Nou Fontana<\/span><\/a><\/div><\/div><\/div><\/div><\/div><\/li><li class=\"clearfix\" ><div class=\"box_padding_border\"><div class=\"latest_post\" ><div class=\"latest_post_image clearfix\"><a href=\"https:\/\/marinanoufontana.es\/fr\/asoc-emp-arenal-feb-2020\/\"><img loading=\"lazy\" decoding=\"async\" width=\"80\" height=\"80\" src=\"https:\/\/marinanoufontana.es\/wp-content\/uploads\/2020\/02\/FOTO-Junta-directiva-Asociacion-Arenal-80x80.jpg\" class=\"attachment-thumbnail size-thumbnail wp-post-image\" alt=\"\" srcset=\"https:\/\/marinanoufontana.es\/wp-content\/uploads\/2020\/02\/FOTO-Junta-directiva-Asociacion-Arenal-80x80.jpg 80w, https:\/\/marinanoufontana.es\/wp-content\/uploads\/2020\/02\/FOTO-Junta-directiva-Asociacion-Arenal-500x502.jpg 500w\" sizes=\"auto, (max-width: 80px) 100vw, 80px\" \/><\/a><\/div><div class=\"latest_post_text\"><div class=\"latest_post_title_holder\"><h5 class=\"latest_post_title \" ><span class=\"date\" >06 Feb <\/span><a href=\"https:\/\/marinanoufontana.es\/fr\/asoc-emp-arenal-feb-2020\/\" style = \"\">MARINA NOU FONTANA entra en la junta de la nueva Agrupaci\u00f3n de Empresarios del Arenal de J\u00e1vea.<\/a><\/h5><\/div><p class=\"excerpt\" >02-02-19. \u00bfQuienes somos? Somos un grupo de comerciantes y empresas que tienen diferentes tipos de actividades, establecimientos comerciales, hosteleros, clubs deportivos, etc. en diferentes espacios del \u00e1rea urbano comercial de la Playa del Arenal de J\u00e1vea. Representamos los diferentes sectores econ\u00f3micos y establecimientos de toda......<\/p><div class=\"post_info_section\" ><div class=\"latest_post_comments\"> <a  class=\"post_comments\" href=\"https:\/\/marinanoufontana.es\/fr\/asoc-emp-arenal-feb-2020\/#respond\">No comment<\/a><\/div><div class=\"latest_post_categories\"> in <a  href=\"https:\/\/marinanoufontana.es\/fr\/category\/obras\/\">obras <\/a> <\/div><div class=\"latest_post_author\"><span >by<\/span> <a class=\"post_author_link\" href=\"https:\/\/marinanoufontana.es\/fr\/author\/marinanoufontana\/\"><span  >Marina Nou Fontana<\/span><\/a><\/div><\/div><\/div><\/div><\/div><\/li><li class=\"clearfix\" ><div class=\"box_padding_border\"><div class=\"latest_post\" ><div class=\"latest_post_image clearfix\"><a href=\"https:\/\/marinanoufontana.es\/fr\/seaweekend-2019\/\"><img loading=\"lazy\" decoding=\"async\" width=\"80\" height=\"80\" src=\"https:\/\/marinanoufontana.es\/wp-content\/uploads\/2019\/02\/SeaWkend2_cartel-03-80x80.jpg\" class=\"attachment-thumbnail size-thumbnail wp-post-image\" alt=\"\" srcset=\"https:\/\/marinanoufontana.es\/wp-content\/uploads\/2019\/02\/SeaWkend2_cartel-03-80x80.jpg 80w, https:\/\/marinanoufontana.es\/wp-content\/uploads\/2019\/02\/SeaWkend2_cartel-03-550x550.jpg 550w, https:\/\/marinanoufontana.es\/wp-content\/uploads\/2019\/02\/SeaWkend2_cartel-03-1000x1000.jpg 1000w\" sizes=\"auto, (max-width: 80px) 100vw, 80px\" \/><\/a><\/div><div class=\"latest_post_text\"><div class=\"latest_post_title_holder\"><h5 class=\"latest_post_title \" ><span class=\"date\" >02 Feb <\/span><a href=\"https:\/\/marinanoufontana.es\/fr\/seaweekend-2019\/\" style = \"\">Comienza la cuenta atr\u00e1s para la Sea Weekend X\u00e0bia<\/a><\/h5><\/div><p class=\"excerpt\" >02-02-19. \ud83d\udce3 \u00a1Comienza la cuenta atr\u00e1s para la celebraci\u00f3n de la II Feria N\u00e1utica de J\u00e1vea! \ud83d\udce3 Se celebrar\u00e1 en Marina Nou Fontana, una ubicaci\u00f3n privilegiada, en el mismo centro del puerto, durante los d\u00edas 13 y 14 de abril de 2019. \ud83d\udccc\u00a1Apuntalo en tu......<\/p><div class=\"post_info_section\" ><div class=\"latest_post_comments\"> <a  class=\"post_comments\" href=\"https:\/\/marinanoufontana.es\/fr\/seaweekend-2019\/#respond\">No comment<\/a><\/div><div class=\"latest_post_categories\"> in <a  href=\"https:\/\/marinanoufontana.es\/fr\/category\/obras\/\">obras <\/a> <\/div><div class=\"latest_post_author\"><span >by<\/span> <a class=\"post_author_link\" href=\"https:\/\/marinanoufontana.es\/fr\/author\/marinanoufontana\/\"><span  >Marina Nou Fontana<\/span><\/a><\/div><\/div><\/div><\/div><\/div><\/li><li class=\"clearfix\" ><div class=\"box_padding_border\"><div class=\"latest_post\" ><div class=\"latest_post_image clearfix\"><a href=\"https:\/\/marinanoufontana.es\/fr\/mnf-estreno-2018\/\"><img loading=\"lazy\" decoding=\"async\" width=\"80\" height=\"80\" src=\"https:\/\/marinanoufontana.es\/wp-content\/uploads\/2017\/07\/Bebop2_201707041252060200-80x80.jpg\" class=\"attachment-thumbnail size-thumbnail wp-post-image\" alt=\"\" srcset=\"https:\/\/marinanoufontana.es\/wp-content\/uploads\/2017\/07\/Bebop2_201707041252060200-80x80.jpg 80w, https:\/\/marinanoufontana.es\/wp-content\/uploads\/2017\/07\/Bebop2_201707041252060200-550x550.jpg 550w, https:\/\/marinanoufontana.es\/wp-content\/uploads\/2017\/07\/Bebop2_201707041252060200-1000x1000.jpg 1000w\" sizes=\"auto, (max-width: 80px) 100vw, 80px\" \/><\/a><\/div><div class=\"latest_post_text\"><div class=\"latest_post_title_holder\"><h5 class=\"latest_post_title \" ><span class=\"date\" >16 Nov <\/span><a href=\"https:\/\/marinanoufontana.es\/fr\/mnf-estreno-2018\/\" style = \"\">En Marina Nou Fontana hemos estado de estreno este verano 2018<\/a><\/h5><\/div><p class=\"excerpt\" >16-11 -18. Despu\u00e9s de un gran esfuerzo por terminar un proyecto ambicioso como era la remodelaci\u00f3n y puesta en marcha del nuevo puerto \u00ab\u00a0Marina Nou Fontana &#8211; J\u00e1vea\u00a0\u00bb, por fin este verano podemos decir que el puerto ha quedado finalmente terminado y estamos a pleno......<\/p><div class=\"post_info_section\" ><div class=\"latest_post_comments\"> <a  class=\"post_comments\" href=\"https:\/\/marinanoufontana.es\/fr\/mnf-estreno-2018\/#respond\">No comment<\/a><\/div><div class=\"latest_post_categories\"> in <a  href=\"https:\/\/marinanoufontana.es\/fr\/category\/obras\/\">obras <\/a> <\/div><div class=\"latest_post_author\"><span >by<\/span> <a class=\"post_author_link\" href=\"https:\/\/marinanoufontana.es\/fr\/author\/marinanoufontana\/\"><span  >Marina Nou Fontana<\/span><\/a><\/div><\/div><\/div><\/div><\/div><\/li><li class=\"clearfix\" ><div class=\"box_padding_border\"><div class=\"latest_post\" ><div class=\"latest_post_image clearfix\"><a href=\"https:\/\/marinanoufontana.es\/fr\/avance-de-las-obras-en-el-canal-de-la-fontana-20-de-junio-2017-2\/\"><img loading=\"lazy\" decoding=\"async\" width=\"80\" height=\"80\" src=\"https:\/\/marinanoufontana.es\/wp-content\/uploads\/2017\/06\/WhatsApp-Image-2017-06-20-at-12.05.571-80x80.jpeg\" class=\"attachment-thumbnail size-thumbnail wp-post-image\" alt=\"\" srcset=\"https:\/\/marinanoufontana.es\/wp-content\/uploads\/2017\/06\/WhatsApp-Image-2017-06-20-at-12.05.571-80x80.jpeg 80w, https:\/\/marinanoufontana.es\/wp-content\/uploads\/2017\/06\/WhatsApp-Image-2017-06-20-at-12.05.571-550x550.jpeg 550w, https:\/\/marinanoufontana.es\/wp-content\/uploads\/2017\/06\/WhatsApp-Image-2017-06-20-at-12.05.571-1000x1000.jpeg 1000w\" sizes=\"auto, (max-width: 80px) 100vw, 80px\" \/><\/a><\/div><div class=\"latest_post_text\"><div class=\"latest_post_title_holder\"><h5 class=\"latest_post_title \" ><span class=\"date\" >20 Jun <\/span><a href=\"https:\/\/marinanoufontana.es\/fr\/avance-de-las-obras-en-el-canal-de-la-fontana-20-de-junio-2017-2\/\" style = \"\">Avance de las obras en el Canal de la Fontana &#8211; 20 de Junio 2017<\/a><\/h5><\/div><p class=\"excerpt\" >20-06 -17. \u00ab\u00a0Avance de la Segunda Fase de las obras de remodelaci\u00f3n del Canal de la Fontana. Seguidamente pueden ver los trabajos acometidos esta primera quincena de Junio de 2017. Continuamos con los remates finales del edificio de servicios en la zona de rampa. Las......<\/p><div class=\"post_info_section\" ><div class=\"latest_post_comments\"> <a  class=\"post_comments\" href=\"https:\/\/marinanoufontana.es\/fr\/avance-de-las-obras-en-el-canal-de-la-fontana-20-de-junio-2017-2\/#comments\">1 Comment<\/a><\/div><div class=\"latest_post_categories\"> in <a  href=\"https:\/\/marinanoufontana.es\/fr\/category\/obras\/\">obras <\/a> <\/div><div class=\"latest_post_author\"><span >by<\/span> <a class=\"post_author_link\" href=\"https:\/\/marinanoufontana.es\/fr\/author\/marinanoufontana\/\"><span  >Marina Nou Fontana<\/span><\/a><\/div><\/div><\/div><\/div><\/div><\/li><\/ul><\/div>[\/vc_column_inner][vc_column_inner width=\u00a0\u00bb1\/3&Prime;][\/vc_column_inner][\/vc_row_inner][\/vc_column][\/vc_row][vc_row row_type=\u00a0\u00bbrow\u00a0\u00bb use_row_as_full_screen_section=\u00a0\u00bbno\u00a0\u00bb type=\u00a0\u00bbfull_width\u00a0\u00bb text_align=\u00a0\u00bbleft\u00a0\u00bb box_shadow_on_row=\u00a0\u00bbno\u00a0\u00bb][vc_column width=\u00a0\u00bb1\/2&Prime; css=\u00a0\u00bb.vc_custom_1456777798945{margin-left: 40px !important;padding-top: 20px !important;padding-right: 20px !important;padding-bottom: 20px !important;padding-left: 20px !important;border-radius: 3px !important;}\u00a0\u00bb][vc_column_text]<\/p>\n<h6 style=\"text-align: center;\">CONTACTE CON NOSOTROS<\/h6>\n<p>[\/vc_column_text][vc_column_text]<strong>Tel\u00e9fonos:<\/strong><\/p>\n<ul>\n<li>Oficinas Centrales en Valencia 96 334 05 00<\/li>\n<li>Bernardo Ferrandis 645 11 27 78 RESPONSABLE DE ATENCI\u00d3N AL CLIENTE<\/li>\n<li>David Burriel 639 97 96 19 DIRECTOR DE EXPLOTACI\u00d3N<\/li>\n<li>Juan Fontes 629 08 10 29 GERENTE<\/li>\n<li>Ricardo Burriel 610 95 24 65 DIRECTOR COMERCIAL<\/li>\n<li>606 72 30 95 &#8211; 616 28 87 25 MARINER\u00cdA<\/li>\n<\/ul>\n<p><strong>E-mail:<\/strong> <a href=\"mailto:informacion@marinanoufontana.com\">informacion<\/a><a href=\"mailto:informacion@marinanoufontana.com\">@marinanoufontana.com<\/a><\/p>\n<p><strong>Oficinas:<\/strong> Calle Burdeos 2, 03730 J\u00e1vea. Abiertas todos los d\u00edas, de 09:30-14:00 y de 16:30-20:00, excepto Domingos y festivos que permanecer\u00e1n cerradas.[\/vc_column_text][\/vc_column][vc_column width=\u00a0\u00bb1\/2&Prime;][\/vc_column][\/vc_row][vc_row row_type=\u00a0\u00bbrow\u00a0\u00bb use_row_as_full_screen_section=\u00a0\u00bbno\u00a0\u00bb type=\u00a0\u00bbfull_width\u00a0\u00bb text_align=\u00a0\u00bbleft\u00a0\u00bb box_shadow_on_row=\u00a0\u00bbno\u00a0\u00bb][vc_column][vc_empty_space height=\u00a0\u00bb50&Prime; image_repeat=\u00a0\u00bbno-repeat\u00a0\u00bb][\/vc_column][\/vc_row]<\/p>\n<\/div>","protected":false},"excerpt":{"rendered":"<p>This is a Page excerpt. It will be displayed for search results<\/p>\n","protected":false},"author":1,"featured_media":0,"parent":0,"menu_order":0,"comment_status":"open","ping_status":"closed","template":"landing_page.php","meta":{"footnotes":""},"class_list":["post-734","page","type-page","status-publish","hentry"],"_links":{"self":[{"href":"https:\/\/marinanoufontana.es\/fr\/wp-json\/wp\/v2\/pages\/734","targetHints":{"allow":["GET"]}}],"collection":[{"href":"https:\/\/marinanoufontana.es\/fr\/wp-json\/wp\/v2\/pages"}],"about":[{"href":"https:\/\/marinanoufontana.es\/fr\/wp-json\/wp\/v2\/types\/page"}],"author":[{"embeddable":true,"href":"https:\/\/marinanoufontana.es\/fr\/wp-json\/wp\/v2\/users\/1"}],"replies":[{"embeddable":true,"href":"https:\/\/marinanoufontana.es\/fr\/wp-json\/wp\/v2\/comments?post=734"}],"version-history":[{"count":122,"href":"https:\/\/marinanoufontana.es\/fr\/wp-json\/wp\/v2\/pages\/734\/revisions"}],"predecessor-version":[{"id":349957,"href":"https:\/\/marinanoufontana.es\/fr\/wp-json\/wp\/v2\/pages\/734\/revisions\/349957"}],"wp:attachment":[{"href":"https:\/\/marinanoufontana.es\/fr\/wp-json\/wp\/v2\/media?parent=734"}],"curies":[{"name":"wp","href":"https:\/\/api.w.org\/{rel}","templated":true}]}}